{"id":7097,"date":"2023-11-23T23:06:37","date_gmt":"2023-11-23T23:06:37","guid":{"rendered":"https:\/\/visitazipolite.com\/product\/funda-clasica-para-iphone\/"},"modified":"2023-11-23T23:08:45","modified_gmt":"2023-11-23T23:08:45","slug":"funda-clasica-para-iphone","status":"publish","type":"product","link":"https:\/\/visitazipolite.com\/en\/product\/funda-clasica-para-iphone\/","title":{"rendered":"Funda cl\u00e1sica para iPhone\u00ae"},"content":{"rendered":"<p>Esta funda de m\u00f3vil premium es ideal para los m\u00e1s minimalistas. Es elegante y ligera, pero mantendr\u00e1 tu tel\u00e9fono protegido en todo momento.<br \/>\n\u2022 Fabricada con policarbonato (PC)<br \/>\n\u2022 Compatible con carga inal\u00e1mbrica<br \/>\n\u2022 Orificios para puertos perfectamente alineados<br \/>\n\u2022 Producto base procedente de Corea del Sur<\/p>\n<p>Aviso: Mant\u00e9n este producto alejado de l\u00edquidos con altos niveles de alcohol, ya que los dise\u00f1os impresos podr\u00edan borrarse. Asimismo, mantenlo alejado de la luz solar directa para evitar que amarillee.<br \/>\nImportante: Este producto s\u00f3lo est\u00e1 disponible en Europa, Reino Unido, Estados Unidos, Canad\u00e1, Australia y Nueva Zelanda. Escoge otro producto si tu direcci\u00f3n de env\u00edo est\u00e1 fuera de estas regiones.<\/p>\n<p><span style='color: #F7B500'>&#9888;<\/span> <b>Atenci\u00f3n:<\/b> \u00a1Advertencia! Este producto puede exponerte a qu\u00edmicos como el bisfenol A (BPA), conocido en el estado de California por causar anomal\u00edas cong\u00e9nitas y otros da\u00f1os reproductivos. Para m\u00e1s informaci\u00f3n, visita <a href=\"https:\/\/www.p65warnings.ca.gov\" target=\"_blank\" rel=\"noopener\">https:\/\/www.p65warnings.ca.gov<\/a><\/p>","protected":false},"excerpt":{"rendered":"<p>Esta funda de m\u00f3vil premium es ideal para los m\u00e1s minimalistas. Es elegante y ligera, pero mantendr\u00e1 tu tel\u00e9fono protegido en todo momento. \u2022 Fabricada con policarbonato (PC) \u2022 Compatible con carga inal\u00e1mbrica \u2022 Orificios para puertos perfectamente alineados \u2022 Producto base procedente de Corea del Sur Aviso: Mant\u00e9n este producto alejado de l\u00edquidos con [&hellip;]<\/p>\n","protected":false},"featured_media":7136,"comment_status":"open","ping_status":"closed","template":"","meta":[],"product_brand":[],"product_cat":[95],"product_tag":[],"class_list":{"0":"post-7097","1":"product","2":"type-product","3":"status-publish","4":"has-post-thumbnail","6":"product_cat-accesorios","8":"first","9":"instock","10":"shipping-taxable","11":"purchasable","12":"product-type-variable"},"yoast_head":"<!-- This site is optimized with the Yoast SEO plugin v26.9 - https:\/\/yoast.com\/product\/yoast-seo-wordpress\/ -->\n<title>Funda cl\u00e1sica para iPhone\u00ae - Visita Zipolite<\/title>\n<meta name=\"robots\" content=\"index, follow, max-snippet:-1, max-image-preview:large, max-video-preview:-1\" \/>\n<link rel=\"canonical\" href=\"https:\/\/visitazipolite.com\/en\/product\/funda-clasica-para-iphone\/\" \/>\n<meta property=\"og:locale\" content=\"en_US\" \/>\n<meta property=\"og:type\" content=\"article\" \/>\n<meta property=\"og:title\" content=\"Funda cl\u00e1sica para iPhone\u00ae - Visita Zipolite\" \/>\n<meta property=\"og:description\" content=\"Esta funda de m\u00f3vil premium es ideal para los m\u00e1s minimalistas. Es elegante y ligera, pero mantendr\u00e1 tu tel\u00e9fono protegido en todo momento. \u2022 Fabricada con policarbonato (PC) \u2022 Compatible con carga inal\u00e1mbrica \u2022 Orificios para puertos perfectamente alineados \u2022 Producto base procedente de Corea del Sur Aviso: Mant\u00e9n este producto alejado de l\u00edquidos con [&hellip;]\" \/>\n<meta property=\"og:url\" content=\"https:\/\/visitazipolite.com\/en\/product\/funda-clasica-para-iphone\/\" \/>\n<meta property=\"og:site_name\" content=\"Visita Zipolite\" \/>\n<meta property=\"article:publisher\" content=\"https:\/\/www.facebook.com\/visitazipolite\/\" \/>\n<meta property=\"article:modified_time\" content=\"2023-11-23T23:08:45+00:00\" \/>\n<meta property=\"og:image\" content=\"https:\/\/visitazipolite.com\/wp-content\/uploads\/2023\/11\/snap-case-for-iphone-glossy-iphone-15-pro-max-front-655fdaea3b89c.jpg\" \/>\n\t<meta property=\"og:image:width\" content=\"2000\" \/>\n\t<meta property=\"og:image:height\" content=\"2000\" \/>\n\t<meta property=\"og:image:type\" content=\"image\/jpeg\" \/>\n<meta name=\"twitter:card\" content=\"summary_large_image\" \/>\n<meta name=\"twitter:site\" content=\"@Visita_Zipolite\" \/>\n<meta name=\"twitter:label1\" content=\"Est. reading time\" \/>\n\t<meta name=\"twitter:data1\" content=\"1 minute\" \/>\n<!-- \/ Yoast SEO plugin. -->","yoast_head_json":{"title":"Funda cl\u00e1sica para iPhone\u00ae - Visita Zipolite","robots":{"index":"index","follow":"follow","max-snippet":"max-snippet:-1","max-image-preview":"max-image-preview:large","max-video-preview":"max-video-preview:-1"},"canonical":"https:\/\/visitazipolite.com\/en\/product\/funda-clasica-para-iphone\/","og_locale":"en_US","og_type":"article","og_title":"Funda cl\u00e1sica para iPhone\u00ae - Visita Zipolite","og_description":"Esta funda de m\u00f3vil premium es ideal para los m\u00e1s minimalistas. Es elegante y ligera, pero mantendr\u00e1 tu tel\u00e9fono protegido en todo momento. \u2022 Fabricada con policarbonato (PC) \u2022 Compatible con carga inal\u00e1mbrica \u2022 Orificios para puertos perfectamente alineados \u2022 Producto base procedente de Corea del Sur Aviso: Mant\u00e9n este producto alejado de l\u00edquidos con [&hellip;]","og_url":"https:\/\/visitazipolite.com\/en\/product\/funda-clasica-para-iphone\/","og_site_name":"Visita Zipolite","article_publisher":"https:\/\/www.facebook.com\/visitazipolite\/","article_modified_time":"2023-11-23T23:08:45+00:00","og_image":[{"width":2000,"height":2000,"url":"https:\/\/visitazipolite.com\/wp-content\/uploads\/2023\/11\/snap-case-for-iphone-glossy-iphone-15-pro-max-front-655fdaea3b89c.jpg","type":"image\/jpeg"}],"twitter_card":"summary_large_image","twitter_site":"@Visita_Zipolite","twitter_misc":{"Est. reading time":"1 minute"},"schema":{"@context":"https:\/\/schema.org","@graph":[{"@type":"WebPage","@id":"https:\/\/visitazipolite.com\/product\/funda-clasica-para-iphone\/","url":"https:\/\/visitazipolite.com\/product\/funda-clasica-para-iphone\/","name":"Funda cl\u00e1sica para iPhone\u00ae - Visita Zipolite","isPartOf":{"@id":"https:\/\/visitazipolite.com\/#website"},"primaryImageOfPage":{"@id":"https:\/\/visitazipolite.com\/product\/funda-clasica-para-iphone\/#primaryimage"},"image":{"@id":"https:\/\/visitazipolite.com\/product\/funda-clasica-para-iphone\/#primaryimage"},"thumbnailUrl":"https:\/\/visitazipolite.com\/wp-content\/uploads\/2023\/11\/snap-case-for-iphone-glossy-iphone-15-pro-max-front-655fdaea3b89c.jpg","datePublished":"2023-11-23T23:06:37+00:00","dateModified":"2023-11-23T23:08:45+00:00","breadcrumb":{"@id":"https:\/\/visitazipolite.com\/product\/funda-clasica-para-iphone\/#breadcrumb"},"inLanguage":"en-US","potentialAction":[{"@type":"ReadAction","target":["https:\/\/visitazipolite.com\/product\/funda-clasica-para-iphone\/"]}]},{"@type":"ImageObject","inLanguage":"en-US","@id":"https:\/\/visitazipolite.com\/product\/funda-clasica-para-iphone\/#primaryimage","url":"https:\/\/visitazipolite.com\/wp-content\/uploads\/2023\/11\/snap-case-for-iphone-glossy-iphone-15-pro-max-front-655fdaea3b89c.jpg","contentUrl":"https:\/\/visitazipolite.com\/wp-content\/uploads\/2023\/11\/snap-case-for-iphone-glossy-iphone-15-pro-max-front-655fdaea3b89c.jpg","width":2000,"height":2000},{"@type":"BreadcrumbList","@id":"https:\/\/visitazipolite.com\/product\/funda-clasica-para-iphone\/#breadcrumb","itemListElement":[{"@type":"ListItem","position":1,"name":"Portada","item":"https:\/\/visitazipolite.com\/"},{"@type":"ListItem","position":2,"name":"Shop","item":"https:\/\/visitazipolite.com\/shop\/"},{"@type":"ListItem","position":3,"name":"Funda cl\u00e1sica para iPhone\u00ae"}]},{"@type":"WebSite","@id":"https:\/\/visitazipolite.com\/#website","url":"https:\/\/visitazipolite.com\/","name":"Visita Zipolite","description":"Para\u00edso al Natural","publisher":{"@id":"https:\/\/visitazipolite.com\/#organization"},"potentialAction":[{"@type":"SearchAction","target":{"@type":"EntryPoint","urlTemplate":"https:\/\/visitazipolite.com\/?s={search_term_string}"},"query-input":{"@type":"PropertyValueSpecification","valueRequired":true,"valueName":"search_term_string"}}],"inLanguage":"en-US"},{"@type":"Organization","@id":"https:\/\/visitazipolite.com\/#organization","name":"Visita Zipolite","url":"https:\/\/visitazipolite.com\/","logo":{"@type":"ImageObject","inLanguage":"en-US","@id":"https:\/\/visitazipolite.com\/#\/schema\/logo\/image\/","url":"https:\/\/visitazipolite.com\/wp-content\/uploads\/2023\/01\/logo-visita-zipolite-200px.png","contentUrl":"https:\/\/visitazipolite.com\/wp-content\/uploads\/2023\/01\/logo-visita-zipolite-200px.png","width":500,"height":250,"caption":"Visita Zipolite"},"image":{"@id":"https:\/\/visitazipolite.com\/#\/schema\/logo\/image\/"},"sameAs":["https:\/\/www.facebook.com\/visitazipolite\/","https:\/\/x.com\/Visita_Zipolite","https:\/\/www.instagram.com\/visitazipolite\/"]}]}},"_links":{"self":[{"href":"https:\/\/visitazipolite.com\/en\/wp-json\/wp\/v2\/product\/7097","targetHints":{"allow":["GET"]}}],"collection":[{"href":"https:\/\/visitazipolite.com\/en\/wp-json\/wp\/v2\/product"}],"about":[{"href":"https:\/\/visitazipolite.com\/en\/wp-json\/wp\/v2\/types\/product"}],"replies":[{"embeddable":true,"href":"https:\/\/visitazipolite.com\/en\/wp-json\/wp\/v2\/comments?post=7097"}],"wp:featuredmedia":[{"embeddable":true,"href":"https:\/\/visitazipolite.com\/en\/wp-json\/wp\/v2\/media\/7136"}],"wp:attachment":[{"href":"https:\/\/visitazipolite.com\/en\/wp-json\/wp\/v2\/media?parent=7097"}],"wp:term":[{"taxonomy":"product_brand","embeddable":true,"href":"https:\/\/visitazipolite.com\/en\/wp-json\/wp\/v2\/product_brand?post=7097"},{"taxonomy":"product_cat","embeddable":true,"href":"https:\/\/visitazipolite.com\/en\/wp-json\/wp\/v2\/product_cat?post=7097"},{"taxonomy":"product_tag","embeddable":true,"href":"https:\/\/visitazipolite.com\/en\/wp-json\/wp\/v2\/product_tag?post=7097"}],"curies":[{"name":"wp","href":"https:\/\/api.w.org\/{rel}","templated":true}]}}