{"id":7083,"date":"2023-11-23T23:04:45","date_gmt":"2023-11-23T23:04:45","guid":{"rendered":"https:\/\/visitazipolite.com\/product\/camiseta-de-manga-corta-unisex\/"},"modified":"2023-11-23T23:05:08","modified_gmt":"2023-11-23T23:05:08","slug":"camiseta-de-manga-corta-unisex","status":"publish","type":"product","link":"https:\/\/visitazipolite.com\/en\/product\/camiseta-de-manga-corta-unisex\/","title":{"rendered":"Camiseta de manga corta unisex"},"content":{"rendered":"<p>Esta camiseta es todo lo que has so\u00f1ado y m\u00e1s. Es suave y ligera, con la cantidad justa de elasticidad. Adem\u00e1s, es c\u00f3moda y realza la figura de todo el que la lleva puesta.<\/p>\n<p>\u2022 100% algod\u00f3n peinado e hilado en anillo (los tonos Heather contiene poli\u00e9ster)<br \/>\n\u2022 Peso del tejido: 142 g\/m\u00b2 (4,2 oz\/yd\u00b2)<br \/>\n\u2022 Tela preencogida<br \/>\n\u2022 Construcci\u00f3n con costuras laterales<br \/>\n\u2022 Tapeta de hombro a hombro<br \/>\n\u2022 Producto base procedente de Nicaragua, M\u00e9xico, Honduras o EEUU<\/p>\n<p>\u2022 Trazabilidad:<br \/>\n&#8211; Tejido\u2014India, Corea del Sur<br \/>\n&#8211; Te\u00f1ido\u2014El Salvador, California<br \/>\n&#8211; Fabricaci\u00f3n: Nicaragua, M\u00e9xico, Honduras o Estados Unidos<br \/>\n\u2022 Contiene 0% de poli\u00e9ster reciclado<br \/>\n\u2022 Contiene un 0% de sustancias peligrosas<\/p>","protected":false},"excerpt":{"rendered":"<p>Esta camiseta es todo lo que has so\u00f1ado y m\u00e1s. Es suave y ligera, con la cantidad justa de elasticidad. Adem\u00e1s, es c\u00f3moda y realza la figura de todo el que la lleva puesta. \u2022 100% algod\u00f3n peinado e hilado en anillo (los tonos Heather contiene poli\u00e9ster) \u2022 Peso del tejido: 142 g\/m\u00b2 (4,2 oz\/yd\u00b2) [&hellip;]<\/p>\n","protected":false},"featured_media":7093,"comment_status":"open","ping_status":"closed","template":"","meta":[],"product_brand":[],"product_cat":[115,116,114],"product_tag":[],"class_list":{"0":"post-7083","1":"product","2":"type-product","3":"status-publish","4":"has-post-thumbnail","6":"product_cat-hombre","7":"product_cat-mujer","8":"product_cat-ropa","10":"first","11":"instock","12":"shipping-taxable","13":"purchasable","14":"product-type-variable"},"yoast_head":"<!-- This site is optimized with the Yoast SEO plugin v26.9 - https:\/\/yoast.com\/product\/yoast-seo-wordpress\/ -->\n<title>Camiseta de manga corta unisex - Visita Zipolite<\/title>\n<meta name=\"robots\" content=\"index, follow, max-snippet:-1, max-image-preview:large, max-video-preview:-1\" \/>\n<link rel=\"canonical\" href=\"https:\/\/visitazipolite.com\/en\/product\/camiseta-de-manga-corta-unisex\/\" \/>\n<meta property=\"og:locale\" content=\"en_US\" \/>\n<meta property=\"og:type\" content=\"article\" \/>\n<meta property=\"og:title\" content=\"Camiseta de manga corta unisex - Visita Zipolite\" \/>\n<meta property=\"og:description\" content=\"Esta camiseta es todo lo que has so\u00f1ado y m\u00e1s. Es suave y ligera, con la cantidad justa de elasticidad. Adem\u00e1s, es c\u00f3moda y realza la figura de todo el que la lleva puesta. \u2022 100% algod\u00f3n peinado e hilado en anillo (los tonos Heather contiene poli\u00e9ster) \u2022 Peso del tejido: 142 g\/m\u00b2 (4,2 oz\/yd\u00b2) [&hellip;]\" \/>\n<meta property=\"og:url\" content=\"https:\/\/visitazipolite.com\/en\/product\/camiseta-de-manga-corta-unisex\/\" \/>\n<meta property=\"og:site_name\" content=\"Visita Zipolite\" \/>\n<meta property=\"article:publisher\" content=\"https:\/\/www.facebook.com\/visitazipolite\/\" \/>\n<meta property=\"article:modified_time\" content=\"2023-11-23T23:05:08+00:00\" \/>\n<meta property=\"og:image\" content=\"https:\/\/visitazipolite.com\/wp-content\/uploads\/2023\/11\/unisex-staple-t-shirt-aqua-front-655fda7d4a0ab.jpg\" \/>\n\t<meta property=\"og:image:width\" content=\"2000\" \/>\n\t<meta property=\"og:image:height\" content=\"2000\" \/>\n\t<meta property=\"og:image:type\" content=\"image\/jpeg\" \/>\n<meta name=\"twitter:card\" content=\"summary_large_image\" \/>\n<meta name=\"twitter:site\" content=\"@Visita_Zipolite\" \/>\n<meta name=\"twitter:label1\" content=\"Est. reading time\" \/>\n\t<meta name=\"twitter:data1\" content=\"1 minute\" \/>\n<!-- \/ Yoast SEO plugin. -->","yoast_head_json":{"title":"Camiseta de manga corta unisex - Visita Zipolite","robots":{"index":"index","follow":"follow","max-snippet":"max-snippet:-1","max-image-preview":"max-image-preview:large","max-video-preview":"max-video-preview:-1"},"canonical":"https:\/\/visitazipolite.com\/en\/product\/camiseta-de-manga-corta-unisex\/","og_locale":"en_US","og_type":"article","og_title":"Camiseta de manga corta unisex - Visita Zipolite","og_description":"Esta camiseta es todo lo que has so\u00f1ado y m\u00e1s. Es suave y ligera, con la cantidad justa de elasticidad. Adem\u00e1s, es c\u00f3moda y realza la figura de todo el que la lleva puesta. \u2022 100% algod\u00f3n peinado e hilado en anillo (los tonos Heather contiene poli\u00e9ster) \u2022 Peso del tejido: 142 g\/m\u00b2 (4,2 oz\/yd\u00b2) [&hellip;]","og_url":"https:\/\/visitazipolite.com\/en\/product\/camiseta-de-manga-corta-unisex\/","og_site_name":"Visita Zipolite","article_publisher":"https:\/\/www.facebook.com\/visitazipolite\/","article_modified_time":"2023-11-23T23:05:08+00:00","og_image":[{"width":2000,"height":2000,"url":"https:\/\/visitazipolite.com\/wp-content\/uploads\/2023\/11\/unisex-staple-t-shirt-aqua-front-655fda7d4a0ab.jpg","type":"image\/jpeg"}],"twitter_card":"summary_large_image","twitter_site":"@Visita_Zipolite","twitter_misc":{"Est. reading time":"1 minute"},"schema":{"@context":"https:\/\/schema.org","@graph":[{"@type":"WebPage","@id":"https:\/\/visitazipolite.com\/product\/camiseta-de-manga-corta-unisex\/","url":"https:\/\/visitazipolite.com\/product\/camiseta-de-manga-corta-unisex\/","name":"Camiseta de manga corta unisex - Visita Zipolite","isPartOf":{"@id":"https:\/\/visitazipolite.com\/#website"},"primaryImageOfPage":{"@id":"https:\/\/visitazipolite.com\/product\/camiseta-de-manga-corta-unisex\/#primaryimage"},"image":{"@id":"https:\/\/visitazipolite.com\/product\/camiseta-de-manga-corta-unisex\/#primaryimage"},"thumbnailUrl":"https:\/\/visitazipolite.com\/wp-content\/uploads\/2023\/11\/unisex-staple-t-shirt-aqua-front-655fda7d4a0ab.jpg","datePublished":"2023-11-23T23:04:45+00:00","dateModified":"2023-11-23T23:05:08+00:00","breadcrumb":{"@id":"https:\/\/visitazipolite.com\/product\/camiseta-de-manga-corta-unisex\/#breadcrumb"},"inLanguage":"en-US","potentialAction":[{"@type":"ReadAction","target":["https:\/\/visitazipolite.com\/product\/camiseta-de-manga-corta-unisex\/"]}]},{"@type":"ImageObject","inLanguage":"en-US","@id":"https:\/\/visitazipolite.com\/product\/camiseta-de-manga-corta-unisex\/#primaryimage","url":"https:\/\/visitazipolite.com\/wp-content\/uploads\/2023\/11\/unisex-staple-t-shirt-aqua-front-655fda7d4a0ab.jpg","contentUrl":"https:\/\/visitazipolite.com\/wp-content\/uploads\/2023\/11\/unisex-staple-t-shirt-aqua-front-655fda7d4a0ab.jpg","width":2000,"height":2000},{"@type":"BreadcrumbList","@id":"https:\/\/visitazipolite.com\/product\/camiseta-de-manga-corta-unisex\/#breadcrumb","itemListElement":[{"@type":"ListItem","position":1,"name":"Portada","item":"https:\/\/visitazipolite.com\/"},{"@type":"ListItem","position":2,"name":"Shop","item":"https:\/\/visitazipolite.com\/shop\/"},{"@type":"ListItem","position":3,"name":"Camiseta de manga corta unisex"}]},{"@type":"WebSite","@id":"https:\/\/visitazipolite.com\/#website","url":"https:\/\/visitazipolite.com\/","name":"Visita Zipolite","description":"Para\u00edso al Natural","publisher":{"@id":"https:\/\/visitazipolite.com\/#organization"},"potentialAction":[{"@type":"SearchAction","target":{"@type":"EntryPoint","urlTemplate":"https:\/\/visitazipolite.com\/?s={search_term_string}"},"query-input":{"@type":"PropertyValueSpecification","valueRequired":true,"valueName":"search_term_string"}}],"inLanguage":"en-US"},{"@type":"Organization","@id":"https:\/\/visitazipolite.com\/#organization","name":"Visita Zipolite","url":"https:\/\/visitazipolite.com\/","logo":{"@type":"ImageObject","inLanguage":"en-US","@id":"https:\/\/visitazipolite.com\/#\/schema\/logo\/image\/","url":"https:\/\/visitazipolite.com\/wp-content\/uploads\/2023\/01\/logo-visita-zipolite-200px.png","contentUrl":"https:\/\/visitazipolite.com\/wp-content\/uploads\/2023\/01\/logo-visita-zipolite-200px.png","width":500,"height":250,"caption":"Visita Zipolite"},"image":{"@id":"https:\/\/visitazipolite.com\/#\/schema\/logo\/image\/"},"sameAs":["https:\/\/www.facebook.com\/visitazipolite\/","https:\/\/x.com\/Visita_Zipolite","https:\/\/www.instagram.com\/visitazipolite\/"]}]}},"_links":{"self":[{"href":"https:\/\/visitazipolite.com\/en\/wp-json\/wp\/v2\/product\/7083","targetHints":{"allow":["GET"]}}],"collection":[{"href":"https:\/\/visitazipolite.com\/en\/wp-json\/wp\/v2\/product"}],"about":[{"href":"https:\/\/visitazipolite.com\/en\/wp-json\/wp\/v2\/types\/product"}],"replies":[{"embeddable":true,"href":"https:\/\/visitazipolite.com\/en\/wp-json\/wp\/v2\/comments?post=7083"}],"wp:featuredmedia":[{"embeddable":true,"href":"https:\/\/visitazipolite.com\/en\/wp-json\/wp\/v2\/media\/7093"}],"wp:attachment":[{"href":"https:\/\/visitazipolite.com\/en\/wp-json\/wp\/v2\/media?parent=7083"}],"wp:term":[{"taxonomy":"product_brand","embeddable":true,"href":"https:\/\/visitazipolite.com\/en\/wp-json\/wp\/v2\/product_brand?post=7083"},{"taxonomy":"product_cat","embeddable":true,"href":"https:\/\/visitazipolite.com\/en\/wp-json\/wp\/v2\/product_cat?post=7083"},{"taxonomy":"product_tag","embeddable":true,"href":"https:\/\/visitazipolite.com\/en\/wp-json\/wp\/v2\/product_tag?post=7083"}],"curies":[{"name":"wp","href":"https:\/\/api.w.org\/{rel}","templated":true}]}}