{"id":6559,"date":"2023-01-16T20:53:48","date_gmt":"2023-01-16T20:53:48","guid":{"rendered":"https:\/\/visitazipolite.com\/product\/denim-bucket-hat\/"},"modified":"2023-11-23T22:27:28","modified_gmt":"2023-11-23T22:27:28","slug":"denim-bucket-hat","status":"publish","type":"product","link":"https:\/\/visitazipolite.com\/en\/product\/denim-bucket-hat\/","title":{"rendered":"Gorro de mezclilla"},"content":{"rendered":"<p>Aqu\u00ed tienes un accesorio que se convertir\u00e1 en la pieza principal de tu atuendo. Adquiere este gorro de moda, c\u00f3modo y vers\u00e1til que se adapta a todo tipo de conjuntos: casual, deportivo y urbano.<br \/>\n\u2022 100% algod\u00f3n<br \/>\n\u2022 2 ojales cosidos a cada lado del gorro<br \/>\n\u2022 Banda de sudor de popelina<br \/>\n\u2022 Talla \u00fanica<br \/>\n\u2022 Producto en blanco proveniente de China<br \/>\nEste producto se fabrica especialmente para ti en cuanto realizas un pedido, por eso nos lleva un poco m\u00e1s de tiempo entreg\u00e1rtelo. La producci\u00f3n bajo demanda en lugar de en grandes cantidades ayuda a reducir la sobreproducci\u00f3n, \u00a1as\u00ed que gracias por tomar decisiones de compra conscientes!<\/p>","protected":false},"excerpt":{"rendered":"<p>Aqu\u00ed tienes un accesorio que se convertir\u00e1 en la pieza principal de tu atuendo. Adquiere este gorro de moda, c\u00f3modo y vers\u00e1til que se adapta a todo tipo de conjuntos: casual, deportivo y urbano. \u2022 100% algod\u00f3n \u2022 2 ojales cosidos a cada lado del gorro \u2022 Banda de sudor de popelina \u2022 Talla \u00fanica [&hellip;]<\/p>\n","protected":false},"featured_media":6561,"comment_status":"open","ping_status":"closed","template":"","meta":[],"product_brand":[],"product_cat":[95],"product_tag":[],"class_list":{"0":"post-6559","1":"product","2":"type-product","3":"status-publish","4":"has-post-thumbnail","6":"product_cat-accesorios","8":"first","9":"instock","10":"shipping-taxable","11":"purchasable","12":"product-type-simple"},"yoast_head":"<!-- This site is optimized with the Yoast SEO plugin v26.9 - https:\/\/yoast.com\/product\/yoast-seo-wordpress\/ -->\n<title>Gorro de mezclilla - Visita Zipolite<\/title>\n<meta name=\"robots\" content=\"index, follow, max-snippet:-1, max-image-preview:large, max-video-preview:-1\" \/>\n<link rel=\"canonical\" href=\"https:\/\/visitazipolite.com\/en\/product\/denim-bucket-hat\/\" \/>\n<meta property=\"og:locale\" content=\"en_US\" \/>\n<meta property=\"og:type\" content=\"article\" \/>\n<meta property=\"og:title\" content=\"Gorro de mezclilla - Visita Zipolite\" \/>\n<meta property=\"og:description\" content=\"Aqu\u00ed tienes un accesorio que se convertir\u00e1 en la pieza principal de tu atuendo. Adquiere este gorro de moda, c\u00f3modo y vers\u00e1til que se adapta a todo tipo de conjuntos: casual, deportivo y urbano. \u2022 100% algod\u00f3n \u2022 2 ojales cosidos a cada lado del gorro \u2022 Banda de sudor de popelina \u2022 Talla \u00fanica [&hellip;]\" \/>\n<meta property=\"og:url\" content=\"https:\/\/visitazipolite.com\/en\/product\/denim-bucket-hat\/\" \/>\n<meta property=\"og:site_name\" content=\"Visita Zipolite\" \/>\n<meta property=\"article:publisher\" content=\"https:\/\/www.facebook.com\/visitazipolite\/\" \/>\n<meta property=\"article:modified_time\" content=\"2023-11-23T22:27:28+00:00\" \/>\n<meta property=\"og:image\" content=\"https:\/\/visitazipolite.com\/wp-content\/uploads\/2023\/01\/denim-bucket-hat-black-denim-front-63c5b810ad2b2.jpg\" \/>\n\t<meta property=\"og:image:width\" content=\"2000\" \/>\n\t<meta property=\"og:image:height\" content=\"2000\" \/>\n\t<meta property=\"og:image:type\" content=\"image\/jpeg\" \/>\n<meta name=\"twitter:card\" content=\"summary_large_image\" \/>\n<meta name=\"twitter:site\" content=\"@Visita_Zipolite\" \/>\n<meta name=\"twitter:label1\" content=\"Est. reading time\" \/>\n\t<meta name=\"twitter:data1\" content=\"1 minute\" \/>\n<!-- \/ Yoast SEO plugin. -->","yoast_head_json":{"title":"Gorro de mezclilla - Visita Zipolite","robots":{"index":"index","follow":"follow","max-snippet":"max-snippet:-1","max-image-preview":"max-image-preview:large","max-video-preview":"max-video-preview:-1"},"canonical":"https:\/\/visitazipolite.com\/en\/product\/denim-bucket-hat\/","og_locale":"en_US","og_type":"article","og_title":"Gorro de mezclilla - Visita Zipolite","og_description":"Aqu\u00ed tienes un accesorio que se convertir\u00e1 en la pieza principal de tu atuendo. Adquiere este gorro de moda, c\u00f3modo y vers\u00e1til que se adapta a todo tipo de conjuntos: casual, deportivo y urbano. \u2022 100% algod\u00f3n \u2022 2 ojales cosidos a cada lado del gorro \u2022 Banda de sudor de popelina \u2022 Talla \u00fanica [&hellip;]","og_url":"https:\/\/visitazipolite.com\/en\/product\/denim-bucket-hat\/","og_site_name":"Visita Zipolite","article_publisher":"https:\/\/www.facebook.com\/visitazipolite\/","article_modified_time":"2023-11-23T22:27:28+00:00","og_image":[{"width":2000,"height":2000,"url":"https:\/\/visitazipolite.com\/wp-content\/uploads\/2023\/01\/denim-bucket-hat-black-denim-front-63c5b810ad2b2.jpg","type":"image\/jpeg"}],"twitter_card":"summary_large_image","twitter_site":"@Visita_Zipolite","twitter_misc":{"Est. reading time":"1 minute"},"schema":{"@context":"https:\/\/schema.org","@graph":[{"@type":"WebPage","@id":"https:\/\/visitazipolite.com\/product\/denim-bucket-hat\/","url":"https:\/\/visitazipolite.com\/product\/denim-bucket-hat\/","name":"Gorro de mezclilla - Visita Zipolite","isPartOf":{"@id":"https:\/\/visitazipolite.com\/#website"},"primaryImageOfPage":{"@id":"https:\/\/visitazipolite.com\/product\/denim-bucket-hat\/#primaryimage"},"image":{"@id":"https:\/\/visitazipolite.com\/product\/denim-bucket-hat\/#primaryimage"},"thumbnailUrl":"https:\/\/visitazipolite.com\/wp-content\/uploads\/2023\/01\/denim-bucket-hat-black-denim-front-63c5b810ad2b2.jpg","datePublished":"2023-01-16T20:53:48+00:00","dateModified":"2023-11-23T22:27:28+00:00","breadcrumb":{"@id":"https:\/\/visitazipolite.com\/product\/denim-bucket-hat\/#breadcrumb"},"inLanguage":"en-US","potentialAction":[{"@type":"ReadAction","target":["https:\/\/visitazipolite.com\/product\/denim-bucket-hat\/"]}]},{"@type":"ImageObject","inLanguage":"en-US","@id":"https:\/\/visitazipolite.com\/product\/denim-bucket-hat\/#primaryimage","url":"https:\/\/visitazipolite.com\/wp-content\/uploads\/2023\/01\/denim-bucket-hat-black-denim-front-63c5b810ad2b2.jpg","contentUrl":"https:\/\/visitazipolite.com\/wp-content\/uploads\/2023\/01\/denim-bucket-hat-black-denim-front-63c5b810ad2b2.jpg","width":2000,"height":2000},{"@type":"BreadcrumbList","@id":"https:\/\/visitazipolite.com\/product\/denim-bucket-hat\/#breadcrumb","itemListElement":[{"@type":"ListItem","position":1,"name":"Portada","item":"https:\/\/visitazipolite.com\/"},{"@type":"ListItem","position":2,"name":"Shop","item":"https:\/\/visitazipolite.com\/shop\/"},{"@type":"ListItem","position":3,"name":"Gorro de mezclilla"}]},{"@type":"WebSite","@id":"https:\/\/visitazipolite.com\/#website","url":"https:\/\/visitazipolite.com\/","name":"Visita Zipolite","description":"Para\u00edso al Natural","publisher":{"@id":"https:\/\/visitazipolite.com\/#organization"},"potentialAction":[{"@type":"SearchAction","target":{"@type":"EntryPoint","urlTemplate":"https:\/\/visitazipolite.com\/?s={search_term_string}"},"query-input":{"@type":"PropertyValueSpecification","valueRequired":true,"valueName":"search_term_string"}}],"inLanguage":"en-US"},{"@type":"Organization","@id":"https:\/\/visitazipolite.com\/#organization","name":"Visita Zipolite","url":"https:\/\/visitazipolite.com\/","logo":{"@type":"ImageObject","inLanguage":"en-US","@id":"https:\/\/visitazipolite.com\/#\/schema\/logo\/image\/","url":"https:\/\/visitazipolite.com\/wp-content\/uploads\/2023\/01\/logo-visita-zipolite-200px.png","contentUrl":"https:\/\/visitazipolite.com\/wp-content\/uploads\/2023\/01\/logo-visita-zipolite-200px.png","width":500,"height":250,"caption":"Visita Zipolite"},"image":{"@id":"https:\/\/visitazipolite.com\/#\/schema\/logo\/image\/"},"sameAs":["https:\/\/www.facebook.com\/visitazipolite\/","https:\/\/x.com\/Visita_Zipolite","https:\/\/www.instagram.com\/visitazipolite\/"]}]}},"_links":{"self":[{"href":"https:\/\/visitazipolite.com\/en\/wp-json\/wp\/v2\/product\/6559","targetHints":{"allow":["GET"]}}],"collection":[{"href":"https:\/\/visitazipolite.com\/en\/wp-json\/wp\/v2\/product"}],"about":[{"href":"https:\/\/visitazipolite.com\/en\/wp-json\/wp\/v2\/types\/product"}],"replies":[{"embeddable":true,"href":"https:\/\/visitazipolite.com\/en\/wp-json\/wp\/v2\/comments?post=6559"}],"wp:featuredmedia":[{"embeddable":true,"href":"https:\/\/visitazipolite.com\/en\/wp-json\/wp\/v2\/media\/6561"}],"wp:attachment":[{"href":"https:\/\/visitazipolite.com\/en\/wp-json\/wp\/v2\/media?parent=6559"}],"wp:term":[{"taxonomy":"product_brand","embeddable":true,"href":"https:\/\/visitazipolite.com\/en\/wp-json\/wp\/v2\/product_brand?post=6559"},{"taxonomy":"product_cat","embeddable":true,"href":"https:\/\/visitazipolite.com\/en\/wp-json\/wp\/v2\/product_cat?post=6559"},{"taxonomy":"product_tag","embeddable":true,"href":"https:\/\/visitazipolite.com\/en\/wp-json\/wp\/v2\/product_tag?post=6559"}],"curies":[{"name":"wp","href":"https:\/\/api.w.org\/{rel}","templated":true}]}}