{"id":6451,"date":"2023-01-15T05:42:54","date_gmt":"2023-01-15T05:42:54","guid":{"rendered":"https:\/\/visitazipolite.com\/product\/toalla\/"},"modified":"2023-01-15T05:43:21","modified_gmt":"2023-01-15T05:43:21","slug":"toalla","status":"publish","type":"product","link":"https:\/\/visitazipolite.com\/en\/product\/toalla\/","title":{"rendered":"Toalla"},"content":{"rendered":"<p>Da un toque de color a tu ba\u00f1o y envu\u00e9lvete en esta toalla superc\u00f3moda y ultrasuave con un estampado por toda la pieza.<\/p>\n<p>\u2022 52% algod\u00f3n y 48% poli\u00e9ster<br \/>\n\u2022 Peso del tejido: 360 g\/m\u00b2 (10.6 oz\/y\u00b2)<br \/>\n\u2022 Tama\u00f1o: 76 \u00d7 152 \u00d7 0,7 cm (30\u2033 \u00d7 60\u2033 \u00d7 0,28\u2033)<br \/>\n\u2022 Solo se estampa por una cara<br \/>\n\u2022 La cara no estampada se ha fabricado con algod\u00f3n rizado para que la toalla absorba mejor el agua<br \/>\n\u2022 Producto base procedente de China, estampada en EEUU<\/p>","protected":false},"excerpt":{"rendered":"<p>Da un toque de color a tu ba\u00f1o y envu\u00e9lvete en esta toalla superc\u00f3moda y ultrasuave con un estampado por toda la pieza. \u2022 52% algod\u00f3n y 48% poli\u00e9ster \u2022 Peso del tejido: 360 g\/m\u00b2 (10.6 oz\/y\u00b2) \u2022 Tama\u00f1o: 76 \u00d7 152 \u00d7 0,7 cm (30\u2033 \u00d7 60\u2033 \u00d7 0,28\u2033) \u2022 Solo se estampa por [&hellip;]<\/p>\n","protected":false},"featured_media":6452,"comment_status":"open","ping_status":"closed","template":"","meta":[],"product_brand":[],"product_cat":[95],"product_tag":[],"class_list":{"0":"post-6451","1":"product","2":"type-product","3":"status-publish","4":"has-post-thumbnail","6":"product_cat-accesorios","8":"first","9":"instock","10":"shipping-taxable","11":"purchasable","12":"product-type-simple"},"yoast_head":"<!-- This site is optimized with the Yoast SEO plugin v26.9 - https:\/\/yoast.com\/product\/yoast-seo-wordpress\/ -->\n<title>Toalla - Visita Zipolite<\/title>\n<meta name=\"robots\" content=\"index, follow, max-snippet:-1, max-image-preview:large, max-video-preview:-1\" \/>\n<link rel=\"canonical\" href=\"https:\/\/visitazipolite.com\/en\/product\/toalla\/\" \/>\n<meta property=\"og:locale\" content=\"en_US\" \/>\n<meta property=\"og:type\" content=\"article\" \/>\n<meta property=\"og:title\" content=\"Toalla - Visita Zipolite\" \/>\n<meta property=\"og:description\" content=\"Da un toque de color a tu ba\u00f1o y envu\u00e9lvete en esta toalla superc\u00f3moda y ultrasuave con un estampado por toda la pieza. \u2022 52% algod\u00f3n y 48% poli\u00e9ster \u2022 Peso del tejido: 360 g\/m\u00b2 (10.6 oz\/y\u00b2) \u2022 Tama\u00f1o: 76 \u00d7 152 \u00d7 0,7 cm (30\u2033 \u00d7 60\u2033 \u00d7 0,28\u2033) \u2022 Solo se estampa por [&hellip;]\" \/>\n<meta property=\"og:url\" content=\"https:\/\/visitazipolite.com\/en\/product\/toalla\/\" \/>\n<meta property=\"og:site_name\" content=\"Visita Zipolite\" \/>\n<meta property=\"article:publisher\" content=\"https:\/\/www.facebook.com\/visitazipolite\/\" \/>\n<meta property=\"article:modified_time\" content=\"2023-01-15T05:43:21+00:00\" \/>\n<meta property=\"og:image\" content=\"https:\/\/visitazipolite.com\/wp-content\/uploads\/2023\/01\/sublimated-towel-white-30x60-beach-63c3925043c32.jpg\" \/>\n\t<meta property=\"og:image:width\" content=\"2000\" \/>\n\t<meta property=\"og:image:height\" content=\"2000\" \/>\n\t<meta property=\"og:image:type\" content=\"image\/jpeg\" \/>\n<meta name=\"twitter:card\" content=\"summary_large_image\" \/>\n<meta name=\"twitter:site\" content=\"@Visita_Zipolite\" \/>\n<!-- \/ Yoast SEO plugin. -->","yoast_head_json":{"title":"Toalla - Visita Zipolite","robots":{"index":"index","follow":"follow","max-snippet":"max-snippet:-1","max-image-preview":"max-image-preview:large","max-video-preview":"max-video-preview:-1"},"canonical":"https:\/\/visitazipolite.com\/en\/product\/toalla\/","og_locale":"en_US","og_type":"article","og_title":"Toalla - Visita Zipolite","og_description":"Da un toque de color a tu ba\u00f1o y envu\u00e9lvete en esta toalla superc\u00f3moda y ultrasuave con un estampado por toda la pieza. \u2022 52% algod\u00f3n y 48% poli\u00e9ster \u2022 Peso del tejido: 360 g\/m\u00b2 (10.6 oz\/y\u00b2) \u2022 Tama\u00f1o: 76 \u00d7 152 \u00d7 0,7 cm (30\u2033 \u00d7 60\u2033 \u00d7 0,28\u2033) \u2022 Solo se estampa por [&hellip;]","og_url":"https:\/\/visitazipolite.com\/en\/product\/toalla\/","og_site_name":"Visita Zipolite","article_publisher":"https:\/\/www.facebook.com\/visitazipolite\/","article_modified_time":"2023-01-15T05:43:21+00:00","og_image":[{"width":2000,"height":2000,"url":"https:\/\/visitazipolite.com\/wp-content\/uploads\/2023\/01\/sublimated-towel-white-30x60-beach-63c3925043c32.jpg","type":"image\/jpeg"}],"twitter_card":"summary_large_image","twitter_site":"@Visita_Zipolite","schema":{"@context":"https:\/\/schema.org","@graph":[{"@type":"WebPage","@id":"https:\/\/visitazipolite.com\/product\/toalla\/","url":"https:\/\/visitazipolite.com\/product\/toalla\/","name":"Toalla - Visita Zipolite","isPartOf":{"@id":"https:\/\/visitazipolite.com\/#website"},"primaryImageOfPage":{"@id":"https:\/\/visitazipolite.com\/product\/toalla\/#primaryimage"},"image":{"@id":"https:\/\/visitazipolite.com\/product\/toalla\/#primaryimage"},"thumbnailUrl":"https:\/\/visitazipolite.com\/wp-content\/uploads\/2023\/01\/sublimated-towel-white-30x60-beach-63c3925043c32.jpg","datePublished":"2023-01-15T05:42:54+00:00","dateModified":"2023-01-15T05:43:21+00:00","breadcrumb":{"@id":"https:\/\/visitazipolite.com\/product\/toalla\/#breadcrumb"},"inLanguage":"en-US","potentialAction":[{"@type":"ReadAction","target":["https:\/\/visitazipolite.com\/product\/toalla\/"]}]},{"@type":"ImageObject","inLanguage":"en-US","@id":"https:\/\/visitazipolite.com\/product\/toalla\/#primaryimage","url":"https:\/\/visitazipolite.com\/wp-content\/uploads\/2023\/01\/sublimated-towel-white-30x60-beach-63c3925043c32.jpg","contentUrl":"https:\/\/visitazipolite.com\/wp-content\/uploads\/2023\/01\/sublimated-towel-white-30x60-beach-63c3925043c32.jpg","width":2000,"height":2000},{"@type":"BreadcrumbList","@id":"https:\/\/visitazipolite.com\/product\/toalla\/#breadcrumb","itemListElement":[{"@type":"ListItem","position":1,"name":"Portada","item":"https:\/\/visitazipolite.com\/"},{"@type":"ListItem","position":2,"name":"Shop","item":"https:\/\/visitazipolite.com\/shop\/"},{"@type":"ListItem","position":3,"name":"Toalla"}]},{"@type":"WebSite","@id":"https:\/\/visitazipolite.com\/#website","url":"https:\/\/visitazipolite.com\/","name":"Visita Zipolite","description":"Para\u00edso al Natural","publisher":{"@id":"https:\/\/visitazipolite.com\/#organization"},"potentialAction":[{"@type":"SearchAction","target":{"@type":"EntryPoint","urlTemplate":"https:\/\/visitazipolite.com\/?s={search_term_string}"},"query-input":{"@type":"PropertyValueSpecification","valueRequired":true,"valueName":"search_term_string"}}],"inLanguage":"en-US"},{"@type":"Organization","@id":"https:\/\/visitazipolite.com\/#organization","name":"Visita Zipolite","url":"https:\/\/visitazipolite.com\/","logo":{"@type":"ImageObject","inLanguage":"en-US","@id":"https:\/\/visitazipolite.com\/#\/schema\/logo\/image\/","url":"https:\/\/visitazipolite.com\/wp-content\/uploads\/2023\/01\/logo-visita-zipolite-200px.png","contentUrl":"https:\/\/visitazipolite.com\/wp-content\/uploads\/2023\/01\/logo-visita-zipolite-200px.png","width":500,"height":250,"caption":"Visita Zipolite"},"image":{"@id":"https:\/\/visitazipolite.com\/#\/schema\/logo\/image\/"},"sameAs":["https:\/\/www.facebook.com\/visitazipolite\/","https:\/\/x.com\/Visita_Zipolite","https:\/\/www.instagram.com\/visitazipolite\/"]}]}},"_links":{"self":[{"href":"https:\/\/visitazipolite.com\/en\/wp-json\/wp\/v2\/product\/6451","targetHints":{"allow":["GET"]}}],"collection":[{"href":"https:\/\/visitazipolite.com\/en\/wp-json\/wp\/v2\/product"}],"about":[{"href":"https:\/\/visitazipolite.com\/en\/wp-json\/wp\/v2\/types\/product"}],"replies":[{"embeddable":true,"href":"https:\/\/visitazipolite.com\/en\/wp-json\/wp\/v2\/comments?post=6451"}],"wp:featuredmedia":[{"embeddable":true,"href":"https:\/\/visitazipolite.com\/en\/wp-json\/wp\/v2\/media\/6452"}],"wp:attachment":[{"href":"https:\/\/visitazipolite.com\/en\/wp-json\/wp\/v2\/media?parent=6451"}],"wp:term":[{"taxonomy":"product_brand","embeddable":true,"href":"https:\/\/visitazipolite.com\/en\/wp-json\/wp\/v2\/product_brand?post=6451"},{"taxonomy":"product_cat","embeddable":true,"href":"https:\/\/visitazipolite.com\/en\/wp-json\/wp\/v2\/product_cat?post=6451"},{"taxonomy":"product_tag","embeddable":true,"href":"https:\/\/visitazipolite.com\/en\/wp-json\/wp\/v2\/product_tag?post=6451"}],"curies":[{"name":"wp","href":"https:\/\/api.w.org\/{rel}","templated":true}]}}