{"id":6402,"date":"2023-01-15T05:14:30","date_gmt":"2023-01-15T05:14:30","guid":{"rendered":"https:\/\/visitazipolite.com\/product\/ecobolsa-life-is-a-beach\/"},"modified":"2023-01-15T05:15:00","modified_gmt":"2023-01-15T05:15:00","slug":"ecobolsa-life-is-a-beach","status":"publish","type":"product","link":"https:\/\/visitazipolite.com\/en\/product\/ecobolsa-life-is-a-beach\/","title":{"rendered":"Ecobolsa Life Is a Beach"},"content":{"rendered":"<p>Deja atr\u00e1s los pl\u00e1sticos y empieza tu vida m\u00e1s ecol\u00f3gica con esta bolsa de algod\u00f3n org\u00e1nico. Con espacio suficiente para ayudarte con la compra, llevar tus libros a clase y todo lo que necesites.<\/p>\n<p>\u2022 100% sarga de algod\u00f3n org\u00e1nico certificado<br \/>\n\u2022 Peso del tejido: 272 g\/m\u00b2 (8 oz\/yd\u00b2)<br \/>\n\u2022 Dimensiones: 16\u201d x 14 \u00bd\u201d x 5\u201d<br \/>\n\u2022 Peso l\u00edmite: 13,6 kg (30lbs)<br \/>\n\u2022 Tiras de 2,5 cm (1&#8243;) de ancho, 62,2 cm (24,5&#8243;) de largo<br \/>\n\u2022 Compartimento principal amplio<br \/>\n\u2022 Componentes del producto base procedentes de Vietnam<\/p>","protected":false},"excerpt":{"rendered":"<p>Deja atr\u00e1s los pl\u00e1sticos y empieza tu vida m\u00e1s ecol\u00f3gica con esta bolsa de algod\u00f3n org\u00e1nico. Con espacio suficiente para ayudarte con la compra, llevar tus libros a clase y todo lo que necesites. \u2022 100% sarga de algod\u00f3n org\u00e1nico certificado \u2022 Peso del tejido: 272 g\/m\u00b2 (8 oz\/yd\u00b2) \u2022 Dimensiones: 16\u201d x 14 \u00bd\u201d [&hellip;]<\/p>\n","protected":false},"featured_media":6404,"comment_status":"open","ping_status":"closed","template":"","meta":[],"product_brand":[],"product_cat":[52],"product_tag":[],"class_list":{"0":"post-6402","1":"product","2":"type-product","3":"status-publish","4":"has-post-thumbnail","6":"product_cat-kitchen","8":"first","9":"instock","10":"shipping-taxable","11":"purchasable","12":"product-type-simple"},"yoast_head":"<!-- This site is optimized with the Yoast SEO plugin v26.9 - https:\/\/yoast.com\/product\/yoast-seo-wordpress\/ -->\n<title>Ecobolsa Life Is a Beach - Visita Zipolite<\/title>\n<meta name=\"robots\" content=\"index, follow, max-snippet:-1, max-image-preview:large, max-video-preview:-1\" \/>\n<link rel=\"canonical\" href=\"https:\/\/visitazipolite.com\/en\/product\/ecobolsa-life-is-a-beach\/\" \/>\n<meta property=\"og:locale\" content=\"en_US\" \/>\n<meta property=\"og:type\" content=\"article\" \/>\n<meta property=\"og:title\" content=\"Ecobolsa Life Is a Beach - Visita Zipolite\" \/>\n<meta property=\"og:description\" content=\"Deja atr\u00e1s los pl\u00e1sticos y empieza tu vida m\u00e1s ecol\u00f3gica con esta bolsa de algod\u00f3n org\u00e1nico. Con espacio suficiente para ayudarte con la compra, llevar tus libros a clase y todo lo que necesites. \u2022 100% sarga de algod\u00f3n org\u00e1nico certificado \u2022 Peso del tejido: 272 g\/m\u00b2 (8 oz\/yd\u00b2) \u2022 Dimensiones: 16\u201d x 14 \u00bd\u201d [&hellip;]\" \/>\n<meta property=\"og:url\" content=\"https:\/\/visitazipolite.com\/en\/product\/ecobolsa-life-is-a-beach\/\" \/>\n<meta property=\"og:site_name\" content=\"Visita Zipolite\" \/>\n<meta property=\"article:publisher\" content=\"https:\/\/www.facebook.com\/visitazipolite\/\" \/>\n<meta property=\"article:modified_time\" content=\"2023-01-15T05:15:00+00:00\" \/>\n<meta property=\"og:image\" content=\"https:\/\/visitazipolite.com\/wp-content\/uploads\/2023\/01\/eco-tote-bag-oyster-front-63c38bad345a3.jpg\" \/>\n\t<meta property=\"og:image:width\" content=\"2000\" \/>\n\t<meta property=\"og:image:height\" content=\"2000\" \/>\n\t<meta property=\"og:image:type\" content=\"image\/jpeg\" \/>\n<meta name=\"twitter:card\" content=\"summary_large_image\" \/>\n<meta name=\"twitter:site\" content=\"@Visita_Zipolite\" \/>\n<!-- \/ Yoast SEO plugin. -->","yoast_head_json":{"title":"Ecobolsa Life Is a Beach - Visita Zipolite","robots":{"index":"index","follow":"follow","max-snippet":"max-snippet:-1","max-image-preview":"max-image-preview:large","max-video-preview":"max-video-preview:-1"},"canonical":"https:\/\/visitazipolite.com\/en\/product\/ecobolsa-life-is-a-beach\/","og_locale":"en_US","og_type":"article","og_title":"Ecobolsa Life Is a Beach - Visita Zipolite","og_description":"Deja atr\u00e1s los pl\u00e1sticos y empieza tu vida m\u00e1s ecol\u00f3gica con esta bolsa de algod\u00f3n org\u00e1nico. Con espacio suficiente para ayudarte con la compra, llevar tus libros a clase y todo lo que necesites. \u2022 100% sarga de algod\u00f3n org\u00e1nico certificado \u2022 Peso del tejido: 272 g\/m\u00b2 (8 oz\/yd\u00b2) \u2022 Dimensiones: 16\u201d x 14 \u00bd\u201d [&hellip;]","og_url":"https:\/\/visitazipolite.com\/en\/product\/ecobolsa-life-is-a-beach\/","og_site_name":"Visita Zipolite","article_publisher":"https:\/\/www.facebook.com\/visitazipolite\/","article_modified_time":"2023-01-15T05:15:00+00:00","og_image":[{"width":2000,"height":2000,"url":"https:\/\/visitazipolite.com\/wp-content\/uploads\/2023\/01\/eco-tote-bag-oyster-front-63c38bad345a3.jpg","type":"image\/jpeg"}],"twitter_card":"summary_large_image","twitter_site":"@Visita_Zipolite","schema":{"@context":"https:\/\/schema.org","@graph":[{"@type":"WebPage","@id":"https:\/\/visitazipolite.com\/product\/ecobolsa-life-is-a-beach\/","url":"https:\/\/visitazipolite.com\/product\/ecobolsa-life-is-a-beach\/","name":"Ecobolsa Life Is a Beach - Visita Zipolite","isPartOf":{"@id":"https:\/\/visitazipolite.com\/#website"},"primaryImageOfPage":{"@id":"https:\/\/visitazipolite.com\/product\/ecobolsa-life-is-a-beach\/#primaryimage"},"image":{"@id":"https:\/\/visitazipolite.com\/product\/ecobolsa-life-is-a-beach\/#primaryimage"},"thumbnailUrl":"https:\/\/visitazipolite.com\/wp-content\/uploads\/2023\/01\/eco-tote-bag-oyster-front-63c38bad345a3.jpg","datePublished":"2023-01-15T05:14:30+00:00","dateModified":"2023-01-15T05:15:00+00:00","breadcrumb":{"@id":"https:\/\/visitazipolite.com\/product\/ecobolsa-life-is-a-beach\/#breadcrumb"},"inLanguage":"en-US","potentialAction":[{"@type":"ReadAction","target":["https:\/\/visitazipolite.com\/product\/ecobolsa-life-is-a-beach\/"]}]},{"@type":"ImageObject","inLanguage":"en-US","@id":"https:\/\/visitazipolite.com\/product\/ecobolsa-life-is-a-beach\/#primaryimage","url":"https:\/\/visitazipolite.com\/wp-content\/uploads\/2023\/01\/eco-tote-bag-oyster-front-63c38bad345a3.jpg","contentUrl":"https:\/\/visitazipolite.com\/wp-content\/uploads\/2023\/01\/eco-tote-bag-oyster-front-63c38bad345a3.jpg","width":2000,"height":2000},{"@type":"BreadcrumbList","@id":"https:\/\/visitazipolite.com\/product\/ecobolsa-life-is-a-beach\/#breadcrumb","itemListElement":[{"@type":"ListItem","position":1,"name":"Portada","item":"https:\/\/visitazipolite.com\/"},{"@type":"ListItem","position":2,"name":"Shop","item":"https:\/\/visitazipolite.com\/shop\/"},{"@type":"ListItem","position":3,"name":"Ecobolsa Life Is a Beach"}]},{"@type":"WebSite","@id":"https:\/\/visitazipolite.com\/#website","url":"https:\/\/visitazipolite.com\/","name":"Visita Zipolite","description":"Para\u00edso al Natural","publisher":{"@id":"https:\/\/visitazipolite.com\/#organization"},"potentialAction":[{"@type":"SearchAction","target":{"@type":"EntryPoint","urlTemplate":"https:\/\/visitazipolite.com\/?s={search_term_string}"},"query-input":{"@type":"PropertyValueSpecification","valueRequired":true,"valueName":"search_term_string"}}],"inLanguage":"en-US"},{"@type":"Organization","@id":"https:\/\/visitazipolite.com\/#organization","name":"Visita Zipolite","url":"https:\/\/visitazipolite.com\/","logo":{"@type":"ImageObject","inLanguage":"en-US","@id":"https:\/\/visitazipolite.com\/#\/schema\/logo\/image\/","url":"https:\/\/visitazipolite.com\/wp-content\/uploads\/2023\/01\/logo-visita-zipolite-200px.png","contentUrl":"https:\/\/visitazipolite.com\/wp-content\/uploads\/2023\/01\/logo-visita-zipolite-200px.png","width":500,"height":250,"caption":"Visita Zipolite"},"image":{"@id":"https:\/\/visitazipolite.com\/#\/schema\/logo\/image\/"},"sameAs":["https:\/\/www.facebook.com\/visitazipolite\/","https:\/\/x.com\/Visita_Zipolite","https:\/\/www.instagram.com\/visitazipolite\/"]}]}},"_links":{"self":[{"href":"https:\/\/visitazipolite.com\/en\/wp-json\/wp\/v2\/product\/6402","targetHints":{"allow":["GET"]}}],"collection":[{"href":"https:\/\/visitazipolite.com\/en\/wp-json\/wp\/v2\/product"}],"about":[{"href":"https:\/\/visitazipolite.com\/en\/wp-json\/wp\/v2\/types\/product"}],"replies":[{"embeddable":true,"href":"https:\/\/visitazipolite.com\/en\/wp-json\/wp\/v2\/comments?post=6402"}],"wp:featuredmedia":[{"embeddable":true,"href":"https:\/\/visitazipolite.com\/en\/wp-json\/wp\/v2\/media\/6404"}],"wp:attachment":[{"href":"https:\/\/visitazipolite.com\/en\/wp-json\/wp\/v2\/media?parent=6402"}],"wp:term":[{"taxonomy":"product_brand","embeddable":true,"href":"https:\/\/visitazipolite.com\/en\/wp-json\/wp\/v2\/product_brand?post=6402"},{"taxonomy":"product_cat","embeddable":true,"href":"https:\/\/visitazipolite.com\/en\/wp-json\/wp\/v2\/product_cat?post=6402"},{"taxonomy":"product_tag","embeddable":true,"href":"https:\/\/visitazipolite.com\/en\/wp-json\/wp\/v2\/product_tag?post=6402"}],"curies":[{"name":"wp","href":"https:\/\/api.w.org\/{rel}","templated":true}]}}