{"id":5913,"date":"2023-01-11T00:34:33","date_gmt":"2023-01-11T00:34:33","guid":{"rendered":"https:\/\/visitazipolite.com\/product\/bacco-restaurante-pizzeria-bar-grill\/"},"modified":"2023-02-08T18:46:29","modified_gmt":"2023-02-08T18:46:29","slug":"bacco-restaurante-pizzeria-bar-grill","status":"publish","type":"product","link":"https:\/\/visitazipolite.com\/en\/product\/bacco-restaurante-pizzeria-bar-grill\/","title":{"rendered":"Bacco Restaurante Pizzer\u00eda Bar &#038; Grill"},"content":{"rendered":"<p>La mejor fusi\u00f3n mediterr\u00e1nea y de la costa oaxaque\u00f1a. Pastas, pizzas, carnes, postres y los mejores especiales te esperan a partir de las 7pm para disfrutar una noche \u00fanica en <a href=\"https:\/\/visitazipolite.com\/en\/historia-playa-nudista\/\">Zipolite<\/a>.<\/p>\n\n\n\n<p>En la noche, iluminaci\u00f3n con velas, m\u00fasica suave y comida deliciosa.<\/p>\n\n\n\n<h2 class=\"wp-block-heading\">Excelente lugar para una cena rom\u00e1ntica.<\/h2>\n\n\n\n<p>Lugar acogedor y espectacular con toques de arte, una cocina deliciosa, \u00a1simplemente un espacio para disfrutar!&nbsp;<\/p>","protected":false},"excerpt":{"rendered":"<p>La mejor fusi\u00f3n mediterr\u00e1nea y de la costa oaxaque\u00f1a. Pastas, pizzas, carnes, postres y los mejores especiales te esperan a partir de las 7pm para disfrutar una noche \u00fanica en Zipolite. En la noche, iluminaci\u00f3n con velas, m\u00fasica suave y comida deliciosa. Excelente lugar para una cena rom\u00e1ntica. Lugar acogedor y espectacular con toques de [&hellip;]<\/p>\n","protected":false},"featured_media":0,"comment_status":"open","ping_status":"closed","template":"","meta":[],"product_brand":[],"product_cat":[20],"product_tag":[],"class_list":{"0":"post-5913","1":"product","2":"type-product","3":"status-publish","5":"product_cat-listeo-booking","7":"first","8":"instock","9":"virtual","10":"sold-individually","11":"purchasable","12":"product-type-listing_booking"},"yoast_head":"<!-- This site is optimized with the Yoast SEO plugin v26.9 - https:\/\/yoast.com\/product\/yoast-seo-wordpress\/ -->\n<title>Bacco Restaurante Pizzer\u00eda Bar &amp; Grill - Visita Zipolite<\/title>\n<meta name=\"robots\" content=\"index, follow, max-snippet:-1, max-image-preview:large, max-video-preview:-1\" \/>\n<link rel=\"canonical\" href=\"https:\/\/visitazipolite.com\/en\/product\/bacco-restaurante-pizzeria-bar-grill\/\" \/>\n<meta property=\"og:locale\" content=\"en_US\" \/>\n<meta property=\"og:type\" content=\"article\" \/>\n<meta property=\"og:title\" content=\"Bacco Restaurante Pizzer\u00eda Bar &amp; Grill - Visita Zipolite\" \/>\n<meta property=\"og:description\" content=\"La mejor fusi\u00f3n mediterr\u00e1nea y de la costa oaxaque\u00f1a. Pastas, pizzas, carnes, postres y los mejores especiales te esperan a partir de las 7pm para disfrutar una noche \u00fanica en Zipolite. En la noche, iluminaci\u00f3n con velas, m\u00fasica suave y comida deliciosa. Excelente lugar para una cena rom\u00e1ntica. Lugar acogedor y espectacular con toques de [&hellip;]\" \/>\n<meta property=\"og:url\" content=\"https:\/\/visitazipolite.com\/en\/product\/bacco-restaurante-pizzeria-bar-grill\/\" \/>\n<meta property=\"og:site_name\" content=\"Visita Zipolite\" \/>\n<meta property=\"article:publisher\" content=\"https:\/\/www.facebook.com\/visitazipolite\/\" \/>\n<meta property=\"article:modified_time\" content=\"2023-02-08T18:46:29+00:00\" \/>\n<meta name=\"twitter:card\" content=\"summary_large_image\" \/>\n<meta name=\"twitter:site\" content=\"@Visita_Zipolite\" \/>\n<!-- \/ Yoast SEO plugin. -->","yoast_head_json":{"title":"Bacco Restaurante Pizzer\u00eda Bar & Grill - Visita Zipolite","robots":{"index":"index","follow":"follow","max-snippet":"max-snippet:-1","max-image-preview":"max-image-preview:large","max-video-preview":"max-video-preview:-1"},"canonical":"https:\/\/visitazipolite.com\/en\/product\/bacco-restaurante-pizzeria-bar-grill\/","og_locale":"en_US","og_type":"article","og_title":"Bacco Restaurante Pizzer\u00eda Bar & Grill - Visita Zipolite","og_description":"La mejor fusi\u00f3n mediterr\u00e1nea y de la costa oaxaque\u00f1a. Pastas, pizzas, carnes, postres y los mejores especiales te esperan a partir de las 7pm para disfrutar una noche \u00fanica en Zipolite. En la noche, iluminaci\u00f3n con velas, m\u00fasica suave y comida deliciosa. Excelente lugar para una cena rom\u00e1ntica. Lugar acogedor y espectacular con toques de [&hellip;]","og_url":"https:\/\/visitazipolite.com\/en\/product\/bacco-restaurante-pizzeria-bar-grill\/","og_site_name":"Visita Zipolite","article_publisher":"https:\/\/www.facebook.com\/visitazipolite\/","article_modified_time":"2023-02-08T18:46:29+00:00","twitter_card":"summary_large_image","twitter_site":"@Visita_Zipolite","schema":{"@context":"https:\/\/schema.org","@graph":[{"@type":"WebPage","@id":"https:\/\/visitazipolite.com\/product\/bacco-restaurante-pizzeria-bar-grill\/","url":"https:\/\/visitazipolite.com\/product\/bacco-restaurante-pizzeria-bar-grill\/","name":"Bacco Restaurante Pizzer\u00eda Bar & Grill - Visita Zipolite","isPartOf":{"@id":"https:\/\/visitazipolite.com\/#website"},"datePublished":"2023-01-11T00:34:33+00:00","dateModified":"2023-02-08T18:46:29+00:00","breadcrumb":{"@id":"https:\/\/visitazipolite.com\/product\/bacco-restaurante-pizzeria-bar-grill\/#breadcrumb"},"inLanguage":"en-US","potentialAction":[{"@type":"ReadAction","target":["https:\/\/visitazipolite.com\/product\/bacco-restaurante-pizzeria-bar-grill\/"]}]},{"@type":"BreadcrumbList","@id":"https:\/\/visitazipolite.com\/product\/bacco-restaurante-pizzeria-bar-grill\/#breadcrumb","itemListElement":[{"@type":"ListItem","position":1,"name":"Portada","item":"https:\/\/visitazipolite.com\/"},{"@type":"ListItem","position":2,"name":"Shop","item":"https:\/\/visitazipolite.com\/shop\/"},{"@type":"ListItem","position":3,"name":"Bacco Restaurante Pizzer\u00eda Bar &#038; Grill"}]},{"@type":"WebSite","@id":"https:\/\/visitazipolite.com\/#website","url":"https:\/\/visitazipolite.com\/","name":"Visita Zipolite","description":"Para\u00edso al Natural","publisher":{"@id":"https:\/\/visitazipolite.com\/#organization"},"potentialAction":[{"@type":"SearchAction","target":{"@type":"EntryPoint","urlTemplate":"https:\/\/visitazipolite.com\/?s={search_term_string}"},"query-input":{"@type":"PropertyValueSpecification","valueRequired":true,"valueName":"search_term_string"}}],"inLanguage":"en-US"},{"@type":"Organization","@id":"https:\/\/visitazipolite.com\/#organization","name":"Visita Zipolite","url":"https:\/\/visitazipolite.com\/","logo":{"@type":"ImageObject","inLanguage":"en-US","@id":"https:\/\/visitazipolite.com\/#\/schema\/logo\/image\/","url":"https:\/\/visitazipolite.com\/wp-content\/uploads\/2023\/01\/logo-visita-zipolite-200px.png","contentUrl":"https:\/\/visitazipolite.com\/wp-content\/uploads\/2023\/01\/logo-visita-zipolite-200px.png","width":500,"height":250,"caption":"Visita Zipolite"},"image":{"@id":"https:\/\/visitazipolite.com\/#\/schema\/logo\/image\/"},"sameAs":["https:\/\/www.facebook.com\/visitazipolite\/","https:\/\/x.com\/Visita_Zipolite","https:\/\/www.instagram.com\/visitazipolite\/"]}]}},"_links":{"self":[{"href":"https:\/\/visitazipolite.com\/en\/wp-json\/wp\/v2\/product\/5913","targetHints":{"allow":["GET"]}}],"collection":[{"href":"https:\/\/visitazipolite.com\/en\/wp-json\/wp\/v2\/product"}],"about":[{"href":"https:\/\/visitazipolite.com\/en\/wp-json\/wp\/v2\/types\/product"}],"replies":[{"embeddable":true,"href":"https:\/\/visitazipolite.com\/en\/wp-json\/wp\/v2\/comments?post=5913"}],"wp:attachment":[{"href":"https:\/\/visitazipolite.com\/en\/wp-json\/wp\/v2\/media?parent=5913"}],"wp:term":[{"taxonomy":"product_brand","embeddable":true,"href":"https:\/\/visitazipolite.com\/en\/wp-json\/wp\/v2\/product_brand?post=5913"},{"taxonomy":"product_cat","embeddable":true,"href":"https:\/\/visitazipolite.com\/en\/wp-json\/wp\/v2\/product_cat?post=5913"},{"taxonomy":"product_tag","embeddable":true,"href":"https:\/\/visitazipolite.com\/en\/wp-json\/wp\/v2\/product_tag?post=5913"}],"curies":[{"name":"wp","href":"https:\/\/api.w.org\/{rel}","templated":true}]}}