{"id":5910,"date":"2023-01-11T00:34:33","date_gmt":"2023-01-11T00:34:33","guid":{"rendered":"https:\/\/visitazipolite.com\/product\/punta-cometa\/"},"modified":"2023-02-08T18:48:36","modified_gmt":"2023-02-08T18:48:36","slug":"punta-cometa","status":"publish","type":"product","link":"https:\/\/visitazipolite.com\/en\/product\/punta-cometa\/","title":{"rendered":"Punta Cometa"},"content":{"rendered":"<p>La media luna que es&nbsp;<strong>Punta Cometa<\/strong>&nbsp;\u2013el \u201ccerro sagrado\u201d de la regi\u00f3n de&nbsp;<strong>Mazunte<\/strong>, en&nbsp;<strong>Oaxaca<\/strong>\u2013, posee una embelesa vista panor\u00e1mica de todo el mar.<\/p>\n<p>Ese lugar donde el cielo y el oc\u00e9ano&nbsp;se unen, es el punto m\u00e1s saliente&nbsp;del&nbsp;<strong>Pac\u00edfico<\/strong>. Un territorio de interminables historias que datan de \u00e9pocas prehisp\u00e1nicas, cuando los aztecas le utilizaron como un fuerte militar. Fue un&nbsp;basti\u00f3n de piratas tambi\u00e9n, donde era posible estudiar el mar, y donde se cree que fueron enterrados muchos tesoros.&nbsp;El sol naciente y sus puestas se avistan con gran maravilla desde \u00e9ste, un&nbsp;acantilado al borde del abismo.<\/p>","protected":false},"excerpt":{"rendered":"<p>La media luna que es&nbsp;Punta Cometa&nbsp;\u2013el \u201ccerro sagrado\u201d de la regi\u00f3n de&nbsp;Mazunte, en&nbsp;Oaxaca\u2013, posee una embelesa vista panor\u00e1mica de todo el mar. Ese lugar donde el cielo y el oc\u00e9ano&nbsp;se unen, es el punto m\u00e1s saliente&nbsp;del&nbsp;Pac\u00edfico. Un territorio de interminables historias que datan de \u00e9pocas prehisp\u00e1nicas, cuando los aztecas le utilizaron como un fuerte militar. [&hellip;]<\/p>\n","protected":false},"featured_media":0,"comment_status":"open","ping_status":"closed","template":"","meta":[],"product_brand":[],"product_cat":[20],"product_tag":[],"class_list":{"0":"post-5910","1":"product","2":"type-product","3":"status-publish","5":"product_cat-listeo-booking","7":"first","8":"instock","9":"virtual","10":"sold-individually","11":"purchasable","12":"product-type-listing_booking"},"yoast_head":"<!-- This site is optimized with the Yoast SEO plugin v26.9 - https:\/\/yoast.com\/product\/yoast-seo-wordpress\/ -->\n<title>Punta Cometa - Visita Zipolite<\/title>\n<meta name=\"robots\" content=\"index, follow, max-snippet:-1, max-image-preview:large, max-video-preview:-1\" \/>\n<link rel=\"canonical\" href=\"https:\/\/visitazipolite.com\/en\/product\/punta-cometa\/\" \/>\n<meta property=\"og:locale\" content=\"en_US\" \/>\n<meta property=\"og:type\" content=\"article\" \/>\n<meta property=\"og:title\" content=\"Punta Cometa - Visita Zipolite\" \/>\n<meta property=\"og:description\" content=\"La media luna que es&nbsp;Punta Cometa&nbsp;\u2013el \u201ccerro sagrado\u201d de la regi\u00f3n de&nbsp;Mazunte, en&nbsp;Oaxaca\u2013, posee una embelesa vista panor\u00e1mica de todo el mar. Ese lugar donde el cielo y el oc\u00e9ano&nbsp;se unen, es el punto m\u00e1s saliente&nbsp;del&nbsp;Pac\u00edfico. Un territorio de interminables historias que datan de \u00e9pocas prehisp\u00e1nicas, cuando los aztecas le utilizaron como un fuerte militar. [&hellip;]\" \/>\n<meta property=\"og:url\" content=\"https:\/\/visitazipolite.com\/en\/product\/punta-cometa\/\" \/>\n<meta property=\"og:site_name\" content=\"Visita Zipolite\" \/>\n<meta property=\"article:publisher\" content=\"https:\/\/www.facebook.com\/visitazipolite\/\" \/>\n<meta property=\"article:modified_time\" content=\"2023-02-08T18:48:36+00:00\" \/>\n<meta name=\"twitter:card\" content=\"summary_large_image\" \/>\n<meta name=\"twitter:site\" content=\"@Visita_Zipolite\" \/>\n<meta name=\"twitter:label1\" content=\"Est. reading time\" \/>\n\t<meta name=\"twitter:data1\" content=\"1 minute\" \/>\n<!-- \/ Yoast SEO plugin. -->","yoast_head_json":{"title":"Punta Cometa - Visita Zipolite","robots":{"index":"index","follow":"follow","max-snippet":"max-snippet:-1","max-image-preview":"max-image-preview:large","max-video-preview":"max-video-preview:-1"},"canonical":"https:\/\/visitazipolite.com\/en\/product\/punta-cometa\/","og_locale":"en_US","og_type":"article","og_title":"Punta Cometa - Visita Zipolite","og_description":"La media luna que es&nbsp;Punta Cometa&nbsp;\u2013el \u201ccerro sagrado\u201d de la regi\u00f3n de&nbsp;Mazunte, en&nbsp;Oaxaca\u2013, posee una embelesa vista panor\u00e1mica de todo el mar. Ese lugar donde el cielo y el oc\u00e9ano&nbsp;se unen, es el punto m\u00e1s saliente&nbsp;del&nbsp;Pac\u00edfico. Un territorio de interminables historias que datan de \u00e9pocas prehisp\u00e1nicas, cuando los aztecas le utilizaron como un fuerte militar. [&hellip;]","og_url":"https:\/\/visitazipolite.com\/en\/product\/punta-cometa\/","og_site_name":"Visita Zipolite","article_publisher":"https:\/\/www.facebook.com\/visitazipolite\/","article_modified_time":"2023-02-08T18:48:36+00:00","twitter_card":"summary_large_image","twitter_site":"@Visita_Zipolite","twitter_misc":{"Est. reading time":"1 minute"},"schema":{"@context":"https:\/\/schema.org","@graph":[{"@type":"WebPage","@id":"https:\/\/visitazipolite.com\/product\/punta-cometa\/","url":"https:\/\/visitazipolite.com\/product\/punta-cometa\/","name":"Punta Cometa - Visita Zipolite","isPartOf":{"@id":"https:\/\/visitazipolite.com\/#website"},"datePublished":"2023-01-11T00:34:33+00:00","dateModified":"2023-02-08T18:48:36+00:00","breadcrumb":{"@id":"https:\/\/visitazipolite.com\/product\/punta-cometa\/#breadcrumb"},"inLanguage":"en-US","potentialAction":[{"@type":"ReadAction","target":["https:\/\/visitazipolite.com\/product\/punta-cometa\/"]}]},{"@type":"BreadcrumbList","@id":"https:\/\/visitazipolite.com\/product\/punta-cometa\/#breadcrumb","itemListElement":[{"@type":"ListItem","position":1,"name":"Portada","item":"https:\/\/visitazipolite.com\/"},{"@type":"ListItem","position":2,"name":"Shop","item":"https:\/\/visitazipolite.com\/shop\/"},{"@type":"ListItem","position":3,"name":"Punta Cometa"}]},{"@type":"WebSite","@id":"https:\/\/visitazipolite.com\/#website","url":"https:\/\/visitazipolite.com\/","name":"Visita Zipolite","description":"Para\u00edso al Natural","publisher":{"@id":"https:\/\/visitazipolite.com\/#organization"},"potentialAction":[{"@type":"SearchAction","target":{"@type":"EntryPoint","urlTemplate":"https:\/\/visitazipolite.com\/?s={search_term_string}"},"query-input":{"@type":"PropertyValueSpecification","valueRequired":true,"valueName":"search_term_string"}}],"inLanguage":"en-US"},{"@type":"Organization","@id":"https:\/\/visitazipolite.com\/#organization","name":"Visita Zipolite","url":"https:\/\/visitazipolite.com\/","logo":{"@type":"ImageObject","inLanguage":"en-US","@id":"https:\/\/visitazipolite.com\/#\/schema\/logo\/image\/","url":"https:\/\/visitazipolite.com\/wp-content\/uploads\/2023\/01\/logo-visita-zipolite-200px.png","contentUrl":"https:\/\/visitazipolite.com\/wp-content\/uploads\/2023\/01\/logo-visita-zipolite-200px.png","width":500,"height":250,"caption":"Visita Zipolite"},"image":{"@id":"https:\/\/visitazipolite.com\/#\/schema\/logo\/image\/"},"sameAs":["https:\/\/www.facebook.com\/visitazipolite\/","https:\/\/x.com\/Visita_Zipolite","https:\/\/www.instagram.com\/visitazipolite\/"]}]}},"_links":{"self":[{"href":"https:\/\/visitazipolite.com\/en\/wp-json\/wp\/v2\/product\/5910","targetHints":{"allow":["GET"]}}],"collection":[{"href":"https:\/\/visitazipolite.com\/en\/wp-json\/wp\/v2\/product"}],"about":[{"href":"https:\/\/visitazipolite.com\/en\/wp-json\/wp\/v2\/types\/product"}],"replies":[{"embeddable":true,"href":"https:\/\/visitazipolite.com\/en\/wp-json\/wp\/v2\/comments?post=5910"}],"wp:attachment":[{"href":"https:\/\/visitazipolite.com\/en\/wp-json\/wp\/v2\/media?parent=5910"}],"wp:term":[{"taxonomy":"product_brand","embeddable":true,"href":"https:\/\/visitazipolite.com\/en\/wp-json\/wp\/v2\/product_brand?post=5910"},{"taxonomy":"product_cat","embeddable":true,"href":"https:\/\/visitazipolite.com\/en\/wp-json\/wp\/v2\/product_cat?post=5910"},{"taxonomy":"product_tag","embeddable":true,"href":"https:\/\/visitazipolite.com\/en\/wp-json\/wp\/v2\/product_tag?post=5910"}],"curies":[{"name":"wp","href":"https:\/\/api.w.org\/{rel}","templated":true}]}}