{"id":5908,"date":"2023-01-11T00:34:33","date_gmt":"2023-01-11T00:34:33","guid":{"rendered":"https:\/\/visitazipolite.com\/product\/nue-la-maxima\/"},"modified":"2023-08-28T19:23:47","modified_gmt":"2023-08-28T19:23:47","slug":"nue-la-maxima","status":"publish","type":"product","link":"https:\/\/visitazipolite.com\/en\/product\/nue-la-maxima\/","title":{"rendered":"Nue La Maxima"},"content":{"rendered":"<p><strong>Hospedaje LGBTTTIQ <\/strong>es un espacio sencillo y comfortable, est\u00e1 ubicado sobre la playa, y cuenta con 4 habitaciones:&nbsp;<strong>la muxe, el chacal, el rey y la reyna,<\/strong>&nbsp;est\u00e1 \u00faltima con aire acondicionado.&nbsp;<em>(Consulta disponibilidad)<\/em>. Encuentra hoteles en zipolite baratos.<\/p>\n\n\n\n<p><\/p>\n\n\n\n<p><strong>Espacio Nudista y pet-friendly.<\/strong><\/p>\n\n\n\n\n\n<p>&nbsp;<\/p>\n\n\n<h2>Descanso en el d\u00eda, diversi\u00f3n en la noche. <\/h2>\n<p>&nbsp;<a href=\"https:\/\/visitazipolite.com\/en\/lugares\/la-maxima-nue\/\">La Maxima Nue Beach Bar.&nbsp;<\/a> Es el lugar de la fiesta en Zipolite. Este beach bar, se ha car\u00e1cterizado en ser uno de los establecimientos principales en Zipolite en ofrecer actividades nocturnas, como shows de drags, karaoke y dem\u00e1s eventos.&nbsp;<\/p>\n<p>\t\t\t\t\t\t\t\t\t\t\t\t\t\t\t<img loading=\"lazy\" decoding=\"async\" width=\"760\" height=\"760\" src=\"http:\/\/visitazipolite.com\/wp-content\/uploads\/2022\/01\/nue-la-maxima-show-bar-en-zipolite-4-1024x1024.jpg\" alt=\"La M\u00e1xima Nue Beach Bar Show Hospedaje\" srcset=\"https:\/\/i0.wp.com\/visitazipolite.com\/wp-content\/uploads\/2022\/01\/nue-la-maxima-show-bar-en-zipolite-4.jpg?resize=1024%2C1024&amp;ssl=1 1024w, https:\/\/i0.wp.com\/visitazipolite.com\/wp-content\/uploads\/2022\/01\/nue-la-maxima-show-bar-en-zipolite-4.jpg?resize=300%2C300&amp;ssl=1 300w, https:\/\/i0.wp.com\/visitazipolite.com\/wp-content\/uploads\/2022\/01\/nue-la-maxima-show-bar-en-zipolite-4.jpg?resize=150%2C150&amp;ssl=1 150w, https:\/\/i0.wp.com\/visitazipolite.com\/wp-content\/uploads\/2022\/01\/nue-la-maxima-show-bar-en-zipolite-4.jpg?resize=768%2C768&amp;ssl=1 768w, https:\/\/i0.wp.com\/visitazipolite.com\/wp-content\/uploads\/2022\/01\/nue-la-maxima-show-bar-en-zipolite-4.jpg?resize=590%2C590&amp;ssl=1 590w, https:\/\/i0.wp.com\/visitazipolite.com\/wp-content\/uploads\/2022\/01\/nue-la-maxima-show-bar-en-zipolite-4.jpg?resize=670%2C670&amp;ssl=1 670w, https:\/\/i0.wp.com\/visitazipolite.com\/wp-content\/uploads\/2022\/01\/nue-la-maxima-show-bar-en-zipolite-4.jpg?resize=577%2C577&amp;ssl=1 577w, https:\/\/i0.wp.com\/visitazipolite.com\/wp-content\/uploads\/2022\/01\/nue-la-maxima-show-bar-en-zipolite-4.jpg?resize=1200%2C1200&amp;ssl=1 1200w, https:\/\/i0.wp.com\/visitazipolite.com\/wp-content\/uploads\/2022\/01\/nue-la-maxima-show-bar-en-zipolite-4.jpg?resize=200%2C200&amp;ssl=1 200w, https:\/\/i0.wp.com\/visitazipolite.com\/wp-content\/uploads\/2022\/01\/nue-la-maxima-show-bar-en-zipolite-4.jpg?resize=1320%2C1320&amp;ssl=1 1320w, https:\/\/i0.wp.com\/visitazipolite.com\/wp-content\/uploads\/2022\/01\/nue-la-maxima-show-bar-en-zipolite-4.jpg?resize=600%2C600&amp;ssl=1 600w, https:\/\/i0.wp.com\/visitazipolite.com\/wp-content\/uploads\/2022\/01\/nue-la-maxima-show-bar-en-zipolite-4.jpg?resize=100%2C100&amp;ssl=1 100w, https:\/\/i0.wp.com\/visitazipolite.com\/wp-content\/uploads\/2022\/01\/nue-la-maxima-show-bar-en-zipolite-4.jpg?w=1440&amp;ssl=1 1440w\" sizes=\"auto, (max-width: 760px) 100vw, 760px\">\t\t\t\t\t\t\t\t\t\t\t\t\t\t\t<\/p>\n<h2>Nue&nbsp;La Maxima, habitaciones limpias y confortables.<\/h2>\n<p>\t\t\t    <a href=\"https:\/\/i0.wp.com\/visitazipolite.com\/wp-content\/uploads\/2022\/01\/habitacion-nue-la-maxima-2.jpg?ssl=1\" border=\"0\" itemprop=\"url\"> <meta itemprop=\"width\" content=\"324\"> <meta itemprop=\"height\" content=\"216\"> <img fetchpriority=\"high\" decoding=\"async\" data-attachment-id=\"6220\" data-orig-file=\"http:\/\/visitazipolite.com\/wp-content\/uploads\/2022\/01\/habitacion-nue-la-maxima-2.jpg\" data-orig-size=\"960,640\" data-comments-opened=\"1\" data-image-meta=\"{&quot;aperture&quot;:&quot;0&quot;,&quot;credit&quot;:&quot;&quot;,&quot;camera&quot;:&quot;&quot;,&quot;caption&quot;:&quot;&quot;,&quot;created_timestamp&quot;:&quot;0&quot;,&quot;copyright&quot;:&quot;&quot;,&quot;focal_length&quot;:&quot;0&quot;,&quot;iso&quot;:&quot;0&quot;,&quot;shutter_speed&quot;:&quot;0&quot;,&quot;title&quot;:&quot;&quot;,&quot;orientation&quot;:&quot;0&quot;}\" data-image-title=\"habitaci\u00f3n nue la maxima 2\" data-image-description=\"\" data-medium-file=\"http:\/\/visitazipolite.com\/wp-content\/uploads\/2022\/01\/habitacion-nue-la-maxima-2-300x200.jpg\" data-large-file=\"http:\/\/visitazipolite.com\/wp-content\/uploads\/2022\/01\/habitacion-nue-la-maxima-2.jpg\" src=\"https:\/\/i0.wp.com\/visitazipolite.com\/wp-content\/uploads\/2022\/01\/habitacion-nue-la-maxima-2.jpg?w=324&amp;h=216&amp;ssl=1\" width=\"324\" height=\"216\" data-original-width=\"324\" data-original-height=\"216\" itemprop=\"http:\/\/schema.org\/image\" title=\"habitaci\u00f3n nue la maxima 2\" alt=\"La M\u00e1xima Nue Beach Bar Show Hospedaje. hoteles en zipolite baratos\" style=\"width: 324px; height: 216px;\"> <\/a>   <a href=\"https:\/\/i0.wp.com\/visitazipolite.com\/wp-content\/uploads\/2022\/01\/habitacion-nue-la-maxima-3.jpg?ssl=1\" border=\"0\" itemprop=\"url\"> <meta itemprop=\"width\" content=\"324\"> <meta itemprop=\"height\" content=\"216\"> <img decoding=\"async\" data-attachment-id=\"6221\" data-orig-file=\"http:\/\/visitazipolite.com\/wp-content\/uploads\/2022\/01\/habitacion-nue-la-maxima-3.jpg\" data-orig-size=\"960,640\" data-comments-opened=\"1\" data-image-meta=\"{&quot;aperture&quot;:&quot;0&quot;,&quot;credit&quot;:&quot;&quot;,&quot;camera&quot;:&quot;&quot;,&quot;caption&quot;:&quot;&quot;,&quot;created_timestamp&quot;:&quot;0&quot;,&quot;copyright&quot;:&quot;&quot;,&quot;focal_length&quot;:&quot;0&quot;,&quot;iso&quot;:&quot;0&quot;,&quot;shutter_speed&quot;:&quot;0&quot;,&quot;title&quot;:&quot;&quot;,&quot;orientation&quot;:&quot;0&quot;}\" data-image-title=\"habitaci\u00f3n nue la maxima 3\" data-image-description=\"\" data-medium-file=\"http:\/\/visitazipolite.com\/wp-content\/uploads\/2022\/01\/habitacion-nue-la-maxima-3-300x200.jpg\" data-large-file=\"http:\/\/visitazipolite.com\/wp-content\/uploads\/2022\/01\/habitacion-nue-la-maxima-3.jpg\" src=\"https:\/\/i0.wp.com\/visitazipolite.com\/wp-content\/uploads\/2022\/01\/habitacion-nue-la-maxima-3.jpg?w=324&amp;h=216&amp;ssl=1\" width=\"324\" height=\"216\" data-original-width=\"324\" data-original-height=\"216\" itemprop=\"http:\/\/schema.org\/image\" title=\"habitaci\u00f3n nue la maxima 3\" alt=\"La M\u00e1xima Nue Beach Bar Show Hospedaje. hoteles en zipolite baratos\" style=\"width: 324px; height: 216px;\"> <\/a>   <a href=\"https:\/\/i0.wp.com\/visitazipolite.com\/wp-content\/uploads\/2022\/01\/habitacion-nue-la-maxima.jpg?ssl=1\" border=\"0\" itemprop=\"url\"> <meta itemprop=\"width\" content=\"324\"> <meta itemprop=\"height\" content=\"322\"> <img decoding=\"async\" data-attachment-id=\"6222\" data-orig-file=\"http:\/\/visitazipolite.com\/wp-content\/uploads\/2022\/01\/habitacion-nue-la-maxima.jpg\" data-orig-size=\"1440,1434\" data-comments-opened=\"1\" data-image-meta=\"{&quot;aperture&quot;:&quot;0&quot;,&quot;credit&quot;:&quot;&quot;,&quot;camera&quot;:&quot;&quot;,&quot;caption&quot;:&quot;&quot;,&quot;created_timestamp&quot;:&quot;0&quot;,&quot;copyright&quot;:&quot;&quot;,&quot;focal_length&quot;:&quot;0&quot;,&quot;iso&quot;:&quot;0&quot;,&quot;shutter_speed&quot;:&quot;0&quot;,&quot;title&quot;:&quot;&quot;,&quot;orientation&quot;:&quot;0&quot;}\" data-image-title=\"habitaci\u00f3n nue la maxima\" data-image-description=\"\" data-medium-file=\"http:\/\/visitazipolite.com\/wp-content\/uploads\/2022\/01\/habitacion-nue-la-maxima-300x300.jpg\" data-large-file=\"http:\/\/visitazipolite.com\/wp-content\/uploads\/2022\/01\/habitacion-nue-la-maxima-1024x1020.jpg\" src=\"https:\/\/i0.wp.com\/visitazipolite.com\/wp-content\/uploads\/2022\/01\/habitacion-nue-la-maxima.jpg?w=324&amp;h=322&amp;ssl=1\" width=\"324\" height=\"322\" data-original-width=\"324\" data-original-height=\"322\" itemprop=\"http:\/\/schema.org\/image\" title=\"habitaci\u00f3n nue la maxima\" alt=\"La M\u00e1xima Nue Beach Bar Show Hospedaje. hoteles en zipolite baratos\" style=\"width: 324px; height: 322px;\"> <\/a>   <!-- close group -->   <a href=\"https:\/\/i0.wp.com\/visitazipolite.com\/wp-content\/uploads\/2022\/01\/nue-la-maxima-exterior-3.jpg?ssl=1\" border=\"0\" itemprop=\"url\"> <meta itemprop=\"width\" content=\"428\"> <meta itemprop=\"height\" content=\"762\"> <img loading=\"lazy\" decoding=\"async\" data-attachment-id=\"6218\" data-orig-file=\"http:\/\/visitazipolite.com\/wp-content\/uploads\/2022\/01\/nue-la-maxima-exterior-3.jpg\" data-orig-size=\"540,960\" data-comments-opened=\"1\" data-image-meta=\"{&quot;aperture&quot;:&quot;0&quot;,&quot;credit&quot;:&quot;&quot;,&quot;camera&quot;:&quot;&quot;,&quot;caption&quot;:&quot;&quot;,&quot;created_timestamp&quot;:&quot;0&quot;,&quot;copyright&quot;:&quot;&quot;,&quot;focal_length&quot;:&quot;0&quot;,&quot;iso&quot;:&quot;0&quot;,&quot;shutter_speed&quot;:&quot;0&quot;,&quot;title&quot;:&quot;&quot;,&quot;orientation&quot;:&quot;0&quot;}\" data-image-title=\"nue la maxima exterior 3\" data-image-description=\"\" data-medium-file=\"http:\/\/visitazipolite.com\/wp-content\/uploads\/2022\/01\/nue-la-maxima-exterior-3-169x300.jpg\" data-large-file=\"http:\/\/visitazipolite.com\/wp-content\/uploads\/2022\/01\/nue-la-maxima-exterior-3.jpg\" src=\"https:\/\/i0.wp.com\/visitazipolite.com\/wp-content\/uploads\/2022\/01\/nue-la-maxima-exterior-3.jpg?w=428&amp;h=762&amp;ssl=1\" width=\"428\" height=\"762\" data-original-width=\"428\" data-original-height=\"762\" itemprop=\"http:\/\/schema.org\/image\" title=\"nue la maxima exterior 3\" alt=\"La M\u00e1xima Nue Beach Bar Show Hospedaje\" style=\"width: 428px; height: 762px;\"> <\/a>   <!-- close group -->  <!-- close row -->    <a href=\"https:\/\/i0.wp.com\/visitazipolite.com\/wp-content\/uploads\/2022\/01\/nue-la-maxima-exterior.jpg?ssl=1\" border=\"0\" itemprop=\"url\"> <meta itemprop=\"width\" content=\"756\"> <meta itemprop=\"height\" content=\"567\"> <img loading=\"lazy\" decoding=\"async\" data-attachment-id=\"6219\" data-orig-file=\"http:\/\/visitazipolite.com\/wp-content\/uploads\/2022\/01\/nue-la-maxima-exterior.jpg\" data-orig-size=\"960,720\" data-comments-opened=\"1\" data-image-meta=\"{&quot;aperture&quot;:&quot;0&quot;,&quot;credit&quot;:&quot;&quot;,&quot;camera&quot;:&quot;&quot;,&quot;caption&quot;:&quot;&quot;,&quot;created_timestamp&quot;:&quot;0&quot;,&quot;copyright&quot;:&quot;&quot;,&quot;focal_length&quot;:&quot;0&quot;,&quot;iso&quot;:&quot;0&quot;,&quot;shutter_speed&quot;:&quot;0&quot;,&quot;title&quot;:&quot;&quot;,&quot;orientation&quot;:&quot;0&quot;}\" data-image-title=\"nue la maxima exterior\" data-image-description=\"\" data-medium-file=\"http:\/\/visitazipolite.com\/wp-content\/uploads\/2022\/01\/nue-la-maxima-exterior-300x225.jpg\" data-large-file=\"http:\/\/visitazipolite.com\/wp-content\/uploads\/2022\/01\/nue-la-maxima-exterior.jpg\" src=\"https:\/\/i0.wp.com\/visitazipolite.com\/wp-content\/uploads\/2022\/01\/nue-la-maxima-exterior.jpg?w=756&amp;h=567&amp;ssl=1\" width=\"756\" height=\"567\" data-original-width=\"756\" data-original-height=\"567\" itemprop=\"http:\/\/schema.org\/image\" title=\"nue la maxima exterior\" alt=\"La M\u00e1xima Nue Beach Bar Show Hospedaje\" style=\"width: 756px; height: 567px;\"> <\/a>   <!-- close group -->  <!-- close row --> \t\t<\/p>\n<h3 style=\"text-align:center;\"> Reserva hoteles en zipolite baratos   Env\u00eda una consulta de reserva<\/h3>\n\n<div class=\"wpcf7 no-js\" id=\"wpcf7-f4358-o1\" lang=\"es-MX\" dir=\"ltr\" data-wpcf7-id=\"4358\">\n<div class=\"screen-reader-response\"><p role=\"status\" aria-live=\"polite\" aria-atomic=\"true\"><\/p> <ul><\/ul><\/div>\n<form action=\"\/en\/wp-json\/wp\/v2\/product\/5908#wpcf7-f4358-o1\" method=\"post\" class=\"wpcf7-form init\" aria-label=\"Formulario de contacto\" novalidate=\"novalidate\" data-status=\"init\" data-trp-original-action=\"\/en\/wp-json\/wp\/v2\/product\/5908#wpcf7-f4358-o1\">\n<fieldset class=\"hidden-fields-container\"><input type=\"hidden\" name=\"_wpcf7\" value=\"4358\" \/><input type=\"hidden\" name=\"_wpcf7_version\" value=\"6.1.5\" \/><input type=\"hidden\" name=\"_wpcf7_locale\" value=\"es_MX\" \/><input type=\"hidden\" name=\"_wpcf7_unit_tag\" value=\"wpcf7-f4358-o1\" \/><input type=\"hidden\" name=\"_wpcf7_container_post\" value=\"0\" \/><input type=\"hidden\" name=\"_wpcf7_posted_data_hash\" value=\"\" \/><input type=\"hidden\" name=\"_wpcf7_recaptcha_response\" value=\"\" \/>\n<\/fieldset>\n<p><label> Tu Nombre*<br \/>\n<span class=\"wpcf7-form-control-wrap\" data-name=\"your-name\"><input size=\"40\" maxlength=\"400\" class=\"wpcf7-form-control wpcf7-text wpcf7-validates-as-required\" aria-required=\"true\" aria-invalid=\"false\" value=\"\" type=\"text\" name=\"your-name\" \/><\/span> <\/label><br \/>\n<label> Correo electr\u00f3nico*<br \/>\n<span class=\"wpcf7-form-control-wrap\" data-name=\"your-email\"><input size=\"40\" maxlength=\"400\" class=\"wpcf7-form-control wpcf7-email wpcf7-validates-as-required wpcf7-text wpcf7-validates-as-email\" aria-required=\"true\" aria-invalid=\"false\" value=\"\" type=\"email\" name=\"your-email\" \/><\/span> <\/label><br \/>\n<label>Tel\u00e9fono*<br \/>\n<span class=\"wpcf7-form-control-wrap\" data-name=\"tel-308\"><input size=\"40\" maxlength=\"13\" minlength=\"10\" class=\"wpcf7-form-control wpcf7-tel wpcf7-validates-as-required wpcf7-text wpcf7-validates-as-tel\" aria-required=\"true\" aria-invalid=\"false\" value=\"\" type=\"tel\" name=\"tel-308\" \/><\/span><br \/>\n<small><em> Ingresa solo n\u00fameros min 10 d\u00edgitos max 13<\/em><\/small><br \/>\n<\/label>\n<\/p>\n<p><label> Fecha de entrada* <span class=\"wpcf7-form-control-wrap\" data-name=\"entrada\"><input class=\"wpcf7-form-control wpcf7-date wpcf7-validates-as-required wpcf7-validates-as-date\" aria-required=\"true\" aria-invalid=\"false\" value=\"\" type=\"date\" name=\"entrada\" \/><\/span><\/label><label>Fecha de salida* <span class=\"wpcf7-form-control-wrap\" data-name=\"salida\"><input class=\"wpcf7-form-control wpcf7-date wpcf7-validates-as-required wpcf7-validates-as-date\" aria-required=\"true\" aria-invalid=\"false\" value=\"\" type=\"date\" name=\"salida\" \/><\/span><\/label>\n<\/p>\n<p><label> Habitaciones*<br \/>\n<span class=\"wpcf7-form-control-wrap\" data-name=\"Habitaciones\"><input class=\"wpcf7-form-control wpcf7-number wpcf7-validates-as-required wpcf7-validates-as-number\" min=\"1\" max=\"6\" aria-required=\"true\" aria-invalid=\"false\" value=\"1\" type=\"number\" name=\"Habitaciones\" \/><\/span><\/label><br \/>\n<label> Personas*<br \/>\n<span class=\"wpcf7-form-control-wrap\" data-name=\"Personas\"><input class=\"wpcf7-form-control wpcf7-number wpcf7-validates-as-required wpcf7-validates-as-number\" min=\"1\" max=\"16\" aria-required=\"true\" aria-invalid=\"false\" value=\"1\" type=\"number\" name=\"Personas\" \/><\/span><\/label>\n<\/p>\n<p><label> Solicitudes especiales<br \/>\n<span class=\"wpcf7-form-control-wrap\" data-name=\"solicitudes\"><input size=\"40\" maxlength=\"400\" class=\"wpcf7-form-control wpcf7-text wpcf7-validates-as-required\" aria-required=\"true\" aria-invalid=\"false\" value=\"\" type=\"text\" name=\"solicitudes\" \/><\/span> <\/label>\n<\/p>\n<p><span class=\"wpcf7-form-control-wrap\" data-name=\"acceptance-898\"><span class=\"wpcf7-form-control wpcf7-acceptance\"><span class=\"wpcf7-list-item\"><label><input type=\"checkbox\" name=\"acceptance-898\" value=\"1\" aria-invalid=\"false\" \/><span class=\"wpcf7-list-item-label\">Visita Zipolite, no gestiona y cobra por las reservas, est\u00e1s se hacen directamente con el Hotel. Acepto terminos y condiciones<\/span><\/label><\/span><\/span><\/span>\n<\/p>\n<p><input class=\"wpcf7-form-control wpcf7-submit has-spinner\" type=\"submit\" value=\"Enviar\" \/>\n<\/p><p style=\"display: none !important;\" class=\"akismet-fields-container\" data-prefix=\"_wpcf7_ak_\"><label>&#916;<textarea name=\"_wpcf7_ak_hp_textarea\" cols=\"45\" rows=\"8\" maxlength=\"100\"><\/textarea><\/label><input type=\"hidden\" id=\"ak_js_1\" name=\"_wpcf7_ak_js\" value=\"59\"\/><script>document.getElementById( \"ak_js_1\" ).setAttribute( \"value\", ( new Date() ).getTime() );<\/script><\/p><div class=\"wpcf7-response-output\" aria-hidden=\"true\"><\/div>\n<input type=\"hidden\" name=\"trp-form-language\" value=\"en\"\/><\/form>\n<\/div>","protected":false},"excerpt":{"rendered":"<p>Hospedaje LGBTTTIQ es un espacio sencillo y comfortable, est\u00e1 ubicado sobre la playa, y cuenta con 4 habitaciones:&nbsp;la muxe, el chacal, el rey y la reyna,&nbsp;est\u00e1 \u00faltima con aire acondicionado.&nbsp;(Consulta disponibilidad). Encuentra hoteles en zipolite baratos. Espacio Nudista y pet-friendly. &nbsp; Descanso en el d\u00eda, diversi\u00f3n en la noche. &nbsp;La Maxima Nue Beach Bar.&nbsp; Es [&hellip;]<\/p>\n","protected":false},"featured_media":0,"comment_status":"open","ping_status":"closed","template":"","meta":[],"product_brand":[],"product_cat":[20],"product_tag":[],"class_list":{"0":"post-5908","1":"product","2":"type-product","3":"status-publish","5":"product_cat-listeo-booking","7":"first","8":"instock","9":"virtual","10":"sold-individually","11":"purchasable","12":"product-type-listing_booking"},"yoast_head":"<!-- This site is optimized with the Yoast SEO plugin v26.9 - https:\/\/yoast.com\/product\/yoast-seo-wordpress\/ -->\n<title>Nue La Maxima - Visita Zipolite<\/title>\n<meta name=\"robots\" content=\"index, follow, max-snippet:-1, max-image-preview:large, max-video-preview:-1\" \/>\n<link rel=\"canonical\" href=\"https:\/\/visitazipolite.com\/en\/product\/nue-la-maxima\/\" \/>\n<meta property=\"og:locale\" content=\"en_US\" \/>\n<meta property=\"og:type\" content=\"article\" \/>\n<meta property=\"og:title\" content=\"Nue La Maxima - Visita Zipolite\" \/>\n<meta property=\"og:description\" content=\"Hospedaje LGBTTTIQ es un espacio sencillo y comfortable, est\u00e1 ubicado sobre la playa, y cuenta con 4 habitaciones:&nbsp;la muxe, el chacal, el rey y la reyna,&nbsp;est\u00e1 \u00faltima con aire acondicionado.&nbsp;(Consulta disponibilidad). Encuentra hoteles en zipolite baratos. Espacio Nudista y pet-friendly. &nbsp; Descanso en el d\u00eda, diversi\u00f3n en la noche. &nbsp;La Maxima Nue Beach Bar.&nbsp; Es [&hellip;]\" \/>\n<meta property=\"og:url\" content=\"https:\/\/visitazipolite.com\/en\/product\/nue-la-maxima\/\" \/>\n<meta property=\"og:site_name\" content=\"Visita Zipolite\" \/>\n<meta property=\"article:publisher\" content=\"https:\/\/www.facebook.com\/visitazipolite\/\" \/>\n<meta property=\"article:modified_time\" content=\"2023-08-28T19:23:47+00:00\" \/>\n<meta property=\"og:image\" content=\"http:\/\/visitazipolite.com\/wp-content\/uploads\/2022\/01\/nue-la-maxima-show-bar-en-zipolite-4-1024x1024.jpg\" \/>\n<meta name=\"twitter:card\" content=\"summary_large_image\" \/>\n<meta name=\"twitter:site\" content=\"@Visita_Zipolite\" \/>\n<meta name=\"twitter:label1\" content=\"Est. reading time\" \/>\n\t<meta name=\"twitter:data1\" content=\"1 minute\" \/>\n<!-- \/ Yoast SEO plugin. -->","yoast_head_json":{"title":"Nue La Maxima - Visita Zipolite","robots":{"index":"index","follow":"follow","max-snippet":"max-snippet:-1","max-image-preview":"max-image-preview:large","max-video-preview":"max-video-preview:-1"},"canonical":"https:\/\/visitazipolite.com\/en\/product\/nue-la-maxima\/","og_locale":"en_US","og_type":"article","og_title":"Nue La Maxima - Visita Zipolite","og_description":"Hospedaje LGBTTTIQ es un espacio sencillo y comfortable, est\u00e1 ubicado sobre la playa, y cuenta con 4 habitaciones:&nbsp;la muxe, el chacal, el rey y la reyna,&nbsp;est\u00e1 \u00faltima con aire acondicionado.&nbsp;(Consulta disponibilidad). Encuentra hoteles en zipolite baratos. Espacio Nudista y pet-friendly. &nbsp; Descanso en el d\u00eda, diversi\u00f3n en la noche. &nbsp;La Maxima Nue Beach Bar.&nbsp; Es [&hellip;]","og_url":"https:\/\/visitazipolite.com\/en\/product\/nue-la-maxima\/","og_site_name":"Visita Zipolite","article_publisher":"https:\/\/www.facebook.com\/visitazipolite\/","article_modified_time":"2023-08-28T19:23:47+00:00","og_image":[{"url":"http:\/\/visitazipolite.com\/wp-content\/uploads\/2022\/01\/nue-la-maxima-show-bar-en-zipolite-4-1024x1024.jpg","type":"","width":"","height":""}],"twitter_card":"summary_large_image","twitter_site":"@Visita_Zipolite","twitter_misc":{"Est. reading time":"1 minute"},"schema":{"@context":"https:\/\/schema.org","@graph":[{"@type":"WebPage","@id":"https:\/\/visitazipolite.com\/product\/nue-la-maxima\/","url":"https:\/\/visitazipolite.com\/product\/nue-la-maxima\/","name":"Nue La Maxima - Visita Zipolite","isPartOf":{"@id":"https:\/\/visitazipolite.com\/#website"},"primaryImageOfPage":{"@id":"https:\/\/visitazipolite.com\/product\/nue-la-maxima\/#primaryimage"},"image":{"@id":"https:\/\/visitazipolite.com\/product\/nue-la-maxima\/#primaryimage"},"thumbnailUrl":"http:\/\/visitazipolite.com\/wp-content\/uploads\/2022\/01\/nue-la-maxima-show-bar-en-zipolite-4-1024x1024.jpg","datePublished":"2023-01-11T00:34:33+00:00","dateModified":"2023-08-28T19:23:47+00:00","breadcrumb":{"@id":"https:\/\/visitazipolite.com\/product\/nue-la-maxima\/#breadcrumb"},"inLanguage":"en-US","potentialAction":[{"@type":"ReadAction","target":["https:\/\/visitazipolite.com\/product\/nue-la-maxima\/"]}]},{"@type":"ImageObject","inLanguage":"en-US","@id":"https:\/\/visitazipolite.com\/product\/nue-la-maxima\/#primaryimage","url":"http:\/\/visitazipolite.com\/wp-content\/uploads\/2022\/01\/nue-la-maxima-show-bar-en-zipolite-4-1024x1024.jpg","contentUrl":"http:\/\/visitazipolite.com\/wp-content\/uploads\/2022\/01\/nue-la-maxima-show-bar-en-zipolite-4-1024x1024.jpg"},{"@type":"BreadcrumbList","@id":"https:\/\/visitazipolite.com\/product\/nue-la-maxima\/#breadcrumb","itemListElement":[{"@type":"ListItem","position":1,"name":"Portada","item":"https:\/\/visitazipolite.com\/"},{"@type":"ListItem","position":2,"name":"Shop","item":"https:\/\/visitazipolite.com\/shop\/"},{"@type":"ListItem","position":3,"name":"Nue La Maxima"}]},{"@type":"WebSite","@id":"https:\/\/visitazipolite.com\/#website","url":"https:\/\/visitazipolite.com\/","name":"Visita Zipolite","description":"Para\u00edso al Natural","publisher":{"@id":"https:\/\/visitazipolite.com\/#organization"},"potentialAction":[{"@type":"SearchAction","target":{"@type":"EntryPoint","urlTemplate":"https:\/\/visitazipolite.com\/?s={search_term_string}"},"query-input":{"@type":"PropertyValueSpecification","valueRequired":true,"valueName":"search_term_string"}}],"inLanguage":"en-US"},{"@type":"Organization","@id":"https:\/\/visitazipolite.com\/#organization","name":"Visita Zipolite","url":"https:\/\/visitazipolite.com\/","logo":{"@type":"ImageObject","inLanguage":"en-US","@id":"https:\/\/visitazipolite.com\/#\/schema\/logo\/image\/","url":"https:\/\/visitazipolite.com\/wp-content\/uploads\/2023\/01\/logo-visita-zipolite-200px.png","contentUrl":"https:\/\/visitazipolite.com\/wp-content\/uploads\/2023\/01\/logo-visita-zipolite-200px.png","width":500,"height":250,"caption":"Visita Zipolite"},"image":{"@id":"https:\/\/visitazipolite.com\/#\/schema\/logo\/image\/"},"sameAs":["https:\/\/www.facebook.com\/visitazipolite\/","https:\/\/x.com\/Visita_Zipolite","https:\/\/www.instagram.com\/visitazipolite\/"]}]}},"_links":{"self":[{"href":"https:\/\/visitazipolite.com\/en\/wp-json\/wp\/v2\/product\/5908","targetHints":{"allow":["GET"]}}],"collection":[{"href":"https:\/\/visitazipolite.com\/en\/wp-json\/wp\/v2\/product"}],"about":[{"href":"https:\/\/visitazipolite.com\/en\/wp-json\/wp\/v2\/types\/product"}],"replies":[{"embeddable":true,"href":"https:\/\/visitazipolite.com\/en\/wp-json\/wp\/v2\/comments?post=5908"}],"wp:attachment":[{"href":"https:\/\/visitazipolite.com\/en\/wp-json\/wp\/v2\/media?parent=5908"}],"wp:term":[{"taxonomy":"product_brand","embeddable":true,"href":"https:\/\/visitazipolite.com\/en\/wp-json\/wp\/v2\/product_brand?post=5908"},{"taxonomy":"product_cat","embeddable":true,"href":"https:\/\/visitazipolite.com\/en\/wp-json\/wp\/v2\/product_cat?post=5908"},{"taxonomy":"product_tag","embeddable":true,"href":"https:\/\/visitazipolite.com\/en\/wp-json\/wp\/v2\/product_tag?post=5908"}],"curies":[{"name":"wp","href":"https:\/\/api.w.org\/{rel}","templated":true}]}}