{"id":5902,"date":"2023-01-11T00:34:32","date_gmt":"2023-01-11T00:34:32","guid":{"rendered":"https:\/\/visitazipolite.com\/product\/budamar-zipolite\/"},"modified":"2025-06-24T00:22:00","modified_gmt":"2025-06-24T00:22:00","slug":"budamar-zipolite","status":"publish","type":"product","link":"https:\/\/visitazipolite.com\/en\/product\/budamar-zipolite\/","title":{"rendered":"BudaMar Zipolite"},"content":{"rendered":"<p>Budamar Zipolite, es un hotelito que cuenta con 13 habitaciones estilo &#8220;rustico -chic&#8221; ubicado a pie de playa en Playa Zipolite Oaxaca con restaurante-bar<\/p>\n\n\n\n<h2 class=\"wp-block-heading\">Es un hotel nudista con esp\u00edritu libre y buena vibra.<\/h2>\n\n\n\n<p><\/p>\n\n\n<p>No llegas a un hotel, llegas a la casa de un amigo!!, es un lugar perfecto si te quieres desconectar de cualquier bullicio, la atenci\u00f3n es singular, desde que llegas te sientes como si estuvieras en casa, maravillosa atenci\u00f3n de todos los que ah\u00ed trabajan, no se arrepentir\u00e1n.<\/p>\n<h3 style=\"text-align:center\"> Reservaciones   realiza una consulta de reserva<\/h3>\n\n<div class=\"wpcf7 no-js\" id=\"wpcf7-f5033-o1\" lang=\"es-MX\" dir=\"ltr\" data-wpcf7-id=\"5033\">\n<div class=\"screen-reader-response\"><p role=\"status\" aria-live=\"polite\" aria-atomic=\"true\"><\/p> <ul><\/ul><\/div>\n<form action=\"\/en\/wp-json\/wp\/v2\/product\/5902#wpcf7-f5033-o1\" method=\"post\" class=\"wpcf7-form init\" aria-label=\"Formulario de contacto\" novalidate=\"novalidate\" data-status=\"init\" data-trp-original-action=\"\/en\/wp-json\/wp\/v2\/product\/5902#wpcf7-f5033-o1\">\n<fieldset class=\"hidden-fields-container\"><input type=\"hidden\" name=\"_wpcf7\" value=\"5033\" \/><input type=\"hidden\" name=\"_wpcf7_version\" value=\"6.1.5\" \/><input type=\"hidden\" name=\"_wpcf7_locale\" value=\"es_MX\" \/><input type=\"hidden\" name=\"_wpcf7_unit_tag\" value=\"wpcf7-f5033-o1\" \/><input type=\"hidden\" name=\"_wpcf7_container_post\" value=\"0\" \/><input type=\"hidden\" name=\"_wpcf7_posted_data_hash\" value=\"\" \/><input type=\"hidden\" name=\"_wpcf7_recaptcha_response\" value=\"\" \/>\n<\/fieldset>\n<p><label> Tu Nombre*<br \/>\n<span class=\"wpcf7-form-control-wrap\" data-name=\"your-name\"><input size=\"40\" maxlength=\"400\" class=\"wpcf7-form-control wpcf7-text wpcf7-validates-as-required\" aria-required=\"true\" aria-invalid=\"false\" value=\"\" type=\"text\" name=\"your-name\" \/><\/span> <\/label><br \/>\n<label> Correo electr\u00f3nico*<br \/>\n<span class=\"wpcf7-form-control-wrap\" data-name=\"your-email\"><input size=\"40\" maxlength=\"400\" class=\"wpcf7-form-control wpcf7-email wpcf7-validates-as-required wpcf7-text wpcf7-validates-as-email\" aria-required=\"true\" aria-invalid=\"false\" value=\"\" type=\"email\" name=\"your-email\" \/><\/span> <\/label><br \/>\n<label>Tel\u00e9fono*<br \/>\n<span class=\"wpcf7-form-control-wrap\" data-name=\"tel-308\"><input size=\"40\" maxlength=\"13\" minlength=\"10\" class=\"wpcf7-form-control wpcf7-tel wpcf7-validates-as-required wpcf7-text wpcf7-validates-as-tel\" aria-required=\"true\" aria-invalid=\"false\" value=\"\" type=\"tel\" name=\"tel-308\" \/><\/span><br \/>\n<small><em> Ingresa solo n\u00fameros min 10 d\u00edgitos max 13<\/em><\/small><br \/>\n<\/label>\n<\/p>\n<p><label> Fecha de entrada* <span class=\"wpcf7-form-control-wrap\" data-name=\"entrada\"><input class=\"wpcf7-form-control wpcf7-date wpcf7-validates-as-required wpcf7-validates-as-date\" aria-required=\"true\" aria-invalid=\"false\" value=\"\" type=\"date\" name=\"entrada\" \/><\/span><\/label><label>Fecha de salida* <span class=\"wpcf7-form-control-wrap\" data-name=\"salida\"><input class=\"wpcf7-form-control wpcf7-date wpcf7-validates-as-required wpcf7-validates-as-date\" aria-required=\"true\" aria-invalid=\"false\" value=\"\" type=\"date\" name=\"salida\" \/><\/span><\/label>\n<\/p>\n<p><label> Habitaciones*<br \/>\n<span class=\"wpcf7-form-control-wrap\" data-name=\"Habitaciones\"><input class=\"wpcf7-form-control wpcf7-number wpcf7-validates-as-required wpcf7-validates-as-number\" min=\"1\" max=\"6\" aria-required=\"true\" aria-invalid=\"false\" value=\"1\" type=\"number\" name=\"Habitaciones\" \/><\/span><\/label><br \/>\n<label> Personas*<br \/>\n<span class=\"wpcf7-form-control-wrap\" data-name=\"Personas\"><input class=\"wpcf7-form-control wpcf7-number wpcf7-validates-as-required wpcf7-validates-as-number\" min=\"1\" max=\"16\" aria-required=\"true\" aria-invalid=\"false\" value=\"1\" type=\"number\" name=\"Personas\" \/><\/span><\/label>\n<\/p>\n<p><label> Solicitudes especiales<br \/>\n<span class=\"wpcf7-form-control-wrap\" data-name=\"solicitudes\"><input size=\"40\" maxlength=\"400\" class=\"wpcf7-form-control wpcf7-text wpcf7-validates-as-required\" aria-required=\"true\" aria-invalid=\"false\" value=\"\" type=\"text\" name=\"solicitudes\" \/><\/span> <\/label>\n<\/p>\n<p><span class=\"wpcf7-form-control-wrap\" data-name=\"acceptance-898\"><span class=\"wpcf7-form-control wpcf7-acceptance\"><span class=\"wpcf7-list-item\"><label><input type=\"checkbox\" name=\"acceptance-898\" value=\"1\" aria-invalid=\"false\" \/><span class=\"wpcf7-list-item-label\">Visita Zipolite, no gestiona y cobra por las reservas, est\u00e1s se hacen directamente con el Hotel. Acepto terminos y condiciones<\/span><\/label><\/span><\/span><\/span>\n<\/p>\n<p><input class=\"wpcf7-form-control wpcf7-submit has-spinner\" type=\"submit\" value=\"Enviar\" \/>\n<\/p><p style=\"display: none !important;\" class=\"akismet-fields-container\" data-prefix=\"_wpcf7_ak_\"><label>&#916;<textarea name=\"_wpcf7_ak_hp_textarea\" cols=\"45\" rows=\"8\" maxlength=\"100\"><\/textarea><\/label><input type=\"hidden\" id=\"ak_js_1\" name=\"_wpcf7_ak_js\" value=\"104\"\/><script>document.getElementById( \"ak_js_1\" ).setAttribute( \"value\", ( new Date() ).getTime() );<\/script><\/p><div class=\"wpcf7-response-output\" aria-hidden=\"true\"><\/div>\n<input type=\"hidden\" name=\"trp-form-language\" value=\"en\"\/><\/form>\n<\/div>","protected":false},"excerpt":{"rendered":"<p>Budamar Zipolite, es un hotelito que cuenta con 13 habitaciones estilo &#8220;rustico -chic&#8221; ubicado a pie de playa en Playa Zipolite Oaxaca con restaurante-bar Es un hotel nudista con esp\u00edritu libre y buena vibra. No llegas a un hotel, llegas a la casa de un amigo!!, es un lugar perfecto si te quieres desconectar de [&hellip;]<\/p>\n","protected":false},"featured_media":0,"comment_status":"open","ping_status":"closed","template":"","meta":[],"product_brand":[],"product_cat":[20],"product_tag":[],"class_list":{"0":"post-5902","1":"product","2":"type-product","3":"status-publish","5":"product_cat-listeo-booking","7":"first","8":"instock","9":"virtual","10":"sold-individually","11":"purchasable","12":"product-type-listing_booking"},"yoast_head":"<!-- This site is optimized with the Yoast SEO plugin v26.9 - https:\/\/yoast.com\/product\/yoast-seo-wordpress\/ -->\n<title>BudaMar Zipolite - Visita Zipolite<\/title>\n<meta name=\"robots\" content=\"index, follow, max-snippet:-1, max-image-preview:large, max-video-preview:-1\" \/>\n<link rel=\"canonical\" href=\"https:\/\/visitazipolite.com\/en\/product\/budamar-zipolite\/\" \/>\n<meta property=\"og:locale\" content=\"en_US\" \/>\n<meta property=\"og:type\" content=\"article\" \/>\n<meta property=\"og:title\" content=\"BudaMar Zipolite - Visita Zipolite\" \/>\n<meta property=\"og:description\" content=\"Budamar Zipolite, es un hotelito que cuenta con 13 habitaciones estilo &#8220;rustico -chic&#8221; ubicado a pie de playa en Playa Zipolite Oaxaca con restaurante-bar Es un hotel nudista con esp\u00edritu libre y buena vibra. No llegas a un hotel, llegas a la casa de un amigo!!, es un lugar perfecto si te quieres desconectar de [&hellip;]\" \/>\n<meta property=\"og:url\" content=\"https:\/\/visitazipolite.com\/en\/product\/budamar-zipolite\/\" \/>\n<meta property=\"og:site_name\" content=\"Visita Zipolite\" \/>\n<meta property=\"article:publisher\" content=\"https:\/\/www.facebook.com\/visitazipolite\/\" \/>\n<meta property=\"article:modified_time\" content=\"2025-06-24T00:22:00+00:00\" \/>\n<meta name=\"twitter:card\" content=\"summary_large_image\" \/>\n<meta name=\"twitter:site\" content=\"@Visita_Zipolite\" \/>\n<!-- \/ Yoast SEO plugin. -->","yoast_head_json":{"title":"BudaMar Zipolite - Visita Zipolite","robots":{"index":"index","follow":"follow","max-snippet":"max-snippet:-1","max-image-preview":"max-image-preview:large","max-video-preview":"max-video-preview:-1"},"canonical":"https:\/\/visitazipolite.com\/en\/product\/budamar-zipolite\/","og_locale":"en_US","og_type":"article","og_title":"BudaMar Zipolite - Visita Zipolite","og_description":"Budamar Zipolite, es un hotelito que cuenta con 13 habitaciones estilo &#8220;rustico -chic&#8221; ubicado a pie de playa en Playa Zipolite Oaxaca con restaurante-bar Es un hotel nudista con esp\u00edritu libre y buena vibra. No llegas a un hotel, llegas a la casa de un amigo!!, es un lugar perfecto si te quieres desconectar de [&hellip;]","og_url":"https:\/\/visitazipolite.com\/en\/product\/budamar-zipolite\/","og_site_name":"Visita Zipolite","article_publisher":"https:\/\/www.facebook.com\/visitazipolite\/","article_modified_time":"2025-06-24T00:22:00+00:00","twitter_card":"summary_large_image","twitter_site":"@Visita_Zipolite","schema":{"@context":"https:\/\/schema.org","@graph":[{"@type":"WebPage","@id":"https:\/\/visitazipolite.com\/product\/budamar-zipolite\/","url":"https:\/\/visitazipolite.com\/product\/budamar-zipolite\/","name":"BudaMar Zipolite - Visita Zipolite","isPartOf":{"@id":"https:\/\/visitazipolite.com\/#website"},"datePublished":"2023-01-11T00:34:32+00:00","dateModified":"2025-06-24T00:22:00+00:00","breadcrumb":{"@id":"https:\/\/visitazipolite.com\/product\/budamar-zipolite\/#breadcrumb"},"inLanguage":"en-US","potentialAction":[{"@type":"ReadAction","target":["https:\/\/visitazipolite.com\/product\/budamar-zipolite\/"]}]},{"@type":"BreadcrumbList","@id":"https:\/\/visitazipolite.com\/product\/budamar-zipolite\/#breadcrumb","itemListElement":[{"@type":"ListItem","position":1,"name":"Portada","item":"https:\/\/visitazipolite.com\/"},{"@type":"ListItem","position":2,"name":"Shop","item":"https:\/\/visitazipolite.com\/shop\/"},{"@type":"ListItem","position":3,"name":"BudaMar Zipolite"}]},{"@type":"WebSite","@id":"https:\/\/visitazipolite.com\/#website","url":"https:\/\/visitazipolite.com\/","name":"Visita Zipolite","description":"Para\u00edso al Natural","publisher":{"@id":"https:\/\/visitazipolite.com\/#organization"},"potentialAction":[{"@type":"SearchAction","target":{"@type":"EntryPoint","urlTemplate":"https:\/\/visitazipolite.com\/?s={search_term_string}"},"query-input":{"@type":"PropertyValueSpecification","valueRequired":true,"valueName":"search_term_string"}}],"inLanguage":"en-US"},{"@type":"Organization","@id":"https:\/\/visitazipolite.com\/#organization","name":"Visita Zipolite","url":"https:\/\/visitazipolite.com\/","logo":{"@type":"ImageObject","inLanguage":"en-US","@id":"https:\/\/visitazipolite.com\/#\/schema\/logo\/image\/","url":"https:\/\/visitazipolite.com\/wp-content\/uploads\/2023\/01\/logo-visita-zipolite-200px.png","contentUrl":"https:\/\/visitazipolite.com\/wp-content\/uploads\/2023\/01\/logo-visita-zipolite-200px.png","width":500,"height":250,"caption":"Visita Zipolite"},"image":{"@id":"https:\/\/visitazipolite.com\/#\/schema\/logo\/image\/"},"sameAs":["https:\/\/www.facebook.com\/visitazipolite\/","https:\/\/x.com\/Visita_Zipolite","https:\/\/www.instagram.com\/visitazipolite\/"]}]}},"_links":{"self":[{"href":"https:\/\/visitazipolite.com\/en\/wp-json\/wp\/v2\/product\/5902","targetHints":{"allow":["GET"]}}],"collection":[{"href":"https:\/\/visitazipolite.com\/en\/wp-json\/wp\/v2\/product"}],"about":[{"href":"https:\/\/visitazipolite.com\/en\/wp-json\/wp\/v2\/types\/product"}],"replies":[{"embeddable":true,"href":"https:\/\/visitazipolite.com\/en\/wp-json\/wp\/v2\/comments?post=5902"}],"wp:attachment":[{"href":"https:\/\/visitazipolite.com\/en\/wp-json\/wp\/v2\/media?parent=5902"}],"wp:term":[{"taxonomy":"product_brand","embeddable":true,"href":"https:\/\/visitazipolite.com\/en\/wp-json\/wp\/v2\/product_brand?post=5902"},{"taxonomy":"product_cat","embeddable":true,"href":"https:\/\/visitazipolite.com\/en\/wp-json\/wp\/v2\/product_cat?post=5902"},{"taxonomy":"product_tag","embeddable":true,"href":"https:\/\/visitazipolite.com\/en\/wp-json\/wp\/v2\/product_tag?post=5902"}],"curies":[{"name":"wp","href":"https:\/\/api.w.org\/{rel}","templated":true}]}}