{"id":6702,"date":"2023-08-21T16:43:46","date_gmt":"2023-08-21T16:43:46","guid":{"rendered":"https:\/\/visitazipolite.com\/?page_id=6702"},"modified":"2023-08-21T17:29:28","modified_gmt":"2023-08-21T17:29:28","slug":"clima-en-zipolite","status":"publish","type":"page","link":"https:\/\/visitazipolite.com\/en\/clima-en-zipolite\/","title":{"rendered":"Zipolite Weather: Temperatures, Forecast, and Current Conditions"},"content":{"rendered":"<div data-elementor-type=\"wp-page\" data-elementor-id=\"6702\" class=\"elementor elementor-6702\">\n\t\t\t\t\t\t<section class=\"elementor-section elementor-top-section elementor-element elementor-element-308525fb elementor-section-boxed elementor-section-height-default elementor-section-height-default\" data-id=\"308525fb\" data-element_type=\"section\" data-e-type=\"section\">\n\t\t\t\t\t\t<div class=\"elementor-container elementor-column-gap-default\">\n\t\t\t\t\t<div class=\"elementor-column elementor-col-100 elementor-top-column elementor-element elementor-element-57b92cd2\" data-id=\"57b92cd2\" data-element_type=\"column\" data-e-type=\"column\">\n\t\t\t<div class=\"elementor-widget-wrap elementor-element-populated\">\n\t\t\t\t\t\t<div class=\"elementor-element elementor-element-1603ff8d elementor-widget elementor-widget-text-editor\" data-id=\"1603ff8d\" data-element_type=\"widget\" data-e-type=\"widget\" data-widget_type=\"text-editor.default\">\n\t\t\t\t<div class=\"elementor-widget-container\">\n\t\t\t\t\t\t\t\t\t\n<p>Visit Zipolite Weather in Zipolite: Temperatures, Forecast, and Current Conditions\nIf you're planning a getaway to Zipolite, knowing the local weather is essential to make the most of your experience. Zipolite, located on the Pacific coast of Mexico, is known for its beautiful beaches and relaxed atmosphere. Here, we provide detailed information about the weather in Zipolite, from average temperatures to the current forecast.<\/p>\n\t\t\t\t\t\t\t\t<\/div>\n\t\t\t\t<\/div>\n\t\t\t\t\t<\/div>\n\t\t<\/div>\n\t\t\t\t\t<\/div>\n\t\t<\/section>\n\t\t<div class=\"elementor-element elementor-element-9d13e8f e-flex e-con-boxed e-con e-parent\" data-id=\"9d13e8f\" data-element_type=\"container\" data-e-type=\"container\">\n\t\t\t\t\t<div class=\"e-con-inner\">\n\t\t\t\t<div class=\"elementor-element elementor-element-54d85de elementor-widget elementor-widget-shortcode\" data-id=\"54d85de\" data-element_type=\"widget\" data-e-type=\"widget\" data-widget_type=\"shortcode.default\">\n\t\t\t\t<div class=\"elementor-widget-container\">\n\t\t\t\t\t\t\t<div class=\"elementor-shortcode\"><style id=\"sp_lw_dynamic_css6715\">#splw-location-weather-6715.splw-main-wrapper {max-width: 320px;margin : auto;margin-bottom: 2em;}#splw-location-weather-6715.splw-main-wrapper.horizontal {max-width: 800px;}#splw-location-weather-6715 .splw-lite-wrapper,#splw-location-weather-6715 .splw-forecast-weather select,#splw-location-weather-6715 .splw-forecast-weather option,#splw-location-weather-6715 .splw-lite-wrapper .splw-weather-attribution a{text-decoration: none;}#splw-location-weather-6715 .splw-lite-templates-body,#splw-location-weather-6715 .splw-adv-forecast-days{padding : 16px 20px 10px 20px;}#splw-location-weather-6715 .splw-weather-detailed-updated-time{padding : 0 20px 10px 20px;}#splw-location-weather-6715 .splw-lite-wrapper{ border: 0px solid #e2e2e2;}#splw-location-weather-6715 .splw-lite-wrapper .splw-lite-current-temp .splw-weather-icon{width: 58px;}#splw-location-weather-6715 .splw-lite-wrapper{border-radius: 8px;}#splw-location-weather-6715 .splw-lite-daily-weather-details .details-icon i{color:#dfe6e9;}#splw-location-weather-6715 .splw-lite-wrapper,#splw-location-weather-6715 .splw-forecast-weather option{background:#F05800}#splw-location-weather-6715 .splw-lite-daily-weather-details.lw-center .splw-other-opt{text-align: center;}#splw-location-weather-6715 .splw-weather-title{color: #000;margin-top: 0px;margin-bottom: 20px;}#splw-location-weather-6715 .splw-lite-header-title{color: #fff;margin-top: 0px;margin-bottom: 10px;}#splw-location-weather-6715 .splw-lite-current-time{color: #fff;margin-top: 0px;margin-bottom: 10px;}#splw-location-weather-6715 .splw-cur-temp{color: #fff;margin-top: 0px;margin-bottom: 0px;}#splw-location-weather-6715 .splw-lite-desc{color: #fff;margin-top: 0px;margin-bottom: 0px;}#splw-location-weather-6715 .splw-lite-daily-weather-details{color: #fff;margin-top: 8px;margin-bottom: 8px;}#splw-location-weather-6715 .splw-weather-details .splw-weather-icons {color: #fff;margin-top: 20px;margin-bottom: 0px;}#splw-location-weather-6715 .lw-footer{margin-top: 0px;margin-bottom: 0px;}#splw-location-weather-6715 .splw-weather-attribution a,#splw-location-weather-6715 .splw-weather-attribution,#splw-location-weather-6715 .splw-weather-detailed-updated-time a,#splw-location-weather-6715 .splw-weather-updated-time{color: #fff;}#splw-location-weather-6715.splw-main-wrapper {position: relative;}#lw-preloader-6715{position: absolute;left: 0;top: 0;height: 100%;width: 100%;text-align: center;display: flex;align-items: center;justify-content: center;background: #fff;z-index: 9999;}<\/style><div id=\"splw-location-weather-6715\" class=\"splw-main-wrapper vertical\" data-shortcode-id=\"6715\">\n\t\t<div id=\"lw-preloader-6715\" class=\"lw-preloader\">\n\t\t\t<img decoding=\"async\" src=\"https:\/\/visitazipolite.com\/wp-content\/plugins\/location-weather\/assets\/images\/spinner.svg\" class=\"skip-lazy\"  alt=\"loader-image\" width=\"50\" height=\"50\"\/>\n\t\t<\/div>\n\t\t\t<!-- section title html area start -->\n\t<div class=\"splw-weather-title\">\n\t\tZipolite\t<\/div>\n<!-- section area end -->\n\t<div class=\"splw-lite-wrapper lw-preloader-wrapper\">\n\t\t<div class=\"splw-lite-templates-body\">\n\t\t\t<div class=\"splw-lite-header\">\n\t<div class=\"splw-lite-header-title-wrapper\">\n\t\t\t\t<div class=\"splw-lite-header-title\">\n\t\t\tPlaya Zipolite, MX\t\t<\/div>\n\t\t<!-- area end -->\n\t\t<!-- Current Date Time area start -->\n\t\t\t\t\t<div class=\"splw-lite-current-time\">\n\t\t\t\t\t\t\t\t<span class=\"lw-time\">6:27 am,  <\/span>\n\t\t\t\t<!-- time area end -->\n\t\t\t\t\t\t\t\t<span class=\"lw-date\">April 24, 2026<\/span>\n\t\t\t\t<!-- date area end -->\n\t\t\t<\/div>\n\t\t<!-- date time area end -->\n\t<\/div>\n<\/div>\n<!-- full area end -->\n<div class=\"splw-lite-current-temp\">\n\t<div class=\"splw-cur-temp\">\n\t\t<!-- weather icon html area start -->\n\t\t<!-- weather icon html area end -->\n\t\t<!-- weather current temperature html area start -->\n\t\t\t\t\t<span class=\"cur-temp\"> \n\t\t\t\t<span class=\"current-temperature\">26<\/span><span class=\"temperature-scale\">\u00b0C<\/span>\t\t\t<\/span>\n\t\t<!-- temperature html area end -->\n\t<\/div>\n<\/div>\n\t<div class=\"splw-lite-desc\">\n\t\tnubes dispersas\t<\/div>\n<div\n\tclass=\"splw-lite-daily-weather-details  lw-center\">\n\t<div class=\"splw-weather-details splw-other-opt\">\n\t\t\t<div class=\"splw-weather-icons icons_splw\">\n\t\t\t\t\t<!-- humidity area start -->\n\t\t\t\t\t\t<div class=\"splw-icon-humidity\">\n\t\t\t\t<span class=\"lw-title-wrapper\">\n\t\t\t\t\t<span class=\"details-icon\" title=\"Humidity\"><i class=\"splwp-icon-humidity-1\"><\/i><\/span>\t\t\t\t\t<span class=\"options-title\"><\/span>\n\t\t\t\t<\/span>\n\t\t\t\t<span class=\"options-value\">\n\t\t\t\t\t85 %\t\t\t\t<\/span>\n\t\t\t<\/div>\n\t\t\t\t\t\t<!-- humidity area end -->\n\t\t\t<!-- pressure area start -->\n\t\t\t\t\t\t<div class=\"splw-icon-pressure\">\n\t\t\t\t<span class=\"lw-title-wrapper\">\n\t\t\t\t\t<span class=\"details-icon\" title=\"Pressure\"><i class=\"splwp-icon-pressure-1\"><\/i><\/span>\t\t\t\t\t<span class=\"options-title\"><\/span>\n\t\t\t\t<\/span>\n\t\t\t\t<span class=\"options-value\">\n\t\t\t\t\t1008 mb\t\t\t\t<\/span>\n\t\t\t<\/div>\n\t\t\t\t\t\t<!-- pressure area end -->\n\t\t\t<!-- wind area start -->\n\t\t\t\t\t\t<div class=\"splw-icon-wind\">\n\t\t\t\t<span class=\"lw-title-wrapper\">\n\t\t\t\t\t<span class=\"details-icon\" title=\"Wind\"><i class=\"splwp-icon-wind-1\"><\/i><\/span>\t\t\t\t\t<span class=\"options-title\"><\/span>\n\t\t\t\t<\/span>\n\t\t\t\t<span class=\"options-value\">\n\t\t\t\t\t12 Km\/h\t\t\t\t<\/span>\n\t\t\t<\/div>\n\t\t\t\t\t\t<!-- wind area end -->\n\t\t\t\t\t\t\t<\/div>\n\t\t\t\t<!-- Wind guest area start -->\n\t\t\t\t<div class=\"splw-gusts-wind\">\n\t\t\t<span class=\"lw-title-wrapper\">\n\t\t\t\t\t\t\t\t<span class=\"options-title\">Wind Gust:<\/span>\n\t\t\t<\/span>\n\t\t\t<span class=\"options-value\">\n\t\t\t\t18 Km\/h\t\t\t<\/span>\n\t\t<\/div>\n\t\t\t\t<!-- Wind guest area end -->\n\t\t<!-- Clouds area start -->\n\t\t\t\t<div class=\"splw-clouds\">\n\t\t\t<span class=\"lw-title-wrapper\">\n\t\t\t\t\t\t\t\t<span class=\"options-title\">Clouds:<\/span>\n\t\t\t<\/span>\n\t\t\t<span class=\"options-value\">26%<\/span>\n\t\t<\/div>\n\t\t\t\t<!-- Clouds area end -->\n\t\t<!-- Visibility area start -->\n\t\t\t\t<div class=\"splw-visibility\">\n\t\t\t<span class=\"lw-title-wrapper\">\n\t\t\t\t\t\t\t\t<span class=\"options-title\">Visibility:<\/span>\n\t\t\t<\/span>\n\t\t\t<span class=\"options-value\">10 km<\/span>\n\t\t<\/div>\n\t\t\t\t<!-- Visibility area end -->\n\t\t\t\t<div class=\"splw-sunrise\">\n\t\t\t<span class=\"lw-title-wrapper\">\n\t\t\t\t\n\t\t\t\t<span class=\"options-title\">Sunrise:<\/span>\n\t\t\t<\/span>\n\t\t\t<span class=\"options-value\">6:05 am<\/span>\n\t\t<\/div>\n\t\t<div class=\"splw-sunset\">\n\t\t\t<span class=\"lw-title-wrapper\">\n\t\t\t\t\t\t\t\t<span class=\"options-title\">Sunset:<\/span>\n\t\t\t<\/span>\n\t\t\t<span class=\"options-value\">6:42 pm<\/span>\n\t\t<\/div>\n\t\t\t<\/div>\n<\/div>\n\t\t\t<\/div>\n\t\t\t\t<!-- weather detailed and updated html area start -->\n\t<div class=\"lw-footer\">\n\t<!-- weather detailed and updated html area end -->\n<!-- weather attribute html area start -->\n\t\t<div class=\"splw-weather-attribution\">\n\t\t\t\t<a href=\"https:\/\/openweathermap.org\/\" target=\"_blank\">\n\t\t\t\t\t\tWeather from OpenWeatherMap\t\t\t\t<\/a>\n\t\t\t<\/div>\n<!-- weather attribute html area end -->\n<\/div>\n<!-- weather attribute html area end -->\n\t<\/div>\n<\/div>\n<\/div>\n\t\t\t\t\t\t<\/div>\n\t\t\t\t<\/div>\n\t\t\t\t<div class=\"elementor-element elementor-element-8212c0e elementor-widget elementor-widget-text-editor\" data-id=\"8212c0e\" data-element_type=\"widget\" data-e-type=\"widget\" data-widget_type=\"text-editor.default\">\n\t\t\t\t<div class=\"elementor-widget-container\">\n\t\t\t\t\t\t\t\t\t<h2><strong>Seasons in Zipolite:<\/strong><\/h2>\n<p>Zipolite experiences two main seasons: the rainy season and the dry season. The rainy season typically spans from June to October, while the dry season extends from November to May. During the rainy season, you can expect intermittent rains and higher humidity. On the other hand, the dry season offers clear skies and more pleasant temperatures for enjoying the beach and outdoor activities.<\/p>\n<h3><strong>Average Temperatures:<\/strong><\/h3>\n<p>Temperatures in Zipolite vary throughout the year. During the warmer months, such as July and August, daytime temperatures can exceed 30\u00b0C (86\u00b0F). The cooler months, like December and January, feature milder daytime temperatures around 25\u00b0C (77\u00b0F). Nights tend to be cooler in all seasons, so make sure to bring appropriate clothing.<\/p>\n<h2><strong>Current Weather Forecast in Zipolite:<\/strong><\/h2>\n<p>Si est\u00e1s planeando una visita a Zipolite en los pr\u00f3ximos d\u00edas, es importante estar al tanto del pron\u00f3stico del tiempo. Seg\u00fan los datos m\u00e1s recientes, se espera un clima soleado y c\u00e1lido durante la pr\u00f3xima semana. Las temperaturas diurnas oscilar\u00e1n entre los 28\u00b0C y 32\u00b0C, perfectas para disfrutar de las playas y actividades acu\u00e1ticas. Se pronostica una humedad moderada y brisas suaves que har\u00e1n que tu estad\u00eda sea muy agradable.<\/p>\t\t\t\t\t\t\t\t<\/div>\n\t\t\t\t<\/div>\n\t\t\t\t<div class=\"elementor-element elementor-element-64b11fd elementor-widget elementor-widget-text-editor\" data-id=\"64b11fd\" data-element_type=\"widget\" data-e-type=\"widget\" data-widget_type=\"text-editor.default\">\n\t\t\t\t<div class=\"elementor-widget-container\">\n\t\t\t\t\t\t\t\t\t<h2><strong>Typical Weather Conditions:<\/strong><\/h2>\n<p>Zipolite is typically blessed with tropical weather, but keep in mind that during the rainy season, rains can be intense and sudden. If you're traveling during this time, it's advisable to carry an umbrella or raincoat. Additionally, sun protection is essential year-round due to the intensity of the sun's rays in the coastal region.<\/p>\n<h3><strong>Traveler's Tips:<\/strong><\/h3>\n<ul>\n<li>During the rainy season, bring a pair of waterproof shoes to avoid issues while walking on the beach.<\/li>\n<li>Don't forget to regularly apply sunscreen to protect your skin from the tropical sun.<\/li>\n<li>Stay hydrated by drinking water frequently, especially on hot days.<\/li>\n<li>Take advantage of early mornings for outdoor activities as temperatures are cooler.<\/li>\n<\/ul>\n<p>In summary, knowing the weather in Zipolite is essential for planning an unforgettable travel experience. Whether you prefer warm temperatures or are drawn to a cooler ambiance, Zipolite has something to offer year-round. Get ready to enjoy the beaches and natural wonders of this beautiful coastal region!<\/p>\n<p>Please note that weather forecast information may change, so we recommend checking the latest data before your trip.<\/p>\t\t\t\t\t\t\t\t<\/div>\n\t\t\t\t<\/div>\n\t\t\t\t\t<\/div>\n\t\t\t\t<\/div>\n\t\t\t\t<\/div>","protected":false},"excerpt":{"rendered":"<p>Si est\u00e1s planeando una escapada a Zipolite, conocer el clima local es esencial para disfrutar al m\u00e1ximo de tu experiencia. Zipolite, ubicado en la costa del Pac\u00edfico de M\u00e9xico, es conocido por sus hermosas playas y ambiente relajado. Aqu\u00ed, te proporcionamos informaci\u00f3n detallada sobre el clima en Zipolite, desde las temperaturas promedio hasta el pron\u00f3stico [&hellip;]<\/p>\n","protected":false},"author":1,"featured_media":6308,"parent":0,"menu_order":0,"comment_status":"open","ping_status":"closed","template":"","meta":{"footnotes":""},"class_list":["post-6702","page","type-page","status-publish","has-post-thumbnail","hentry"],"yoast_head":"<!-- This site is optimized with the Yoast SEO plugin v26.9 - https:\/\/yoast.com\/product\/yoast-seo-wordpress\/ -->\n<title>Clima en Zipolite: Temperaturas, Pron\u00f3stico y Condiciones Actuales - Visita Zipolite<\/title>\n<meta name=\"description\" content=\"Descubre las temperaturas promedio, el pron\u00f3stico del tiempo actual y las condiciones clim\u00e1ticas t\u00edpicas. Conoce clima en Zipolite.\" \/>\n<meta name=\"robots\" content=\"index, follow, max-snippet:-1, max-image-preview:large, max-video-preview:-1\" \/>\n<link rel=\"canonical\" href=\"https:\/\/visitazipolite.com\/en\/clima-en-zipolite\/\" \/>\n<meta property=\"og:locale\" content=\"en_US\" \/>\n<meta property=\"og:type\" content=\"article\" \/>\n<meta property=\"og:title\" content=\"Clima en Zipolite: Temperaturas, Pron\u00f3stico y Condiciones Actuales - Visita Zipolite\" \/>\n<meta property=\"og:description\" content=\"Descubre las temperaturas promedio, el pron\u00f3stico del tiempo actual y las condiciones clim\u00e1ticas t\u00edpicas. Conoce clima en Zipolite.\" \/>\n<meta property=\"og:url\" content=\"https:\/\/visitazipolite.com\/en\/clima-en-zipolite\/\" \/>\n<meta property=\"og:site_name\" content=\"Visita Zipolite\" \/>\n<meta property=\"article:publisher\" content=\"https:\/\/www.facebook.com\/visitazipolite\/\" \/>\n<meta property=\"article:modified_time\" content=\"2023-08-21T17:29:28+00:00\" \/>\n<meta property=\"og:image\" content=\"https:\/\/visitazipolite.com\/wp-content\/uploads\/2023\/01\/festival-nudista-zipolite-01.jpg\" \/>\n\t<meta property=\"og:image:width\" content=\"900\" \/>\n\t<meta property=\"og:image:height\" content=\"601\" \/>\n\t<meta property=\"og:image:type\" content=\"image\/jpeg\" \/>\n<meta name=\"twitter:card\" content=\"summary_large_image\" \/>\n<meta name=\"twitter:site\" content=\"@Visita_Zipolite\" \/>\n<meta name=\"twitter:label1\" content=\"Est. reading time\" \/>\n\t<meta name=\"twitter:data1\" content=\"3 minutes\" \/>\n<!-- \/ Yoast SEO plugin. -->","yoast_head_json":{"title":"Clima en Zipolite: Temperaturas, Pron\u00f3stico y Condiciones Actuales - Visita Zipolite","description":"Descubre las temperaturas promedio, el pron\u00f3stico del tiempo actual y las condiciones clim\u00e1ticas t\u00edpicas. Conoce clima en Zipolite.","robots":{"index":"index","follow":"follow","max-snippet":"max-snippet:-1","max-image-preview":"max-image-preview:large","max-video-preview":"max-video-preview:-1"},"canonical":"https:\/\/visitazipolite.com\/en\/clima-en-zipolite\/","og_locale":"en_US","og_type":"article","og_title":"Clima en Zipolite: Temperaturas, Pron\u00f3stico y Condiciones Actuales - Visita Zipolite","og_description":"Descubre las temperaturas promedio, el pron\u00f3stico del tiempo actual y las condiciones clim\u00e1ticas t\u00edpicas. Conoce clima en Zipolite.","og_url":"https:\/\/visitazipolite.com\/en\/clima-en-zipolite\/","og_site_name":"Visita Zipolite","article_publisher":"https:\/\/www.facebook.com\/visitazipolite\/","article_modified_time":"2023-08-21T17:29:28+00:00","og_image":[{"width":900,"height":601,"url":"https:\/\/visitazipolite.com\/wp-content\/uploads\/2023\/01\/festival-nudista-zipolite-01.jpg","type":"image\/jpeg"}],"twitter_card":"summary_large_image","twitter_site":"@Visita_Zipolite","twitter_misc":{"Est. reading time":"3 minutes"},"schema":{"@context":"https:\/\/schema.org","@graph":[{"@type":"WebPage","@id":"https:\/\/visitazipolite.com\/clima-en-zipolite\/","url":"https:\/\/visitazipolite.com\/clima-en-zipolite\/","name":"Clima en Zipolite: Temperaturas, Pron\u00f3stico y Condiciones Actuales - Visita Zipolite","isPartOf":{"@id":"https:\/\/visitazipolite.com\/#website"},"primaryImageOfPage":{"@id":"https:\/\/visitazipolite.com\/clima-en-zipolite\/#primaryimage"},"image":{"@id":"https:\/\/visitazipolite.com\/clima-en-zipolite\/#primaryimage"},"thumbnailUrl":"https:\/\/visitazipolite.com\/wp-content\/uploads\/2023\/01\/festival-nudista-zipolite-01.jpg","datePublished":"2023-08-21T16:43:46+00:00","dateModified":"2023-08-21T17:29:28+00:00","description":"Descubre las temperaturas promedio, el pron\u00f3stico del tiempo actual y las condiciones clim\u00e1ticas t\u00edpicas. Conoce clima en Zipolite.","breadcrumb":{"@id":"https:\/\/visitazipolite.com\/clima-en-zipolite\/#breadcrumb"},"inLanguage":"en-US","potentialAction":[{"@type":"ReadAction","target":["https:\/\/visitazipolite.com\/clima-en-zipolite\/"]}]},{"@type":"ImageObject","inLanguage":"en-US","@id":"https:\/\/visitazipolite.com\/clima-en-zipolite\/#primaryimage","url":"https:\/\/visitazipolite.com\/wp-content\/uploads\/2023\/01\/festival-nudista-zipolite-01.jpg","contentUrl":"https:\/\/visitazipolite.com\/wp-content\/uploads\/2023\/01\/festival-nudista-zipolite-01.jpg","width":900,"height":601,"caption":"yoga en zipolite"},{"@type":"BreadcrumbList","@id":"https:\/\/visitazipolite.com\/clima-en-zipolite\/#breadcrumb","itemListElement":[{"@type":"ListItem","position":1,"name":"Portada","item":"https:\/\/visitazipolite.com\/"},{"@type":"ListItem","position":2,"name":"Clima en Zipolite: Temperaturas, Pron\u00f3stico y Condiciones Actuales"}]},{"@type":"WebSite","@id":"https:\/\/visitazipolite.com\/#website","url":"https:\/\/visitazipolite.com\/","name":"Visita Zipolite","description":"Para\u00edso al Natural","publisher":{"@id":"https:\/\/visitazipolite.com\/#organization"},"potentialAction":[{"@type":"SearchAction","target":{"@type":"EntryPoint","urlTemplate":"https:\/\/visitazipolite.com\/?s={search_term_string}"},"query-input":{"@type":"PropertyValueSpecification","valueRequired":true,"valueName":"search_term_string"}}],"inLanguage":"en-US"},{"@type":"Organization","@id":"https:\/\/visitazipolite.com\/#organization","name":"Visita Zipolite","url":"https:\/\/visitazipolite.com\/","logo":{"@type":"ImageObject","inLanguage":"en-US","@id":"https:\/\/visitazipolite.com\/#\/schema\/logo\/image\/","url":"https:\/\/visitazipolite.com\/wp-content\/uploads\/2023\/01\/logo-visita-zipolite-200px.png","contentUrl":"https:\/\/visitazipolite.com\/wp-content\/uploads\/2023\/01\/logo-visita-zipolite-200px.png","width":500,"height":250,"caption":"Visita Zipolite"},"image":{"@id":"https:\/\/visitazipolite.com\/#\/schema\/logo\/image\/"},"sameAs":["https:\/\/www.facebook.com\/visitazipolite\/","https:\/\/x.com\/Visita_Zipolite","https:\/\/www.instagram.com\/visitazipolite\/"]}]}},"_links":{"self":[{"href":"https:\/\/visitazipolite.com\/en\/wp-json\/wp\/v2\/pages\/6702","targetHints":{"allow":["GET"]}}],"collection":[{"href":"https:\/\/visitazipolite.com\/en\/wp-json\/wp\/v2\/pages"}],"about":[{"href":"https:\/\/visitazipolite.com\/en\/wp-json\/wp\/v2\/types\/page"}],"author":[{"embeddable":true,"href":"https:\/\/visitazipolite.com\/en\/wp-json\/wp\/v2\/users\/1"}],"replies":[{"embeddable":true,"href":"https:\/\/visitazipolite.com\/en\/wp-json\/wp\/v2\/comments?post=6702"}],"version-history":[{"count":15,"href":"https:\/\/visitazipolite.com\/en\/wp-json\/wp\/v2\/pages\/6702\/revisions"}],"predecessor-version":[{"id":6719,"href":"https:\/\/visitazipolite.com\/en\/wp-json\/wp\/v2\/pages\/6702\/revisions\/6719"}],"wp:featuredmedia":[{"embeddable":true,"href":"https:\/\/visitazipolite.com\/en\/wp-json\/wp\/v2\/media\/6308"}],"wp:attachment":[{"href":"https:\/\/visitazipolite.com\/en\/wp-json\/wp\/v2\/media?parent=6702"}],"curies":[{"name":"wp","href":"https:\/\/api.w.org\/{rel}","templated":true}]}}