{"id":6154,"date":"2023-01-11T20:09:33","date_gmt":"2023-01-11T20:09:33","guid":{"rendered":"https:\/\/visitazipolite.com\/?page_id=6154"},"modified":"2023-01-11T20:09:35","modified_gmt":"2023-01-11T20:09:35","slug":"historia-playa-nudista","status":"publish","type":"page","link":"https:\/\/visitazipolite.com\/en\/historia-playa-nudista\/","title":{"rendered":"a nice place on the beach zipolite"},"content":{"rendered":"<h1 class=\"wp-block-heading\">Historia de Zipolite<\/h1>\n\n\n\n<p>En los 70\u2019s; varios j\u00f3venes llegaron a Zipolite, maravillados se lanzaban a nadar y a asolearse, sin ropa, inaugurando, Zipolite playa nudista en M\u00e9xico<\/p>\n\n\n\n<h2 class=\"wp-block-heading\">Zipolite como \u201caldea global\u201d\u200b<\/h2>\n\n\n\n<p>En este lugar desde los a\u00f1os cincuenta habitaron dos o tres familias dedicadas principalmente a la siembra de ma\u00edz, frijol, calabaza, ajonjol\u00ed de forma temporalera, es decir aprovechando la \u00e9poca de lluvias para conseguir producci\u00f3n de autoconsumo y a la caza de animales silvestres.<\/p>\n\n\n\n<p>Con el mismo fin en 1956 los se\u00f1ores Donald Brockington (arque\u00f3logo) y Gabriel de Cicco (etn\u00f3logo) enviados por el MEXICO CITY COLLEGE y la ESCUELA NACIONAL DE ANTROPOLOG\u00cdA E HISTORIA; realizaron un estudio en el terreno del Sr. Luciano Cruz Ensaldo ubicado junto a la brecha con rumbo a Puerto \u00c1ngel en el cual se encontraron figuras, tiestos y vasijas, que representan a los periodos Monte Alb\u00e1n I o II. Otros corresponden a la influencia tehotihuacana llegada quiz\u00e1 a trav\u00e9s de Monte Alb\u00e1n. Se encontraron tambi\u00e9n dos soportes uno policromo que puede significar ocupaci\u00f3n mixteca.<\/p>\n\n\n\n<p>En resumen al parecer hubo una larga y continua ocupaci\u00f3n por grupos de diversas influencias culturales.<\/p>\n\n\n\n<h2 class=\"wp-block-heading\">Sin hoteles y pocas casas<\/h2>\n\n\n\n<p>En la d\u00e9cada de los sesenta toda el \u00e1rea era propiedad de 3 o 4 personas y la playa estaba tapizada de: mezquites,&nbsp;<a href=\"https:\/\/web.archive.org\/web\/20220706202505\/https:\/\/tukuendaplantacubana.blogspot.com\/2013\/11\/guacima-macuna-sloanei-y-ojo-de-buey.html\" target=\"_blank\" rel=\"noreferrer noopener\">ojos de venado<\/a>, nopales, carnizuelos, es decir, toda clase de plantas espinosas que poco a poco fueron desapareciendo bajo el influjo de la ocupaci\u00f3n humana.<\/p>\n\n\n\n<p>En 1970 ocurri\u00f3 un eclipse total de sol, el cual ser\u00eda visto en toda su magnitud en un \u00e1rea cercana a Miahuatl\u00e1n y Oaxaca, cientos de personas, cient\u00edficos, periodistas, gente com\u00fan y corriente se api\u00f1aron en este lugar para ver el evento astron\u00f3mico de la d\u00e9cada.<\/p>\n\n\n\n<h2 class=\"wp-block-heading\">Rock &amp; Roll \u2013 Amor y Paz<\/h2>\n\n\n\n<p>Era la \u00e9poca del rock and roll y bajo el lema de&nbsp;<strong>\u201camor y paz\u201d<\/strong>&nbsp;los j\u00f3venes de esos tiempos al terminar el eclipse se enteraron de que hacia el sur estaba el para\u00edso s\u00ed, una playa virgen, muy grande, sin nada de construcciones. Llegaron a Zipolite y en efecto encontraron lo que les hab\u00edan comentado, maravillados se lanzaban a nadar y a asolearse, sin ropa inaugurando as\u00ed la primera playa nudista mexicana;<strong>&nbsp;eran los denominados \u201chippies\u201d.<\/strong><\/p>\n\n\n\n<h2 class=\"wp-block-heading\">Zipolite playa nudista en M\u00e9xico<\/h2>\n\n\n\n<p>Hoy en d\u00eda Zipolite es un pueblo a tambi\u00e9n llamada \u201caldea global\u201d como dijo alguien por ah\u00ed; con sus usos y costumbres en el cual conviven pl\u00e1cidamente extranjeros que se han enamorado del lugar y que han elegido vivir con gente de todo el pa\u00eds y con nativos de la comunidad.<\/p>\n\n\n\n<p>A Zipolite se le conoce como Playa de Muertos; debido a que los turistas que llegaban abusaban del alcohol o de otras sustancias y ante esta situaci\u00f3n retan al mar abierto que tiene corrientes y remolinos que a pesar del buen nadador ha provocado muchos decesos.<\/p>\n\n\n\n<p>Seg\u00fan algunas personas, su nombre se debe a la abundancia de zopilotes.<br>Seg\u00fan el Profr. Fernando Ru\u00edz Amaya significa lugar de caracoles derivado del n\u00e1huatl chipulli (caracol) e itetl (abundancia). Tomado del libro etimolog\u00eda n\u00e1huatl de Jos\u00e9 M. Brando y del diccionario n\u00e1huatl de Reimy Brando.)<br>Seg\u00fan Gloria Jhonson, propietaria de Shambala, significa Lugar de gran visi\u00f3n (cepolithoa)<\/p>","protected":false},"excerpt":{"rendered":"<p>Historia de Zipolite En los 70\u2019s; varios j\u00f3venes llegaron a Zipolite, maravillados se lanzaban a nadar y a asolearse, sin ropa, inaugurando, Zipolite playa nudista en M\u00e9xico Zipolite como \u201caldea global\u201d\u200b En este lugar desde los a\u00f1os cincuenta habitaron dos o tres familias dedicadas principalmente a la siembra de ma\u00edz, frijol, calabaza, ajonjol\u00ed de forma [&hellip;]<\/p>\n","protected":false},"author":1,"featured_media":6023,"parent":0,"menu_order":0,"comment_status":"closed","ping_status":"closed","template":"","meta":{"footnotes":""},"class_list":["post-6154","page","type-page","status-publish","has-post-thumbnail","hentry"],"yoast_head":"<!-- This site is optimized with the Yoast SEO plugin v26.9 - https:\/\/yoast.com\/product\/yoast-seo-wordpress\/ -->\n<title>Historia Playa Nudista - Visita Zipolite<\/title>\n<meta name=\"description\" content=\"En los 70&#039;s; varios j\u00f3venes llegaron a Zipolite, maravillados se lanzaban a nadar y a asolearse, sin ropa, inaugurando, Zipolite playa nudista en M\u00e9xico\" \/>\n<meta name=\"robots\" content=\"index, follow, max-snippet:-1, max-image-preview:large, max-video-preview:-1\" \/>\n<link rel=\"canonical\" href=\"https:\/\/visitazipolite.com\/en\/historia-playa-nudista\/\" \/>\n<meta property=\"og:locale\" content=\"en_US\" \/>\n<meta property=\"og:type\" content=\"article\" \/>\n<meta property=\"og:title\" content=\"Historia Playa Nudista - Visita Zipolite\" \/>\n<meta property=\"og:description\" content=\"En los 70&#039;s; varios j\u00f3venes llegaron a Zipolite, maravillados se lanzaban a nadar y a asolearse, sin ropa, inaugurando, Zipolite playa nudista en M\u00e9xico\" \/>\n<meta property=\"og:url\" content=\"https:\/\/visitazipolite.com\/en\/historia-playa-nudista\/\" \/>\n<meta property=\"og:site_name\" content=\"Visita Zipolite\" \/>\n<meta property=\"article:publisher\" content=\"https:\/\/www.facebook.com\/visitazipolite\/\" \/>\n<meta property=\"article:modified_time\" content=\"2023-01-11T20:09:35+00:00\" \/>\n<meta property=\"og:image\" content=\"https:\/\/visitazipolite.com\/wp-content\/uploads\/2023\/01\/vista-aerea-de-zipolite-playa-zipolite-2.jpg\" \/>\n\t<meta property=\"og:image:width\" content=\"1024\" \/>\n\t<meta property=\"og:image:height\" content=\"768\" \/>\n\t<meta property=\"og:image:type\" content=\"image\/jpeg\" \/>\n<meta name=\"twitter:card\" content=\"summary_large_image\" \/>\n<meta name=\"twitter:site\" content=\"@Visita_Zipolite\" \/>\n<meta name=\"twitter:label1\" content=\"Est. reading time\" \/>\n\t<meta name=\"twitter:data1\" content=\"3 minutes\" \/>\n<!-- \/ Yoast SEO plugin. -->","yoast_head_json":{"title":"Historia Playa Nudista - Visita Zipolite","description":"En los 70's; varios j\u00f3venes llegaron a Zipolite, maravillados se lanzaban a nadar y a asolearse, sin ropa, inaugurando, Zipolite playa nudista en M\u00e9xico","robots":{"index":"index","follow":"follow","max-snippet":"max-snippet:-1","max-image-preview":"max-image-preview:large","max-video-preview":"max-video-preview:-1"},"canonical":"https:\/\/visitazipolite.com\/en\/historia-playa-nudista\/","og_locale":"en_US","og_type":"article","og_title":"Historia Playa Nudista - Visita Zipolite","og_description":"En los 70's; varios j\u00f3venes llegaron a Zipolite, maravillados se lanzaban a nadar y a asolearse, sin ropa, inaugurando, Zipolite playa nudista en M\u00e9xico","og_url":"https:\/\/visitazipolite.com\/en\/historia-playa-nudista\/","og_site_name":"Visita Zipolite","article_publisher":"https:\/\/www.facebook.com\/visitazipolite\/","article_modified_time":"2023-01-11T20:09:35+00:00","og_image":[{"width":1024,"height":768,"url":"https:\/\/visitazipolite.com\/wp-content\/uploads\/2023\/01\/vista-aerea-de-zipolite-playa-zipolite-2.jpg","type":"image\/jpeg"}],"twitter_card":"summary_large_image","twitter_site":"@Visita_Zipolite","twitter_misc":{"Est. reading time":"3 minutes"},"schema":{"@context":"https:\/\/schema.org","@graph":[{"@type":"WebPage","@id":"https:\/\/visitazipolite.com\/historia-playa-nudista\/","url":"https:\/\/visitazipolite.com\/historia-playa-nudista\/","name":"Historia Playa Nudista - Visita Zipolite","isPartOf":{"@id":"https:\/\/visitazipolite.com\/#website"},"primaryImageOfPage":{"@id":"https:\/\/visitazipolite.com\/historia-playa-nudista\/#primaryimage"},"image":{"@id":"https:\/\/visitazipolite.com\/historia-playa-nudista\/#primaryimage"},"thumbnailUrl":"https:\/\/visitazipolite.com\/wp-content\/uploads\/2023\/01\/vista-aerea-de-zipolite-playa-zipolite-2.jpg","datePublished":"2023-01-11T20:09:33+00:00","dateModified":"2023-01-11T20:09:35+00:00","description":"En los 70's; varios j\u00f3venes llegaron a Zipolite, maravillados se lanzaban a nadar y a asolearse, sin ropa, inaugurando, Zipolite playa nudista en M\u00e9xico","breadcrumb":{"@id":"https:\/\/visitazipolite.com\/historia-playa-nudista\/#breadcrumb"},"inLanguage":"en-US","potentialAction":[{"@type":"ReadAction","target":["https:\/\/visitazipolite.com\/historia-playa-nudista\/"]}]},{"@type":"ImageObject","inLanguage":"en-US","@id":"https:\/\/visitazipolite.com\/historia-playa-nudista\/#primaryimage","url":"https:\/\/visitazipolite.com\/wp-content\/uploads\/2023\/01\/vista-aerea-de-zipolite-playa-zipolite-2.jpg","contentUrl":"https:\/\/visitazipolite.com\/wp-content\/uploads\/2023\/01\/vista-aerea-de-zipolite-playa-zipolite-2.jpg","width":1024,"height":768,"caption":"zipolite playa nudista en mexico"},{"@type":"BreadcrumbList","@id":"https:\/\/visitazipolite.com\/historia-playa-nudista\/#breadcrumb","itemListElement":[{"@type":"ListItem","position":1,"name":"Portada","item":"https:\/\/visitazipolite.com\/"},{"@type":"ListItem","position":2,"name":"Historia Playa Nudista"}]},{"@type":"WebSite","@id":"https:\/\/visitazipolite.com\/#website","url":"https:\/\/visitazipolite.com\/","name":"Visita Zipolite","description":"Para\u00edso al Natural","publisher":{"@id":"https:\/\/visitazipolite.com\/#organization"},"potentialAction":[{"@type":"SearchAction","target":{"@type":"EntryPoint","urlTemplate":"https:\/\/visitazipolite.com\/?s={search_term_string}"},"query-input":{"@type":"PropertyValueSpecification","valueRequired":true,"valueName":"search_term_string"}}],"inLanguage":"en-US"},{"@type":"Organization","@id":"https:\/\/visitazipolite.com\/#organization","name":"Visita Zipolite","url":"https:\/\/visitazipolite.com\/","logo":{"@type":"ImageObject","inLanguage":"en-US","@id":"https:\/\/visitazipolite.com\/#\/schema\/logo\/image\/","url":"https:\/\/visitazipolite.com\/wp-content\/uploads\/2023\/01\/logo-visita-zipolite-200px.png","contentUrl":"https:\/\/visitazipolite.com\/wp-content\/uploads\/2023\/01\/logo-visita-zipolite-200px.png","width":500,"height":250,"caption":"Visita Zipolite"},"image":{"@id":"https:\/\/visitazipolite.com\/#\/schema\/logo\/image\/"},"sameAs":["https:\/\/www.facebook.com\/visitazipolite\/","https:\/\/x.com\/Visita_Zipolite","https:\/\/www.instagram.com\/visitazipolite\/"]}]}},"_links":{"self":[{"href":"https:\/\/visitazipolite.com\/en\/wp-json\/wp\/v2\/pages\/6154","targetHints":{"allow":["GET"]}}],"collection":[{"href":"https:\/\/visitazipolite.com\/en\/wp-json\/wp\/v2\/pages"}],"about":[{"href":"https:\/\/visitazipolite.com\/en\/wp-json\/wp\/v2\/types\/page"}],"author":[{"embeddable":true,"href":"https:\/\/visitazipolite.com\/en\/wp-json\/wp\/v2\/users\/1"}],"replies":[{"embeddable":true,"href":"https:\/\/visitazipolite.com\/en\/wp-json\/wp\/v2\/comments?post=6154"}],"version-history":[{"count":1,"href":"https:\/\/visitazipolite.com\/en\/wp-json\/wp\/v2\/pages\/6154\/revisions"}],"predecessor-version":[{"id":6155,"href":"https:\/\/visitazipolite.com\/en\/wp-json\/wp\/v2\/pages\/6154\/revisions\/6155"}],"wp:featuredmedia":[{"embeddable":true,"href":"https:\/\/visitazipolite.com\/en\/wp-json\/wp\/v2\/media\/6023"}],"wp:attachment":[{"href":"https:\/\/visitazipolite.com\/en\/wp-json\/wp\/v2\/media?parent=6154"}],"curies":[{"name":"wp","href":"https:\/\/api.w.org\/{rel}","templated":true}]}}