{"id":5954,"date":"2023-01-11T01:31:03","date_gmt":"2023-01-11T01:31:03","guid":{"rendered":"https:\/\/visitazipolite.com\/?page_id=5954"},"modified":"2025-02-18T17:49:29","modified_gmt":"2025-02-18T17:49:29","slug":"como-llegar-a-zipolite","status":"publish","type":"page","link":"https:\/\/visitazipolite.com\/en\/como-llegar-a-zipolite\/","title":{"rendered":"How to get"},"content":{"rendered":"<div data-elementor-type=\"wp-page\" data-elementor-id=\"5954\" class=\"elementor elementor-5954\">\n\t\t\t\t\t\t<section class=\"elementor-section elementor-top-section elementor-element elementor-element-569ed221 elementor-section-height-min-height elementor-section-content-middle elementor-section-boxed elementor-section-height-default elementor-section-items-middle\" data-id=\"569ed221\" data-element_type=\"section\" data-e-type=\"section\" data-settings=\"{&quot;background_background&quot;:&quot;classic&quot;}\">\n\t\t\t\t\t\t\t<div class=\"elementor-background-overlay\"><\/div>\n\t\t\t\t\t\t\t<div class=\"elementor-container elementor-column-gap-default\">\n\t\t\t\t\t<div class=\"elementor-column elementor-col-100 elementor-top-column elementor-element elementor-element-344ad187\" data-id=\"344ad187\" data-element_type=\"column\" data-e-type=\"column\">\n\t\t\t<div class=\"elementor-widget-wrap elementor-element-populated\">\n\t\t\t\t\t\t<div class=\"elementor-element elementor-element-7350dbac elementor-widget elementor-widget-heading\" data-id=\"7350dbac\" data-element_type=\"widget\" data-e-type=\"widget\" data-widget_type=\"heading.default\">\n\t\t\t\t<div class=\"elementor-widget-container\">\n\t\t\t\t\t<p class=\"elementor-heading-title elementor-size-default\">Visita Zipolite<\/p>\t\t\t\t<\/div>\n\t\t\t\t<\/div>\n\t\t\t\t<div class=\"elementor-element elementor-element-7761917d elementor-widget elementor-widget-heading\" data-id=\"7761917d\" data-element_type=\"widget\" data-e-type=\"widget\" data-widget_type=\"heading.default\">\n\t\t\t\t<div class=\"elementor-widget-container\">\n\t\t\t\t\t<h1 class=\"elementor-heading-title elementor-size-default\">How to get to Zipolite?\n<\/h1>\t\t\t\t<\/div>\n\t\t\t\t<\/div>\n\t\t\t\t<div class=\"elementor-element elementor-element-61a76636 elementor-widget elementor-widget-text-editor\" data-id=\"61a76636\" data-element_type=\"widget\" data-e-type=\"widget\" data-widget_type=\"text-editor.default\">\n\t\t\t\t<div class=\"elementor-widget-container\">\n\t\t\t\t\t\t\t\t\t<section class=\"elementor-section elementor-top-section elementor-element elementor-element-5a7051b5 elementor-section-boxed elementor-section-height-default elementor-section-height-default\" data-id=\"5a7051b5\" data-element_type=\"section\" data-settings=\"{&quot;background_background&quot;:&quot;classic&quot;}\">\n<div class=\"elementor-container elementor-column-gap-default\">\n<div class=\"elementor-row\">\n<div class=\"elementor-column elementor-col-100 elementor-top-column elementor-element elementor-element-49489cd9\" data-id=\"49489cd9\" data-element_type=\"column\" data-settings=\"{&quot;background_background&quot;:&quot;classic&quot;}\">\n<div class=\"elementor-column-wrap elementor-element-populated\">\n<div class=\"elementor-widget-wrap\">\n<div class=\"elementor-element elementor-element-32903d79 elementor-widget elementor-widget-text-editor\" data-id=\"32903d79\" data-element_type=\"widget\" data-widget_type=\"text-editor.default\">\n<div class=\"elementor-widget-container\">\n<div class=\"elementor-text-editor elementor-clearfix\">We share three options to get to Zipolite, any of which can be adjusted to your budget or the type of trip you want to take.&nbsp;<\/div>\n<\/div>\n<\/div>\n<\/div>\n<\/div>\n<\/div>\n<\/div>\n<\/div>\n<\/section>\t\t\t\t\t\t\t\t<\/div>\n\t\t\t\t<\/div>\n\t\t\t\t\t<\/div>\n\t\t<\/div>\n\t\t\t\t\t<\/div>\n\t\t<\/section>\n\t\t<div class=\"elementor-element elementor-element-f735795 e-flex e-con-boxed e-con e-parent\" data-id=\"f735795\" data-element_type=\"container\" data-e-type=\"container\">\n\t\t\t\t\t<div class=\"e-con-inner\">\n\t\t<div class=\"elementor-element elementor-element-5f32085 e-con-full e-flex e-con e-child\" data-id=\"5f32085\" data-element_type=\"container\" data-e-type=\"container\">\n\t\t\t\t<div class=\"elementor-element elementor-element-12d661f elementor-widget elementor-widget-text-editor\" data-id=\"12d661f\" data-element_type=\"widget\" data-e-type=\"widget\" data-widget_type=\"text-editor.default\">\n\t\t\t\t<div class=\"elementor-widget-container\">\n\t\t\t\t\t\t\t\t\t<h2>Plane<\/h2><p class=\"elementor-image-box-description\">Undoubtedly the fastest way to reach Zipolite. There are two international airports, Huatulco and Puerto Escondido.<\/p><p><a href=\"#fly\">Discover the nearest airport to Zipolite &gt;<\/a><\/p><h2 class=\"elementor-image-box-title\">Car<\/h2><p class=\"elementor-image-box-description\">Road trip? Why not? Some consider it the most comfortable, others not so much due to the hours of travel.<\/p><p><a href=\"#car\">Explore the road route to get to Zipolite &gt;\u00a0<\/a><\/p><h2 class=\"elementor-image-box-title\">Bus<\/h2><p class=\"elementor-image-box-description\">The cheapest way to get to Zipolite, whether from Mexico City, Puebla, Chilpancingo, or Oaxaca City.<\/p><p>Where are you departing from? <a href=\"#bus\">Explore bus options &gt;<\/a><\/p>\t\t\t\t\t\t\t\t<\/div>\n\t\t\t\t<\/div>\n\t\t\t\t<\/div>\n\t\t\t\t\t<\/div>\n\t\t\t\t<\/div>\n\t\t<div class=\"elementor-element elementor-element-81bb005 e-flex e-con-boxed e-con e-parent\" data-id=\"81bb005\" data-element_type=\"container\" data-e-type=\"container\">\n\t\t\t\t\t<div class=\"e-con-inner\">\n\t\t\t\t<div class=\"elementor-element elementor-element-d6ea2d8 elementor-widget elementor-widget-heading\" data-id=\"d6ea2d8\" data-element_type=\"widget\" data-e-type=\"widget\" data-widget_type=\"heading.default\">\n\t\t\t\t<div class=\"elementor-widget-container\">\n\t\t\t\t\t<h3 class=\"elementor-heading-title elementor-size-default\">Which is the nearest airport to Zipolite?<\/h3>\t\t\t\t<\/div>\n\t\t\t\t<\/div>\n\t\t\t\t<div class=\"elementor-element elementor-element-d34e277 elementor-widget elementor-widget-text-editor\" data-id=\"d34e277\" data-element_type=\"widget\" data-e-type=\"widget\" data-widget_type=\"text-editor.default\">\n\t\t\t\t<div class=\"elementor-widget-container\">\n\t\t\t\t\t\t\t\t\t<p>The majority of Zipolite's visitors arrive by air at either Puerto Escondido (PXM) or Huatulco (HUX). The Huatulco airport is the closest one and offers several international connections to the USA and Canada.<\/p><h4><strong>Huatulco Airport<\/strong><\/h4><p>This is the closest airport to Zipolite, just 41 km away, approximately 40 minutes to 1 hour of travel.<\/p><h5><strong>How much does a taxi from Huatulco Airport to Zipolite cost?<\/strong><\/h5><p><b>Private taxi from the airport.\u00a0<\/b><\/p><p>Approximately $1,200 MXN-$1,600MXN <sup>Fare checked on 19\/03\/2020 ($60 USD)<\/sup> with a travel time of approximately 50-60 minutes.<\/p><p><b>\"Special\" taxi or public transport<\/b><\/p><p>The taxi can be taken from the airport with an approximate fare of $600 MXN to $1000 MXN.<\/p><p>If you prefer public transport, you'll need to exit the airport and take a VAN heading to Pochutla. The van service is called \"R\u00e1pidos de Pochutla\" with a cost of approximately $30-50 MXN. Once you reach the Pochutla junction, take a collective taxi for approximately $30 MXN or a van for $15 MXN to Zipolite.<\/p>\t\t\t\t\t\t\t\t<\/div>\n\t\t\t\t<\/div>\n\t\t\t\t<div class=\"elementor-element elementor-element-1ed4b03 elementor-widget elementor-widget-text-editor\" data-id=\"1ed4b03\" data-element_type=\"widget\" data-e-type=\"widget\" data-widget_type=\"text-editor.default\">\n\t\t\t\t<div class=\"elementor-widget-container\">\n\t\t\t\t\t\t\t\t\t<h4><strong>Puerto Escondido Airport<\/strong><\/h4><p>A bit farther away at 73.6 km, approximately 1.30 hours of travel.<\/p><h5><strong>How much does a taxi from Puerto Escondido Airport to Zipolite cost?<\/strong><\/h5><div><strong>\u00a0<\/strong><\/div><p><b>Special taxi<\/b><\/p><p>You can take this taxi from the airport along the federal highway. The approximate cost is between $1000 MXN and $1500 MXN.\u00a0<span style=\"font-size: inherit;\">El costo apr\u00f3ximado es de $1000MXN y $1500MXN.<\/span><\/p><p><strong>Public transport<\/strong><\/p><p>You can take a taxi from the airport to the ADO\/OCC or Transportes Delfines terminal (next to Chedraui). In both cases, you'll need to take a bus heading to Pochutla (approximately $50), then ask to get off at the San Antonio junction, marked by an Oxxo (the only one on that stretch of the road). From there, take a collective taxi ($30) or a van ($15) to Zipolite.<\/p>\t\t\t\t\t\t\t\t<\/div>\n\t\t\t\t<\/div>\n\t\t\t\t<div class=\"elementor-element elementor-element-339fadd elementor-position-inline-start elementor-view-default elementor-mobile-position-block-start elementor-widget elementor-widget-icon-box\" data-id=\"339fadd\" data-element_type=\"widget\" data-e-type=\"widget\" data-widget_type=\"icon-box.default\">\n\t\t\t\t<div class=\"elementor-widget-container\">\n\t\t\t\t\t\t\t<div class=\"elementor-icon-box-wrapper\">\n\n\t\t\t\t\t\t<div class=\"elementor-icon-box-icon\">\n\t\t\t\t<span  class=\"elementor-icon\">\n\t\t\t\t<svg aria-hidden=\"true\" class=\"e-font-icon-svg e-fas-info-circle\" viewbox=\"0 0 512 512\" xmlns=\"http:\/\/www.w3.org\/2000\/svg\"><path d=\"M256 8C119.043 8 8 119.083 8 256c0 136.997 111.043 248 248 248s248-111.003 248-248C504 119.083 392.957 8 256 8zm0 110c23.196 0 42 18.804 42 42s-18.804 42-42 42-42-18.804-42-42 18.804-42 42-42zm56 254c0 6.627-5.373 12-12 12h-88c-6.627 0-12-5.373-12-12v-24c0-6.627 5.373-12 12-12h12v-64h-12c-6.627 0-12-5.373-12-12v-24c0-6.627 5.373-12 12-12h64c6.627 0 12 5.373 12 12v100h12c6.627 0 12 5.373 12 12v24z\"><\/path><\/svg>\t\t\t\t<\/span>\n\t\t\t<\/div>\n\t\t\t\n\t\t\t\t\t\t<div class=\"elementor-icon-box-content\">\n\n\t\t\t\t\t\t\t\t\t<p class=\"elementor-icon-box-title\">\n\t\t\t\t\t\t<span  >\n\t\t\t\t\t\t\tTraslados desde el aeropuerto a Zipolite\t\t\t\t\t\t<\/span>\n\t\t\t\t\t<\/p>\n\t\t\t\t\n\t\t\t\t\t\t\t\t\t<p class=\"elementor-icon-box-description\">\n\t\t\t\t\t\tSi ya tienes o estas buscando hoteles en Zipolite, te recomendamos que preguntes directamente en el hotel a reservar o reservado si cuentan con este servicio, alguno de ellos lo tienen y puede salir mejor. \t\t\t\t\t<\/p>\n\t\t\t\t\n\t\t\t<\/div>\n\t\t\t\n\t\t<\/div>\n\t\t\t\t\t\t<\/div>\n\t\t\t\t<\/div>\n\t\t\t\t\t<\/div>\n\t\t\t\t<\/div>\n\t\t\t\t<section class=\"elementor-section elementor-top-section elementor-element elementor-element-3b5d1da7 elementor-section-boxed elementor-section-height-default elementor-section-height-default\" data-id=\"3b5d1da7\" data-element_type=\"section\" data-e-type=\"section\">\n\t\t\t\t\t\t<div class=\"elementor-container elementor-column-gap-default\">\n\t\t\t\t\t<div class=\"elementor-column elementor-col-100 elementor-top-column elementor-element elementor-element-4966a20a\" data-id=\"4966a20a\" data-element_type=\"column\" data-e-type=\"column\">\n\t\t\t<div class=\"elementor-widget-wrap elementor-element-populated\">\n\t\t\t\t\t\t<div class=\"elementor-element elementor-element-6e85dcc5 elementor-widget elementor-widget-menu-anchor\" data-id=\"6e85dcc5\" data-element_type=\"widget\" data-e-type=\"widget\" data-widget_type=\"menu-anchor.default\">\n\t\t\t\t<div class=\"elementor-widget-container\">\n\t\t\t\t\t\t\t<div class=\"elementor-menu-anchor\" id=\"car\"><\/div>\n\t\t\t\t\t\t<\/div>\n\t\t\t\t<\/div>\n\t\t\t\t<div class=\"elementor-element elementor-element-497165c elementor-widget-divider--view-line elementor-widget elementor-widget-divider\" data-id=\"497165c\" data-element_type=\"widget\" data-e-type=\"widget\" data-widget_type=\"divider.default\">\n\t\t\t\t<div class=\"elementor-widget-container\">\n\t\t\t\t\t\t\t<div class=\"elementor-divider\">\n\t\t\t<span class=\"elementor-divider-separator\">\n\t\t\t\t\t\t<\/span>\n\t\t<\/div>\n\t\t\t\t\t\t<\/div>\n\t\t\t\t<\/div>\n\t\t\t\t<div class=\"elementor-element elementor-element-11fdf4eb elementor-widget elementor-widget-text-editor\" data-id=\"11fdf4eb\" data-element_type=\"widget\" data-e-type=\"widget\" data-widget_type=\"text-editor.default\">\n\t\t\t\t<div class=\"elementor-widget-container\">\n\t\t\t\t\t\t\t\t\t<h3 class=\"elementor-image-box-title\">Llegar en auto a Zipolite: La opci\u00f3n m\u00e1s c\u00f3moda y a tu ritmo<\/h3><p class=\"elementor-image-box-description\">Recomendados para los amantes de roadtrips. <a href=\"https:\/\/visitazipolite.com\/en\/2020\/08\/10\/roadtrip-a-zipolite\/\">Aqu\u00ed encontrar\u00e1s una playlist del viaje por si ocupas<\/a><\/p><h4><strong>\u00bfC\u00f3mo llegar a Zipolite desde Ciudad de Oaxaca?<\/strong><\/h4><p>Duraci\u00f3n\/km &#8211; 5h 55 min (258 km)<\/p><p>Tienes que atravesar toda la sierra madre sur en la cual puedes descubrir incre\u00edbles vistas de las monta\u00f1as. Solo maneja con cuidado y a velocidad baja\/moderada ya que esta ruta tiene muchas curvas, alguna de ellas muy cerradas.<\/p><h4><strong>\u00bfC\u00f3mo llegar a Zipolite desde la CDMX?<\/strong><\/h4><p>Tiempo estimado 11 h 32 min (717 km)<\/p><p>Tendr\u00e1s dos opciones, una pasando por Puebla-Oaxaca-Pochutla-Zipolite. O la segunda que es por Cuernavaca &#8211; Acapulco &#8211; Pinotepa Nacional &#8211; Puerto Escondido &#8211; Zipolite.\u00a0<\/p><p><strong>Desde Acapulco<\/strong><br \/>8 h 16 min (460 km)<\/p><p>La ruta por toda la costa del pacifico mexicano.<\/p><p><strong>Desde Puebla<\/strong><br \/>9 h 56 m (593 km)<\/p><p>Tendr\u00e1s que pasar por la ciudad de Oaxaca por lo que puedes hacer una escala para desayuna o comer.<\/p><h4><strong>\u00bfC\u00f3mo llegar a Zipolite desde Puerto Escondido?<\/strong><\/h4><p>Aprox 1 h 31 min (72.1 km) tomar\u00e1s la carretera federal hac\u00eda Pochutla y antes de llegar encontrar\u00e1s el crucero de San Antonio Tonameca, tendr\u00e1s que ir a la derecha (hay un Oxxo en la esquina) con rumbo a Mazunte, pasar\u00e1s este pueblo m\u00e1gico y llegar\u00e1s a Zipolite.\u00a0<\/p>\t\t\t\t\t\t\t\t<\/div>\n\t\t\t\t<\/div>\n\t\t\t\t\t<\/div>\n\t\t<\/div>\n\t\t\t\t\t<\/div>\n\t\t<\/section>\n\t\t\t\t<section class=\"elementor-section elementor-top-section elementor-element elementor-element-3d3a974a elementor-section-boxed elementor-section-height-default elementor-section-height-default\" data-id=\"3d3a974a\" data-element_type=\"section\" data-e-type=\"section\">\n\t\t\t\t\t\t<div class=\"elementor-container elementor-column-gap-default\">\n\t\t\t\t\t<div class=\"elementor-column elementor-col-100 elementor-top-column elementor-element elementor-element-57f7b6c5\" data-id=\"57f7b6c5\" data-element_type=\"column\" data-e-type=\"column\">\n\t\t\t<div class=\"elementor-widget-wrap elementor-element-populated\">\n\t\t\t\t\t\t<div class=\"elementor-element elementor-element-4899c79c elementor-widget elementor-widget-menu-anchor\" data-id=\"4899c79c\" data-element_type=\"widget\" data-e-type=\"widget\" data-widget_type=\"menu-anchor.default\">\n\t\t\t\t<div class=\"elementor-widget-container\">\n\t\t\t\t\t\t\t<div class=\"elementor-menu-anchor\" id=\"bus\"><\/div>\n\t\t\t\t\t\t<\/div>\n\t\t\t\t<\/div>\n\t\t\t\t<div class=\"elementor-element elementor-element-63b3b7e8 elementor-widget-divider--view-line elementor-widget elementor-widget-divider\" data-id=\"63b3b7e8\" data-element_type=\"widget\" data-e-type=\"widget\" data-widget_type=\"divider.default\">\n\t\t\t\t<div class=\"elementor-widget-container\">\n\t\t\t\t\t\t\t<div class=\"elementor-divider\">\n\t\t\t<span class=\"elementor-divider-separator\">\n\t\t\t\t\t\t<\/span>\n\t\t<\/div>\n\t\t\t\t\t\t<\/div>\n\t\t\t\t<\/div>\n\t\t\t\t<div class=\"elementor-element elementor-element-1e2fe0c4 elementor-widget elementor-widget-text-editor\" data-id=\"1e2fe0c4\" data-element_type=\"widget\" data-e-type=\"widget\" data-widget_type=\"text-editor.default\">\n\t\t\t\t<div class=\"elementor-widget-container\">\n\t\t\t\t\t\t\t\t\t<h3><strong>\u00bfC\u00f3mo llegar a Zipolite en Autobus?<\/strong><\/h3><p>Preparate para varias horas de viaje<br \/>Si decides elegir esta opci\u00f3n, <strong>tu terminal de llegada deber\u00e1 ser la ciudad de Pochutla.<\/strong><\/p><h4>\u00bfC\u00f3mo llegar a Zipolite en autob\u00fas desde CDMX?<\/h4><p>Desde la CDMX y Puebla\u00a0<strong>con una duraci\u00f3n de aproximadamente 11 horas a 13 horas de viaje.<\/strong><\/p><p>Hay varias lineas de autobuses para llegar a Pochutla, entre ellas:<\/p><ul><li><a href=\"https:\/\/www.ado.com.mx\/\" target=\"_blank\" rel=\"noopener\">OCC \/ ADO <\/a><ul><li>Desde $1370 MXN viaje sencillo &#8211; Aprox 17hrs\u00a0 &#8211; Ruta CDMX, Puebla, Oaxaca, Tehuantepec, Salina Cruz, Huatulco, Pochutla<\/li><\/ul><\/li><li><a href=\"https:\/\/ventas.fypsa.com.mx\/\" target=\"_blank\" rel=\"noopener\">FYPSA<\/a><ul><li>Desde $700MXN viaje sencillo<\/li><\/ul><\/li><\/ul><div><p>Desde la CDMX por la costa (chilpancingo, Pinotepa Nacional, R\u00edo Grande, Puerto Escondido, Pochutla)<\/p><ul><li>Altamar<ul><li>Desde $1300 MXN viaje sencillo<\/li><\/ul><\/li><li>ETN \/ TURISTAR<ul><li>Desde $1565 MXN viaje sencillo<\/li><li><i>Esta es la opci\u00f3n m\u00e1s c\u00f3moda en autob\u00fas<\/i><\/li><\/ul><\/li><\/ul><\/div><h3>Llegando a Pochutla<\/h3><p>Puedes tomar un taxi colectivo a Zipolite que tiene un costo aproximado de $30MXN ($1 USD) y un tiempo aprox de 30minutos a 50minutos<\/p><p>O como opci\u00f3n 2, tomar unas camionetas por $12 MXN ($0.64 USD)<\/p>\t\t\t\t\t\t\t\t<\/div>\n\t\t\t\t<\/div>\n\t\t\t\t\t<\/div>\n\t\t<\/div>\n\t\t\t\t\t<\/div>\n\t\t<\/section>\n\t\t\t\t<section class=\"elementor-section elementor-top-section elementor-element elementor-element-5bbd2d49 elementor-section-height-min-height elementor-section-content-middle elementor-section-stretched elementor-section-full_width elementor-section-height-default elementor-section-items-middle\" data-id=\"5bbd2d49\" data-element_type=\"section\" data-e-type=\"section\" data-settings=\"{&quot;background_background&quot;:&quot;classic&quot;,&quot;stretch_section&quot;:&quot;section-stretched&quot;}\">\n\t\t\t\t\t\t\t<div class=\"elementor-background-overlay\"><\/div>\n\t\t\t\t\t\t\t<div class=\"elementor-container elementor-column-gap-default\">\n\t\t\t\t\t<div class=\"elementor-column elementor-col-100 elementor-top-column elementor-element elementor-element-5d2649\" data-id=\"5d2649\" data-element_type=\"column\" data-e-type=\"column\">\n\t\t\t<div class=\"elementor-widget-wrap elementor-element-populated\">\n\t\t\t\t\t\t<div class=\"elementor-element elementor-element-f9338fa elementor-widget elementor-widget-heading\" data-id=\"f9338fa\" data-element_type=\"widget\" data-e-type=\"widget\" data-widget_type=\"heading.default\">\n\t\t\t\t<div class=\"elementor-widget-container\">\n\t\t\t\t\t<p class=\"elementor-heading-title elementor-size-default\">hoteles<\/p>\t\t\t\t<\/div>\n\t\t\t\t<\/div>\n\t\t\t\t<div class=\"elementor-element elementor-element-20f88982 elementor-widget elementor-widget-heading\" data-id=\"20f88982\" data-element_type=\"widget\" data-e-type=\"widget\" data-widget_type=\"heading.default\">\n\t\t\t\t<div class=\"elementor-widget-container\">\n\t\t\t\t\t<p class=\"elementor-heading-title elementor-size-default\">\u00bfD\u00f3nde dormir en Zipolite?<\/p>\t\t\t\t<\/div>\n\t\t\t\t<\/div>\n\t\t\t\t<div class=\"elementor-element elementor-element-24769557 elementor-widget elementor-widget-text-editor\" data-id=\"24769557\" data-element_type=\"widget\" data-e-type=\"widget\" data-widget_type=\"text-editor.default\">\n\t\t\t\t<div class=\"elementor-widget-container\">\n\t\t\t\t\t\t\t\t\t<p>Conoce nuestras recomendaciones y hospedate con uno de nuestros asociados<\/p>\t\t\t\t\t\t\t\t<\/div>\n\t\t\t\t<\/div>\n\t\t\t\t<div class=\"elementor-element elementor-element-13754438 elementor-widget elementor-widget-button\" data-id=\"13754438\" data-element_type=\"widget\" data-e-type=\"widget\" data-widget_type=\"button.default\">\n\t\t\t\t<div class=\"elementor-widget-container\">\n\t\t\t\t\t\t\t\t\t<div class=\"elementor-button-wrapper\">\n\t\t\t\t\t<a class=\"elementor-button elementor-button-link elementor-size-sm elementor-animation-grow\" href=\"https:\/\/visitazipolite.com\/en\/hoteles\/\">\n\t\t\t\t\t\t<span class=\"elementor-button-content-wrapper\">\n\t\t\t\t\t\t<span class=\"elementor-button-icon\">\n\t\t\t\t<svg aria-hidden=\"true\" class=\"e-font-icon-svg e-fas-angle-double-right\" viewbox=\"0 0 448 512\" xmlns=\"http:\/\/www.w3.org\/2000\/svg\"><path d=\"M224.3 273l-136 136c-9.4 9.4-24.6 9.4-33.9 0l-22.6-22.6c-9.4-9.4-9.4-24.6 0-33.9l96.4-96.4-96.4-96.4c-9.4-9.4-9.4-24.6 0-33.9L54.3 103c9.4-9.4 24.6-9.4 33.9 0l136 136c9.5 9.4 9.5 24.6.1 34zm192-34l-136-136c-9.4-9.4-24.6-9.4-33.9 0l-22.6 22.6c-9.4 9.4-9.4 24.6 0 33.9l96.4 96.4-96.4 96.4c-9.4 9.4-9.4 24.6 0 33.9l22.6 22.6c9.4 9.4 24.6 9.4 33.9 0l136-136c9.4-9.2 9.4-24.4 0-33.8z\"><\/path><\/svg>\t\t\t<\/span>\n\t\t\t\t\t\t\t\t\t<span class=\"elementor-button-text\">Conoce m\u00e1s<\/span>\n\t\t\t\t\t<\/span>\n\t\t\t\t\t<\/a>\n\t\t\t\t<\/div>\n\t\t\t\t\t\t\t\t<\/div>\n\t\t\t\t<\/div>\n\t\t\t\t\t<\/div>\n\t\t<\/div>\n\t\t\t\t\t<\/div>\n\t\t<\/section>\n\t\t\t\t<\/div>","protected":false},"excerpt":{"rendered":"<p>Visita Zipolite \u00bfC\u00f3mo llegar a Zipolite? Te compartimos tres opciones para llegar a Zipolite, cualquiera de ellas se puede ajustar a tu presupuesto o tipo de viaje que quieras realizar.&nbsp; AVI\u00d3N Sin duda la forma m\u00e1s r\u00e1pida de llegar a Zipolite. Hay dos aeropuertos internacionales, Huatulco y Puerto Puerto Escondido. Descubre el aeropuerto m\u00e1s cercano [&hellip;]<\/p>\n","protected":false},"author":1,"featured_media":0,"parent":0,"menu_order":0,"comment_status":"closed","ping_status":"closed","template":"elementor_header_footer","meta":{"footnotes":""},"class_list":["post-5954","page","type-page","status-publish","hentry"],"yoast_head":"<!-- This site is optimized with the Yoast SEO plugin v26.9 - https:\/\/yoast.com\/product\/yoast-seo-wordpress\/ -->\n<title>Como llegar a Zipolite - Visita Zipolite<\/title>\n<meta name=\"description\" content=\"Opciones de como llegar a zipolite. Todos los caminos hac\u00eda Zipolite pasan por Pochutla. Conece las rutas que m\u00e1s se adapte a presupuesto.\" \/>\n<meta name=\"robots\" content=\"index, follow, max-snippet:-1, max-image-preview:large, max-video-preview:-1\" \/>\n<link rel=\"canonical\" href=\"https:\/\/visitazipolite.com\/en\/como-llegar-a-zipolite\/\" \/>\n<meta property=\"og:locale\" content=\"en_US\" \/>\n<meta property=\"og:type\" content=\"article\" \/>\n<meta property=\"og:title\" content=\"Como llegar a Zipolite - Visita Zipolite\" \/>\n<meta property=\"og:description\" content=\"Opciones de como llegar a zipolite. Todos los caminos hac\u00eda Zipolite pasan por Pochutla. Conece las rutas que m\u00e1s se adapte a presupuesto.\" \/>\n<meta property=\"og:url\" content=\"https:\/\/visitazipolite.com\/en\/como-llegar-a-zipolite\/\" \/>\n<meta property=\"og:site_name\" content=\"Visita Zipolite\" \/>\n<meta property=\"article:publisher\" content=\"https:\/\/www.facebook.com\/visitazipolite\/\" \/>\n<meta property=\"article:modified_time\" content=\"2025-02-18T17:49:29+00:00\" \/>\n<meta name=\"twitter:card\" content=\"summary_large_image\" \/>\n<meta name=\"twitter:site\" content=\"@Visita_Zipolite\" \/>\n<meta name=\"twitter:label1\" content=\"Est. reading time\" \/>\n\t<meta name=\"twitter:data1\" content=\"4 minutes\" \/>\n<!-- \/ Yoast SEO plugin. -->","yoast_head_json":{"title":"Como llegar a Zipolite - Visita Zipolite","description":"Opciones de como llegar a zipolite. Todos los caminos hac\u00eda Zipolite pasan por Pochutla. Conece las rutas que m\u00e1s se adapte a presupuesto.","robots":{"index":"index","follow":"follow","max-snippet":"max-snippet:-1","max-image-preview":"max-image-preview:large","max-video-preview":"max-video-preview:-1"},"canonical":"https:\/\/visitazipolite.com\/en\/como-llegar-a-zipolite\/","og_locale":"en_US","og_type":"article","og_title":"Como llegar a Zipolite - Visita Zipolite","og_description":"Opciones de como llegar a zipolite. Todos los caminos hac\u00eda Zipolite pasan por Pochutla. Conece las rutas que m\u00e1s se adapte a presupuesto.","og_url":"https:\/\/visitazipolite.com\/en\/como-llegar-a-zipolite\/","og_site_name":"Visita Zipolite","article_publisher":"https:\/\/www.facebook.com\/visitazipolite\/","article_modified_time":"2025-02-18T17:49:29+00:00","twitter_card":"summary_large_image","twitter_site":"@Visita_Zipolite","twitter_misc":{"Est. reading time":"4 minutes"},"schema":{"@context":"https:\/\/schema.org","@graph":[{"@type":"WebPage","@id":"https:\/\/visitazipolite.com\/como-llegar-a-zipolite\/","url":"https:\/\/visitazipolite.com\/como-llegar-a-zipolite\/","name":"Como llegar a Zipolite - Visita Zipolite","isPartOf":{"@id":"https:\/\/visitazipolite.com\/#website"},"datePublished":"2023-01-11T01:31:03+00:00","dateModified":"2025-02-18T17:49:29+00:00","description":"Opciones de como llegar a zipolite. Todos los caminos hac\u00eda Zipolite pasan por Pochutla. Conece las rutas que m\u00e1s se adapte a presupuesto.","breadcrumb":{"@id":"https:\/\/visitazipolite.com\/como-llegar-a-zipolite\/#breadcrumb"},"inLanguage":"en-US","potentialAction":[{"@type":"ReadAction","target":["https:\/\/visitazipolite.com\/como-llegar-a-zipolite\/"]}]},{"@type":"BreadcrumbList","@id":"https:\/\/visitazipolite.com\/como-llegar-a-zipolite\/#breadcrumb","itemListElement":[{"@type":"ListItem","position":1,"name":"Portada","item":"https:\/\/visitazipolite.com\/"},{"@type":"ListItem","position":2,"name":"Como llegar a Zipolite"}]},{"@type":"WebSite","@id":"https:\/\/visitazipolite.com\/#website","url":"https:\/\/visitazipolite.com\/","name":"Visita Zipolite","description":"Para\u00edso al Natural","publisher":{"@id":"https:\/\/visitazipolite.com\/#organization"},"potentialAction":[{"@type":"SearchAction","target":{"@type":"EntryPoint","urlTemplate":"https:\/\/visitazipolite.com\/?s={search_term_string}"},"query-input":{"@type":"PropertyValueSpecification","valueRequired":true,"valueName":"search_term_string"}}],"inLanguage":"en-US"},{"@type":"Organization","@id":"https:\/\/visitazipolite.com\/#organization","name":"Visita Zipolite","url":"https:\/\/visitazipolite.com\/","logo":{"@type":"ImageObject","inLanguage":"en-US","@id":"https:\/\/visitazipolite.com\/#\/schema\/logo\/image\/","url":"https:\/\/visitazipolite.com\/wp-content\/uploads\/2023\/01\/logo-visita-zipolite-200px.png","contentUrl":"https:\/\/visitazipolite.com\/wp-content\/uploads\/2023\/01\/logo-visita-zipolite-200px.png","width":500,"height":250,"caption":"Visita Zipolite"},"image":{"@id":"https:\/\/visitazipolite.com\/#\/schema\/logo\/image\/"},"sameAs":["https:\/\/www.facebook.com\/visitazipolite\/","https:\/\/x.com\/Visita_Zipolite","https:\/\/www.instagram.com\/visitazipolite\/"]}]}},"_links":{"self":[{"href":"https:\/\/visitazipolite.com\/en\/wp-json\/wp\/v2\/pages\/5954","targetHints":{"allow":["GET"]}}],"collection":[{"href":"https:\/\/visitazipolite.com\/en\/wp-json\/wp\/v2\/pages"}],"about":[{"href":"https:\/\/visitazipolite.com\/en\/wp-json\/wp\/v2\/types\/page"}],"author":[{"embeddable":true,"href":"https:\/\/visitazipolite.com\/en\/wp-json\/wp\/v2\/users\/1"}],"replies":[{"embeddable":true,"href":"https:\/\/visitazipolite.com\/en\/wp-json\/wp\/v2\/comments?post=5954"}],"version-history":[{"count":28,"href":"https:\/\/visitazipolite.com\/en\/wp-json\/wp\/v2\/pages\/5954\/revisions"}],"predecessor-version":[{"id":7729,"href":"https:\/\/visitazipolite.com\/en\/wp-json\/wp\/v2\/pages\/5954\/revisions\/7729"}],"wp:attachment":[{"href":"https:\/\/visitazipolite.com\/en\/wp-json\/wp\/v2\/media?parent=5954"}],"curies":[{"name":"wp","href":"https:\/\/api.w.org\/{rel}","templated":true}]}}